{"id":91,"date":"2023-03-07T16:54:12","date_gmt":"2023-03-07T16:54:12","guid":{"rendered":"https:\/\/www.expeditionkilimanjaro.com\/deutsch\/?page_id=91"},"modified":"2023-03-28T16:17:37","modified_gmt":"2023-03-28T15:17:37","slug":"safari","status":"publish","type":"page","link":"https:\/\/www.expeditionkilimanjaro.com\/deutsch\/safari\/","title":{"rendered":"F\u00fcge eine Safari zu deiner Expedition Kilimanjaro hinzu"},"content":{"rendered":"<p><img loading=\"lazy\" decoding=\"async\" class=\"aligncenter wp-image-3357\" src=\"https:\/\/www.expeditiekilimanjaro.nl\/wp-content\/uploads\/2023\/02\/safari-serengeti.jpg\" alt=\"\" width=\"808\" height=\"476\" \/><\/p>\n<h1><strong>Genie\u00dfe die Wildnis Tansanias mit einer unvergesslichen Safari!<\/strong><\/h1>\n<p>Klar, den Kilimandscharo in Tansania zu besteigen ist schon ein tolles Erlebnis. Aber <strong>wenn du schon mal da bist<\/strong>, warum nicht noch ein paar Tage dranh\u00e4ngen und die faszinierendsten Nationalparks Tansanias besuchen?<\/p>\n<p><img loading=\"lazy\" decoding=\"async\" class=\"alignright size-full wp-image-3294\" src=\"https:\/\/www.expeditiekilimanjaro.nl\/wp-content\/uploads\/2023\/02\/tan-nat-park-1.jpg\" alt=\"\" width=\"106\" height=\"119\" \/>F\u00fcr das ultimative Tansania-Safari-Paket habe ich Safaris zusammengestellt, die von einem malerischen Tagesausflug bis zu sechs unvergesslichen Tagen reichen. Sie bestehen aus Unterk\u00fcnften in komfortablen \u00d6ko-Lodges etwas au\u00dferhalb der Hauptparks und t\u00e4glichen Pirschfahrten durch mehrere Parks.<\/p>\n<h2><strong>Du kannst die Safari deiner Tr\u00e4ume zu deiner Expedition Kilimanjaro hinzuf\u00fcgen<\/strong><\/h2>\n<p>Die afrikanische Lebensart in den Nationalparks Tansanias erlebst du am besten, wenn du deine Expedition Kilimanjaro um eine Safari erg\u00e4nzt. Du kannst die Safari deiner Wahl vor oder nach der Besteigung machen und das Abenteuer deines Lebens noch verl\u00e4ngern.<\/p>\n<p><img loading=\"lazy\" decoding=\"async\" class=\"aligncenter size-full wp-image-3476\" src=\"https:\/\/www.expeditiekilimanjaro.nl\/wp-content\/uploads\/2023\/02\/safar-truck.jpg\" alt=\"\" width=\"850\" height=\"678\" \/><\/p>\n<h3><strong>Schritt 1: W\u00e4hle die Anzahl der Tage, an denen du auf Safari gehen m\u00f6chtest<\/strong><\/h3>\n<p>Du kannst Safaris w\u00e4hlen, die von einem Tagesausflug bis zu einem 6-t\u00e4gigen Abenteuer in der m\u00e4chtigen Serengeti reichen. Du kannst deine eigene Expedition und Safari planen, wann immer du willst, aber <strong>ein Minimum von 2 Personen ist immer erforderlich<\/strong>.<\/p>\n<p><strong>&gt;&gt; <span style=\"color: #ff0000;\"><a style=\"color: #ff0000;\" href=\"https:\/\/www.expeditionkilimanjaro.com\/deutsch\/nationalparks\/\">Lies hier alles \u00fcber die verschiedenen Nationalparks<\/a>.<\/span><\/strong><\/p>\n<blockquote><p>1-Tages-Safari: Tagesausflug durch den Arusha-Nationalpark &#8211; <strong>US$375 <\/strong>p.p.<br \/>\n2-Tages-Safari zum Lake Manyara und dem Ngorongoro-Krater &#8211; <strong>US$799 <\/strong>p.p.<br \/>\n3-Tages-Safari nach Tarangire, Ngorongoro-Krater und Lake Manyara &#8211; <strong>US$1285 <\/strong>p.p.<br \/>\n4-t\u00e4gige Safari: Lake Manyara, die Serengeti und der Ngorongoro-Krater &#8211; <strong>US$1775 <\/strong> p.p.<br \/>\n5-t\u00e4gige Safari: <strong>Option 1 &#8211; $2125<\/strong> p.P., <strong>Option 2 &#8211; US$2099<\/strong> p.p.<br \/>\n6-t\u00e4gige Safari nach Tarangire, Lake Manyara, in die Serengeti und den Ngorongoro-Krater &#8211; <strong>US$2690<\/strong> p.p.<\/p><\/blockquote>\n<p><img loading=\"lazy\" decoding=\"async\" class=\" wp-image-3292 aligncenter\" src=\"https:\/\/www.expeditiekilimanjaro.nl\/wp-content\/uploads\/2023\/02\/cover-wide.jpg\" alt=\"\" width=\"817\" height=\"203\" \/><\/p>\n<h3><strong>Auf Safari zu gehen ist wie ein wahr gewordener Traum<\/strong><\/h3>\n<p><img loading=\"lazy\" decoding=\"async\" class=\"alignright size-full wp-image-3293\" src=\"https:\/\/www.expeditiekilimanjaro.nl\/wp-content\/uploads\/2023\/02\/safari-swahili.png\" alt=\"\" width=\"140\" height=\"145\" \/>Die Stra\u00dfe kann sehr holprig sein und es kann extrem hei\u00df und staubig sein. Aber es lohnt sich auf jeden Fall, wenn man sich in den verschiedenen Nationalparks Tansanias umschaut. Man wird sicherlich Hunderte von Tieren und V\u00f6geln in ihrem nat\u00fcrlichen Lebensraum sehen, die sch\u00f6nsten Sonnenunterg\u00e4nge genie\u00dfen, die endlosen Ebenen der Serengeti, die Wunder von Tarangire, die Sch\u00f6nheit des Manyara-Sees und den Zauber der Morgend\u00e4mmerung \u00fcber dem Ngorongoro-Krater.<\/p>\n<p>Reise mit meinen erfahrenen Guides in einem Allradfahrzeug zu Tansanias weltber\u00fchmten Wildparks. Und nat\u00fcrlich bekommt jeder einen Fensterplatz.<\/p>\n<h2><strong>Was ist bei jeder Safari enthalten?<\/strong><\/h2>\n<p>Jede Safari beinhaltet Folgendes:<br \/>\n&#8211; Alle notwendigen Parkgenehmigungen<br \/>\n&#8211; Unterkunft in einem lokalen Hotel in Arusha (letzte Nacht bei mehrt\u00e4gigen Safaris)<br \/>\n&#8211; Unterkunft w\u00e4hrend der Safari<br \/>\n&#8211; <strong>Alle Mahlzeiten<\/strong> w\u00e4hrend der Safari<br \/>\n&#8211; 4&#215;4 Fahrzeug mit Aufstelldach<br \/>\n&#8211; Trinkwasser w\u00e4hrend der Safari<br \/>\n&#8211; Englisch sprechender Fahrer\/Guide<\/p>\n<hr \/>\n<h3><a name=\"\u00dcbersicht\"><\/a><strong>Sehen Sie sich hier den Tagesplan an f\u00fcr:<\/strong><\/h3>\n<p><a href=\"https:\/\/www.expeditionkilimanjaro.com\/deutsch\/1-tag-safari\/\">1 Tag<\/a> \/\/ <a href=\"https:\/\/www.expeditionkilimanjaro.com\/deutsch\/2-tage-safari\/\">2 Tage<\/a> \/\/ <a href=\"https:\/\/www.expeditionkilimanjaro.com\/deutsch\/3-tage-safari\/\">3 Tage<\/a> \/\/ <a href=\"https:\/\/www.expeditionkilimanjaro.com\/deutsch\/4-tage-safari\/\">4 Tage<\/a> \/\/ <a href=\"https:\/\/www.expeditionkilimanjaro.com\/deutsch\/5-tage-safari\/\">5 Tage<\/a> \/\/ <a href=\"https:\/\/www.expeditionkilimanjaro.com\/deutsch\/6-tage-safari\/\">6 Tage<\/a><\/p>\n<h3><strong>Schritt 2: F\u00fcge deine Wunschsafari zu deiner Expedition Kilimanjaro mit <a href=\"https:\/\/www.expeditionkilimanjaro.com\/deutsch\/reservation\">Deine Reservierung hier<\/a> hinzu.<\/strong><\/h3>\n<p><img loading=\"lazy\" decoding=\"async\" class=\"aligncenter size-full wp-image-174\" src=\"https:\/\/www.expeditionkilimanjaro.com\/wp-content\/uploads\/2023\/02\/safari.jpg\" alt=\"F\u00fcge eine Safari zu deiner Expedition Kilimanjaro hinzu und genie\u00dfe den Serengeti-Nationalpark.\" width=\"1588\" height=\"834\" \/><\/p>\n","protected":false},"excerpt":{"rendered":"<p>Genie\u00dfe die Wildnis Tansanias mit einer unvergesslichen Safari! Klar, den Kilimandscharo in Tansania zu besteigen ist schon ein tolles Erlebnis. Aber wenn du schon mal da bist, warum nicht noch ein paar&#8230;<\/p>\n","protected":false},"author":1,"featured_media":0,"parent":0,"menu_order":0,"comment_status":"closed","ping_status":"closed","template":"","meta":{"footnotes":""},"class_list":["post-91","page","type-page","status-publish","hentry"],"yoast_head":"<!-- This site is optimized with the Yoast SEO plugin v20.12 - https:\/\/yoast.com\/wordpress\/plugins\/seo\/ -->\n<title>F\u00fcge eine Safari zu deiner Expedition Kilimanjaro hinzu | Expedition Kilimanjaro - Besteige den Kilimandscharo, Afrikas h\u00f6chsten Berg!<\/title>\n<meta name=\"description\" content=\"Ramon Stoppelenburg offeriert eine 11-t\u00e4gige Besteigung des Kilimandscharo inklusive 4 Hotel\u00fcbernachtungen f\u00fcr nur US$ 1.999 p.P.. Dieses Angebot finden Sie sonst nirgendwo!\" \/>\n<meta name=\"robots\" content=\"index, follow, max-snippet:-1, max-image-preview:large, max-video-preview:-1\" \/>\n<link rel=\"canonical\" href=\"https:\/\/www.expeditionkilimanjaro.com\/deutsch\/safari\/\" \/>\n<meta property=\"og:locale\" content=\"en_GB\" \/>\n<meta property=\"og:type\" content=\"article\" \/>\n<meta property=\"og:title\" content=\"F\u00fcge eine Safari zu deiner Expedition Kilimanjaro hinzu | Expedition Kilimanjaro - Besteige den Kilimandscharo, Afrikas h\u00f6chsten Berg!\" \/>\n<meta property=\"og:description\" content=\"Ramon Stoppelenburg offeriert eine 11-t\u00e4gige Besteigung des Kilimandscharo inklusive 4 Hotel\u00fcbernachtungen f\u00fcr nur US$ 1.999 p.P.. Dieses Angebot finden Sie sonst nirgendwo!\" \/>\n<meta property=\"og:url\" content=\"https:\/\/www.expeditionkilimanjaro.com\/deutsch\/safari\/\" \/>\n<meta property=\"og:site_name\" content=\"Expedition Kilimanjaro - Besteige den Kilimandscharo, Afrikas h\u00f6chsten Berg!\" \/>\n<meta property=\"article:publisher\" content=\"https:\/\/www.facebook.com\/ExpeditionKilimanjaro\" \/>\n<meta property=\"article:modified_time\" content=\"2023-03-28T15:17:37+00:00\" \/>\n<meta property=\"og:image\" content=\"https:\/\/www.expeditiekilimanjaro.nl\/wp-content\/uploads\/2023\/02\/safari-serengeti.jpg\" \/>\n<meta name=\"twitter:card\" content=\"summary_large_image\" \/>\n<meta name=\"twitter:label1\" content=\"Estimated reading time\" \/>\n\t<meta name=\"twitter:data1\" content=\"4 minutes\" \/>\n<script type=\"application\/ld+json\" class=\"yoast-schema-graph\">{\"@context\":\"https:\/\/schema.org\",\"@graph\":[{\"@type\":\"WebPage\",\"@id\":\"https:\/\/www.expeditionkilimanjaro.com\/deutsch\/safari\/\",\"url\":\"https:\/\/www.expeditionkilimanjaro.com\/deutsch\/safari\/\",\"name\":\"F\u00fcge eine Safari zu deiner Expedition Kilimanjaro hinzu | Expedition Kilimanjaro - Besteige den Kilimandscharo, Afrikas h\u00f6chsten Berg!\",\"isPartOf\":{\"@id\":\"https:\/\/www.expeditionkilimanjaro.com\/deutsch\/#website\"},\"datePublished\":\"2023-03-07T16:54:12+00:00\",\"dateModified\":\"2023-03-28T15:17:37+00:00\",\"description\":\"Ramon Stoppelenburg offeriert eine 11-t\u00e4gige Besteigung des Kilimandscharo inklusive 4 Hotel\u00fcbernachtungen f\u00fcr nur US$ 1.999 p.P.. Dieses Angebot finden Sie sonst nirgendwo!\",\"breadcrumb\":{\"@id\":\"https:\/\/www.expeditionkilimanjaro.com\/deutsch\/safari\/#breadcrumb\"},\"inLanguage\":\"en-GB\",\"potentialAction\":[{\"@type\":\"ReadAction\",\"target\":[\"https:\/\/www.expeditionkilimanjaro.com\/deutsch\/safari\/\"]}]},{\"@type\":\"BreadcrumbList\",\"@id\":\"https:\/\/www.expeditionkilimanjaro.com\/deutsch\/safari\/#breadcrumb\",\"itemListElement\":[{\"@type\":\"ListItem\",\"position\":1,\"name\":\"Home\",\"item\":\"https:\/\/www.expeditionkilimanjaro.com\/deutsch\/\"},{\"@type\":\"ListItem\",\"position\":2,\"name\":\"F\u00fcge eine Safari zu deiner Expedition Kilimanjaro hinzu\"}]},{\"@type\":\"WebSite\",\"@id\":\"https:\/\/www.expeditionkilimanjaro.com\/deutsch\/#website\",\"url\":\"https:\/\/www.expeditionkilimanjaro.com\/deutsch\/\",\"name\":\"Expedition Kilimanjaro - Besteige den Kilimandscharo, Afrikas h\u00f6chsten Berg!\",\"description\":\"Das Abenteuer deines Lebens\",\"publisher\":{\"@id\":\"https:\/\/www.expeditionkilimanjaro.com\/deutsch\/#organization\"},\"alternateName\":\"Ramon Stoppelenburg's Expedition Kilimanjaro\",\"potentialAction\":[{\"@type\":\"SearchAction\",\"target\":{\"@type\":\"EntryPoint\",\"urlTemplate\":\"https:\/\/www.expeditionkilimanjaro.com\/deutsch\/?s={search_term_string}\"},\"query-input\":\"required name=search_term_string\"}],\"inLanguage\":\"en-GB\"},{\"@type\":\"Organization\",\"@id\":\"https:\/\/www.expeditionkilimanjaro.com\/deutsch\/#organization\",\"name\":\"Ramon Stoppelenburg's Expedition Kilimanjaro\",\"alternateName\":\"Expedition Kilimanjaro Ltd.\",\"url\":\"https:\/\/www.expeditionkilimanjaro.com\/deutsch\/\",\"logo\":{\"@type\":\"ImageObject\",\"inLanguage\":\"en-GB\",\"@id\":\"https:\/\/www.expeditionkilimanjaro.com\/deutsch\/#\/schema\/logo\/image\/\",\"url\":\"https:\/\/www.expeditionkilimanjaro.com\/deutsch\/wp-content\/uploads\/2023\/05\/logo-german-met-tekst.png\",\"contentUrl\":\"https:\/\/www.expeditionkilimanjaro.com\/deutsch\/wp-content\/uploads\/2023\/05\/logo-german-met-tekst.png\",\"width\":517,\"height\":320,\"caption\":\"Ramon Stoppelenburg's Expedition Kilimanjaro\"},\"image\":{\"@id\":\"https:\/\/www.expeditionkilimanjaro.com\/deutsch\/#\/schema\/logo\/image\/\"},\"sameAs\":[\"https:\/\/www.facebook.com\/ExpeditionKilimanjaro\"]}]}<\/script>\n<!-- \/ Yoast SEO plugin. -->","yoast_head_json":{"title":"F\u00fcge eine Safari zu deiner Expedition Kilimanjaro hinzu | Expedition Kilimanjaro - Besteige den Kilimandscharo, Afrikas h\u00f6chsten Berg!","description":"Ramon Stoppelenburg offeriert eine 11-t\u00e4gige Besteigung des Kilimandscharo inklusive 4 Hotel\u00fcbernachtungen f\u00fcr nur US$ 1.999 p.P.. Dieses Angebot finden Sie sonst nirgendwo!","robots":{"index":"index","follow":"follow","max-snippet":"max-snippet:-1","max-image-preview":"max-image-preview:large","max-video-preview":"max-video-preview:-1"},"canonical":"https:\/\/www.expeditionkilimanjaro.com\/deutsch\/safari\/","og_locale":"en_GB","og_type":"article","og_title":"F\u00fcge eine Safari zu deiner Expedition Kilimanjaro hinzu | Expedition Kilimanjaro - Besteige den Kilimandscharo, Afrikas h\u00f6chsten Berg!","og_description":"Ramon Stoppelenburg offeriert eine 11-t\u00e4gige Besteigung des Kilimandscharo inklusive 4 Hotel\u00fcbernachtungen f\u00fcr nur US$ 1.999 p.P.. Dieses Angebot finden Sie sonst nirgendwo!","og_url":"https:\/\/www.expeditionkilimanjaro.com\/deutsch\/safari\/","og_site_name":"Expedition Kilimanjaro - Besteige den Kilimandscharo, Afrikas h\u00f6chsten Berg!","article_publisher":"https:\/\/www.facebook.com\/ExpeditionKilimanjaro","article_modified_time":"2023-03-28T15:17:37+00:00","og_image":[{"url":"https:\/\/www.expeditiekilimanjaro.nl\/wp-content\/uploads\/2023\/02\/safari-serengeti.jpg"}],"twitter_card":"summary_large_image","twitter_misc":{"Estimated reading time":"4 minutes"},"schema":{"@context":"https:\/\/schema.org","@graph":[{"@type":"WebPage","@id":"https:\/\/www.expeditionkilimanjaro.com\/deutsch\/safari\/","url":"https:\/\/www.expeditionkilimanjaro.com\/deutsch\/safari\/","name":"F\u00fcge eine Safari zu deiner Expedition Kilimanjaro hinzu | Expedition Kilimanjaro - Besteige den Kilimandscharo, Afrikas h\u00f6chsten Berg!","isPartOf":{"@id":"https:\/\/www.expeditionkilimanjaro.com\/deutsch\/#website"},"datePublished":"2023-03-07T16:54:12+00:00","dateModified":"2023-03-28T15:17:37+00:00","description":"Ramon Stoppelenburg offeriert eine 11-t\u00e4gige Besteigung des Kilimandscharo inklusive 4 Hotel\u00fcbernachtungen f\u00fcr nur US$ 1.999 p.P.. Dieses Angebot finden Sie sonst nirgendwo!","breadcrumb":{"@id":"https:\/\/www.expeditionkilimanjaro.com\/deutsch\/safari\/#breadcrumb"},"inLanguage":"en-GB","potentialAction":[{"@type":"ReadAction","target":["https:\/\/www.expeditionkilimanjaro.com\/deutsch\/safari\/"]}]},{"@type":"BreadcrumbList","@id":"https:\/\/www.expeditionkilimanjaro.com\/deutsch\/safari\/#breadcrumb","itemListElement":[{"@type":"ListItem","position":1,"name":"Home","item":"https:\/\/www.expeditionkilimanjaro.com\/deutsch\/"},{"@type":"ListItem","position":2,"name":"F\u00fcge eine Safari zu deiner Expedition Kilimanjaro hinzu"}]},{"@type":"WebSite","@id":"https:\/\/www.expeditionkilimanjaro.com\/deutsch\/#website","url":"https:\/\/www.expeditionkilimanjaro.com\/deutsch\/","name":"Expedition Kilimanjaro - Besteige den Kilimandscharo, Afrikas h\u00f6chsten Berg!","description":"Das Abenteuer deines Lebens","publisher":{"@id":"https:\/\/www.expeditionkilimanjaro.com\/deutsch\/#organization"},"alternateName":"Ramon Stoppelenburg's Expedition Kilimanjaro","potentialAction":[{"@type":"SearchAction","target":{"@type":"EntryPoint","urlTemplate":"https:\/\/www.expeditionkilimanjaro.com\/deutsch\/?s={search_term_string}"},"query-input":"required name=search_term_string"}],"inLanguage":"en-GB"},{"@type":"Organization","@id":"https:\/\/www.expeditionkilimanjaro.com\/deutsch\/#organization","name":"Ramon Stoppelenburg's Expedition Kilimanjaro","alternateName":"Expedition Kilimanjaro Ltd.","url":"https:\/\/www.expeditionkilimanjaro.com\/deutsch\/","logo":{"@type":"ImageObject","inLanguage":"en-GB","@id":"https:\/\/www.expeditionkilimanjaro.com\/deutsch\/#\/schema\/logo\/image\/","url":"https:\/\/www.expeditionkilimanjaro.com\/deutsch\/wp-content\/uploads\/2023\/05\/logo-german-met-tekst.png","contentUrl":"https:\/\/www.expeditionkilimanjaro.com\/deutsch\/wp-content\/uploads\/2023\/05\/logo-german-met-tekst.png","width":517,"height":320,"caption":"Ramon Stoppelenburg's Expedition Kilimanjaro"},"image":{"@id":"https:\/\/www.expeditionkilimanjaro.com\/deutsch\/#\/schema\/logo\/image\/"},"sameAs":["https:\/\/www.facebook.com\/ExpeditionKilimanjaro"]}]}},"_links":{"self":[{"href":"https:\/\/www.expeditionkilimanjaro.com\/deutsch\/wp-json\/wp\/v2\/pages\/91","targetHints":{"allow":["GET"]}}],"collection":[{"href":"https:\/\/www.expeditionkilimanjaro.com\/deutsch\/wp-json\/wp\/v2\/pages"}],"about":[{"href":"https:\/\/www.expeditionkilimanjaro.com\/deutsch\/wp-json\/wp\/v2\/types\/page"}],"author":[{"embeddable":true,"href":"https:\/\/www.expeditionkilimanjaro.com\/deutsch\/wp-json\/wp\/v2\/users\/1"}],"replies":[{"embeddable":true,"href":"https:\/\/www.expeditionkilimanjaro.com\/deutsch\/wp-json\/wp\/v2\/comments?post=91"}],"version-history":[{"count":6,"href":"https:\/\/www.expeditionkilimanjaro.com\/deutsch\/wp-json\/wp\/v2\/pages\/91\/revisions"}],"predecessor-version":[{"id":179,"href":"https:\/\/www.expeditionkilimanjaro.com\/deutsch\/wp-json\/wp\/v2\/pages\/91\/revisions\/179"}],"wp:attachment":[{"href":"https:\/\/www.expeditionkilimanjaro.com\/deutsch\/wp-json\/wp\/v2\/media?parent=91"}],"curies":[{"name":"wp","href":"https:\/\/api.w.org\/{rel}","templated":true}]}}