{"id":79,"date":"2023-03-07T16:32:47","date_gmt":"2023-03-07T16:32:47","guid":{"rendered":"https:\/\/www.expeditionkilimanjaro.com\/deutsch\/?page_id=79"},"modified":"2024-06-06T10:56:44","modified_gmt":"2024-06-06T09:56:44","slug":"uber","status":"publish","type":"page","link":"https:\/\/www.expeditionkilimanjaro.com\/deutsch\/uber\/","title":{"rendered":"\u00dcber die Organisation"},"content":{"rendered":"<h3>Willkommen bei <b>Ramon Stoppelenburgs Expedition Kilimanjaro<\/b><\/h3>\n<p><center><img loading=\"lazy\" decoding=\"async\" src=\"https:\/\/www.expeditiekilimanjaro.nl\/wp-content\/uploads\/2022\/05\/welcome-img.png\" alt=\"\" width=\"588\" height=\"619\" \/><\/center><\/p>\n<h1>Wer ist Ramon Stoppelenburg?<\/h1>\n<p>Geboren in den Niederlanden, bin ich im indonesischen Jakarta aufgewachsen und wei\u00df seitdem, dass das <em>Gras anderswo immer gr\u00fcner ist<\/em>. Ich bin mit dem Reisefieber infiziert.<\/p>\n<p>Mit meiner Website <a href=\"http:\/\/www.letmestayforaday.com\" target=\"_blank\" rel=\"noopener\"><strong>Letmestayforaday.com<\/strong><\/a> <a href=\"https:\/\/www.welt.de\/print-welt\/article683127\/Cyber-Schnorrer-auf-Weltreise.html\" rel=\"noopener\" target=\"_blank\">reiste ich als Journalismus-Student kostenlos um die Welt<\/a> und schrieb 2004 das gleichnamige <a href=\"https:\/\/www.bol.com\/nl\/nl\/c\/r-stoppelenburg\/9011168\/\" target=\"_blank\" rel=\"noopener\"><strong>Buch<\/strong><\/a> (auf Niederl\u00e4ndisch, sorry) dar\u00fcber. Im Jahr 2017 wurde dieses Projekt sogar zum <strong>UNESCO Digital Heritage<\/strong> erkl\u00e4rt.<\/p>\n<p>Danach wurde ich <strong>Pubmanager<\/strong>\u00a0in Zwolle, und professionelle <strong>Entspannungsmasseur<\/strong>. In der Zwischenzeit moderierte ich die w\u00f6chentliche Reisesendung <em>Weg met BNN <\/em>beim niederl\u00e4ndischen NPO <strong>Radio <\/strong>1.<\/p>\n<p>Im Juni 2008 stellte ich die literarische <strong>Geschichtensammlung <\/strong><em><a href=\"https:\/\/www.bol.com\/nl\/nl\/p\/fasten-your-seat-belt\/1001004005989228\/\" target=\"_blank\" rel=\"noopener\">Fasten Your Seat Belt!<\/a><\/em> mit neuen Kurzgeschichten \u00fcber das Fliegen von jungen niederl\u00e4ndischen Schriftstellern zusammen.<\/p>\n<p>Als <strong>Freelancer<\/strong> im Bereich Marketing und Medien habe ich unter anderem f\u00fcr den ANWB, das REIZEN Magazine, den Verlag Nijgh &amp; Van Ditmar, HCC, Transavia.com, UWV, TNO, DHL, Loyalis, den Aids Fund, TNT Express, AGIS Zorgverzekeringen, die Dutch Bloggies, Foreign Media Books und deren Imprint TradeMark, den Verlag Mouria, Max Models, das Columbus Magazine, Arnon Grunberg und die Nationale Toneel gearbeitet.<\/p>\n<p>Von 2011 bis 2022 lebte ich in der kambodschanischen Hauptstadt <strong>Phnom Penh<\/strong>, wo ich ein Trio erfolgreicher Arthouse-Filmh\u00e4user leitete. Leider bereiteten die Pandemie und das derzeitige diktatorische Regime diesem Abenteuer ein Ende.<\/p>\n<p>Nachdem ich in Tiflis eine <strong>Tassenb\u00e4ckerei<\/strong> er\u00f6ffnet hatte, reiste ich weiter nach Casablanca und blieb schlie\u00dflich in Lissabon h\u00e4ngen, wo ich jetzt wohne. <\/p>\n<h2>Du verstehst schon: Ich mag es nicht, still zu sitzen.<\/h2>\n<blockquote><p><strong>Aber es war im Juni 2008, als ich zum ersten Mal selbst den Kilimandscharo bestieg<\/strong>. Ich war der Meinung, dass eine solche Besteigung f\u00fcr jeden machbar sein sollte (mit ein bisschen Fitness). <strong>Expedition Kilimanjaro<\/strong> war geboren!<\/p><\/blockquote>\n<p><img loading=\"lazy\" decoding=\"async\" class=\"size-full wp-image-140\" src=\"https:\/\/www.expeditionkilimanjaro.com\/wp-content\/uploads\/2023\/02\/ramon-stoppelenburg-on-mount-kilimanjaro.jpg\" alt=\"\" width=\"850\" height=\"377\" \/><\/p>\n<p>Seitdem bin ich mit vielen Gruppen auf dem Berg gewesen und habe ein tolles Team aus professionellen und zuverl\u00e4ssigen Guides, Tr\u00e4gern und K\u00f6chen aufgebaut. Dieses Team ist immer bereit f\u00fcr die n\u00e4chste Expedition Kilimanjaro.<\/p>\n<hr \/>\n<h1><b>Die Kilimanjaro Expedition wird auf Deutsch vertreten durch Katell Nicoux<\/b><\/h1>\n<p>Aus einer Familie stammend, die durch die Bretagne, Quebec und Madagaskar gereist ist, hat <strong>Katell <\/strong> schon in jungen Jahren eine bedingungslose Liebe zum Reisen geerbt. So erkundete sie im Laufe ihrer akademischen und beruflichen Laufbahn verschiedene Regionen Frankreichs und Europas, was ihre Neugierde und ihren Wunsch, neue Kulturen zu entdecken, n\u00e4hrte. Schlie\u00dflich wurde ihre Leidenschaft f\u00fcr das Reisen zu einer Selbstverst\u00e4ndlichkeit und sie entschied sich daf\u00fcr, ihre Leidenschaft zum Beruf zu machen.<\/p>\n<p><img loading=\"lazy\" decoding=\"async\" class=\"alignnone size-full wp-image-97\" src=\"https:\/\/expeditionkilimanjaro.com\/fr\/wp-content\/uploads\/2023\/03\/katell_nicoux.jpg\" alt=\"\" width=\"850\" height=\"375\" \/><\/p>\n<p>Als dreisprachige Reiseexpertin kann sie ihr Wissen auf Franz\u00f6sisch, Englisch und Spanisch weitergeben, was die Kommunikation mit Reisenden aus der ganzen Welt erleichtert. Ihre grosse Begeisterung ist die Besteigung des Kilimandscharo, eine der symboltr\u00e4chtigsten Herausforderungen Afrikas. Sie wird ihre Erfahrung und ihr Wissen gerne mit dir teilen, um dir bei der Vorbereitung deiner eigenen Besteigung zu helfen, alle deine Fragen in deiner eigenen Sprache zu beantworten und dir wertvolle Tipps zu geben, damit du eine unvergessliche Erfahrung machen kannst..<\/p>\n<hr \/>\n<h3><b>Andere Details<\/b><\/h3>\n<p><img decoding=\"async\" style=\"padding-right: 9px;\" src=\"http:\/\/asiabc.com.hk\/wp-content\/uploads\/cr-ird-incorporation-hkg.png\" width=\"41px\" align=\"left\" \/><strong>Expedition Kilimanjaro<\/strong> ist als offizieller internationaler Handelsname unter &#8220;Ramon Stoppelenburg Enterprises Ltd&#8221; beim Companies Registry in <b>Hong Kong<\/b> mit der Registrierungsnummer <code>1523410<\/code> eingetragen.<\/p>\n<p><img loading=\"lazy\" decoding=\"async\" class=\"alignleft size-full wp-image-3417\" src=\"https:\/\/www.expeditiekilimanjaro.nl\/wp-content\/uploads\/2023\/02\/Rabobank_Logo-1.png\" alt=\"\" width=\"45\" height=\"54\" \/>Internationale Bankkontonummer (IBAN):<br \/>\n<b>NL03 RABO 0361 9046 73<\/b><br \/>\nRabobank, Die Niederlande<\/p>\n<h2 style=\"padding-left: 75px;\">Reisebedingungen<\/h2>\n<p style=\"padding-left: 75px;\">Die <strong>Expedition Kilimanjaro<\/strong> wird in \u00dcbereinstimmung mit den <a href=\"https:\/\/www.expeditionkilimanjaro.com\/deutsch\/reisebedingungen\/\">Allgemeinen Reisebedingungen<\/a> durchgef\u00fchrt, wie sie auf dieser Website dargelegt sind.<\/p>\n<p style=\"padding-left: 75px;\">Lesen Sie immer <a href=\"https:\/\/www.expeditionkilimanjaro.com\/deutsch\/reisebedingungen\/\">diese Allgemeinen Gesch\u00e4ftsbedingungen<\/a>, bevor Sie eine Reise buchen.<\/p>\n<p><img loading=\"lazy\" decoding=\"async\" class=\"alignnone size-full wp-image-3382\" src=\"https:\/\/www.expeditiekilimanjaro.nl\/wp-content\/uploads\/2023\/02\/hand-drawn-mountain-peak-vector-illustration-african-kilimanjaro-ink-drawing-graphic-style-perfect-travel-sport-92703409.jpg\" alt=\"\" width=\"800\" height=\"533\" \/><\/p>\n","protected":false},"excerpt":{"rendered":"<p>Willkommen bei Ramon Stoppelenburgs Expedition Kilimanjaro Wer ist Ramon Stoppelenburg? Geboren in den Niederlanden, bin ich im indonesischen Jakarta aufgewachsen und wei\u00df seitdem, dass das Gras anderswo immer gr\u00fcner ist. Ich bin&#8230;<\/p>\n","protected":false},"author":1,"featured_media":0,"parent":0,"menu_order":0,"comment_status":"closed","ping_status":"closed","template":"","meta":{"footnotes":""},"class_list":["post-79","page","type-page","status-publish","hentry"],"yoast_head":"<!-- This site is optimized with the Yoast SEO plugin v20.12 - https:\/\/yoast.com\/wordpress\/plugins\/seo\/ -->\n<title>\u00dcber die Organisation | Expedition Kilimanjaro - Besteige den Kilimandscharo, Afrikas h\u00f6chsten Berg!<\/title>\n<meta name=\"description\" content=\"Ramon Stoppelenburg offeriert eine 11-t\u00e4gige Besteigung des Kilimandscharo inklusive 4 Hotel\u00fcbernachtungen f\u00fcr nur US$ 1.999 p.P.. Dieses Angebot finden Sie sonst nirgendwo!\" \/>\n<meta name=\"robots\" content=\"index, follow, max-snippet:-1, max-image-preview:large, max-video-preview:-1\" \/>\n<link rel=\"canonical\" href=\"https:\/\/www.expeditionkilimanjaro.com\/deutsch\/uber\/\" \/>\n<meta property=\"og:locale\" content=\"en_GB\" \/>\n<meta property=\"og:type\" content=\"article\" \/>\n<meta property=\"og:title\" content=\"\u00dcber die Organisation | Expedition Kilimanjaro - Besteige den Kilimandscharo, Afrikas h\u00f6chsten Berg!\" \/>\n<meta property=\"og:description\" content=\"Ramon Stoppelenburg offeriert eine 11-t\u00e4gige Besteigung des Kilimandscharo inklusive 4 Hotel\u00fcbernachtungen f\u00fcr nur US$ 1.999 p.P.. Dieses Angebot finden Sie sonst nirgendwo!\" \/>\n<meta property=\"og:url\" content=\"https:\/\/www.expeditionkilimanjaro.com\/deutsch\/uber\/\" \/>\n<meta property=\"og:site_name\" content=\"Expedition Kilimanjaro - Besteige den Kilimandscharo, Afrikas h\u00f6chsten Berg!\" \/>\n<meta property=\"article:publisher\" content=\"https:\/\/www.facebook.com\/ExpeditionKilimanjaro\" \/>\n<meta property=\"article:modified_time\" content=\"2024-06-06T09:56:44+00:00\" \/>\n<meta property=\"og:image\" content=\"https:\/\/www.expeditiekilimanjaro.nl\/wp-content\/uploads\/2022\/05\/welcome-img.png\" \/>\n<meta name=\"twitter:card\" content=\"summary_large_image\" \/>\n<meta name=\"twitter:label1\" content=\"Estimated reading time\" \/>\n\t<meta name=\"twitter:data1\" content=\"4 minutes\" \/>\n<script type=\"application\/ld+json\" class=\"yoast-schema-graph\">{\"@context\":\"https:\/\/schema.org\",\"@graph\":[{\"@type\":\"WebPage\",\"@id\":\"https:\/\/www.expeditionkilimanjaro.com\/deutsch\/uber\/\",\"url\":\"https:\/\/www.expeditionkilimanjaro.com\/deutsch\/uber\/\",\"name\":\"\u00dcber die Organisation | Expedition Kilimanjaro - Besteige den Kilimandscharo, Afrikas h\u00f6chsten Berg!\",\"isPartOf\":{\"@id\":\"https:\/\/www.expeditionkilimanjaro.com\/deutsch\/#website\"},\"datePublished\":\"2023-03-07T16:32:47+00:00\",\"dateModified\":\"2024-06-06T09:56:44+00:00\",\"description\":\"Ramon Stoppelenburg offeriert eine 11-t\u00e4gige Besteigung des Kilimandscharo inklusive 4 Hotel\u00fcbernachtungen f\u00fcr nur US$ 1.999 p.P.. Dieses Angebot finden Sie sonst nirgendwo!\",\"breadcrumb\":{\"@id\":\"https:\/\/www.expeditionkilimanjaro.com\/deutsch\/uber\/#breadcrumb\"},\"inLanguage\":\"en-GB\",\"potentialAction\":[{\"@type\":\"ReadAction\",\"target\":[\"https:\/\/www.expeditionkilimanjaro.com\/deutsch\/uber\/\"]}]},{\"@type\":\"BreadcrumbList\",\"@id\":\"https:\/\/www.expeditionkilimanjaro.com\/deutsch\/uber\/#breadcrumb\",\"itemListElement\":[{\"@type\":\"ListItem\",\"position\":1,\"name\":\"Home\",\"item\":\"https:\/\/www.expeditionkilimanjaro.com\/deutsch\/\"},{\"@type\":\"ListItem\",\"position\":2,\"name\":\"\u00dcber die Organisation\"}]},{\"@type\":\"WebSite\",\"@id\":\"https:\/\/www.expeditionkilimanjaro.com\/deutsch\/#website\",\"url\":\"https:\/\/www.expeditionkilimanjaro.com\/deutsch\/\",\"name\":\"Expedition Kilimanjaro - Besteige den Kilimandscharo, Afrikas h\u00f6chsten Berg!\",\"description\":\"Das Abenteuer deines Lebens\",\"publisher\":{\"@id\":\"https:\/\/www.expeditionkilimanjaro.com\/deutsch\/#organization\"},\"alternateName\":\"Ramon Stoppelenburg's Expedition Kilimanjaro\",\"potentialAction\":[{\"@type\":\"SearchAction\",\"target\":{\"@type\":\"EntryPoint\",\"urlTemplate\":\"https:\/\/www.expeditionkilimanjaro.com\/deutsch\/?s={search_term_string}\"},\"query-input\":\"required name=search_term_string\"}],\"inLanguage\":\"en-GB\"},{\"@type\":\"Organization\",\"@id\":\"https:\/\/www.expeditionkilimanjaro.com\/deutsch\/#organization\",\"name\":\"Ramon Stoppelenburg's Expedition Kilimanjaro\",\"alternateName\":\"Expedition Kilimanjaro Ltd.\",\"url\":\"https:\/\/www.expeditionkilimanjaro.com\/deutsch\/\",\"logo\":{\"@type\":\"ImageObject\",\"inLanguage\":\"en-GB\",\"@id\":\"https:\/\/www.expeditionkilimanjaro.com\/deutsch\/#\/schema\/logo\/image\/\",\"url\":\"https:\/\/www.expeditionkilimanjaro.com\/deutsch\/wp-content\/uploads\/2023\/05\/logo-german-met-tekst.png\",\"contentUrl\":\"https:\/\/www.expeditionkilimanjaro.com\/deutsch\/wp-content\/uploads\/2023\/05\/logo-german-met-tekst.png\",\"width\":517,\"height\":320,\"caption\":\"Ramon Stoppelenburg's Expedition Kilimanjaro\"},\"image\":{\"@id\":\"https:\/\/www.expeditionkilimanjaro.com\/deutsch\/#\/schema\/logo\/image\/\"},\"sameAs\":[\"https:\/\/www.facebook.com\/ExpeditionKilimanjaro\"]}]}<\/script>\n<!-- \/ Yoast SEO plugin. -->","yoast_head_json":{"title":"\u00dcber die Organisation | Expedition Kilimanjaro - Besteige den Kilimandscharo, Afrikas h\u00f6chsten Berg!","description":"Ramon Stoppelenburg offeriert eine 11-t\u00e4gige Besteigung des Kilimandscharo inklusive 4 Hotel\u00fcbernachtungen f\u00fcr nur US$ 1.999 p.P.. Dieses Angebot finden Sie sonst nirgendwo!","robots":{"index":"index","follow":"follow","max-snippet":"max-snippet:-1","max-image-preview":"max-image-preview:large","max-video-preview":"max-video-preview:-1"},"canonical":"https:\/\/www.expeditionkilimanjaro.com\/deutsch\/uber\/","og_locale":"en_GB","og_type":"article","og_title":"\u00dcber die Organisation | Expedition Kilimanjaro - Besteige den Kilimandscharo, Afrikas h\u00f6chsten Berg!","og_description":"Ramon Stoppelenburg offeriert eine 11-t\u00e4gige Besteigung des Kilimandscharo inklusive 4 Hotel\u00fcbernachtungen f\u00fcr nur US$ 1.999 p.P.. Dieses Angebot finden Sie sonst nirgendwo!","og_url":"https:\/\/www.expeditionkilimanjaro.com\/deutsch\/uber\/","og_site_name":"Expedition Kilimanjaro - Besteige den Kilimandscharo, Afrikas h\u00f6chsten Berg!","article_publisher":"https:\/\/www.facebook.com\/ExpeditionKilimanjaro","article_modified_time":"2024-06-06T09:56:44+00:00","og_image":[{"url":"https:\/\/www.expeditiekilimanjaro.nl\/wp-content\/uploads\/2022\/05\/welcome-img.png"}],"twitter_card":"summary_large_image","twitter_misc":{"Estimated reading time":"4 minutes"},"schema":{"@context":"https:\/\/schema.org","@graph":[{"@type":"WebPage","@id":"https:\/\/www.expeditionkilimanjaro.com\/deutsch\/uber\/","url":"https:\/\/www.expeditionkilimanjaro.com\/deutsch\/uber\/","name":"\u00dcber die Organisation | Expedition Kilimanjaro - Besteige den Kilimandscharo, Afrikas h\u00f6chsten Berg!","isPartOf":{"@id":"https:\/\/www.expeditionkilimanjaro.com\/deutsch\/#website"},"datePublished":"2023-03-07T16:32:47+00:00","dateModified":"2024-06-06T09:56:44+00:00","description":"Ramon Stoppelenburg offeriert eine 11-t\u00e4gige Besteigung des Kilimandscharo inklusive 4 Hotel\u00fcbernachtungen f\u00fcr nur US$ 1.999 p.P.. Dieses Angebot finden Sie sonst nirgendwo!","breadcrumb":{"@id":"https:\/\/www.expeditionkilimanjaro.com\/deutsch\/uber\/#breadcrumb"},"inLanguage":"en-GB","potentialAction":[{"@type":"ReadAction","target":["https:\/\/www.expeditionkilimanjaro.com\/deutsch\/uber\/"]}]},{"@type":"BreadcrumbList","@id":"https:\/\/www.expeditionkilimanjaro.com\/deutsch\/uber\/#breadcrumb","itemListElement":[{"@type":"ListItem","position":1,"name":"Home","item":"https:\/\/www.expeditionkilimanjaro.com\/deutsch\/"},{"@type":"ListItem","position":2,"name":"\u00dcber die Organisation"}]},{"@type":"WebSite","@id":"https:\/\/www.expeditionkilimanjaro.com\/deutsch\/#website","url":"https:\/\/www.expeditionkilimanjaro.com\/deutsch\/","name":"Expedition Kilimanjaro - Besteige den Kilimandscharo, Afrikas h\u00f6chsten Berg!","description":"Das Abenteuer deines Lebens","publisher":{"@id":"https:\/\/www.expeditionkilimanjaro.com\/deutsch\/#organization"},"alternateName":"Ramon Stoppelenburg's Expedition Kilimanjaro","potentialAction":[{"@type":"SearchAction","target":{"@type":"EntryPoint","urlTemplate":"https:\/\/www.expeditionkilimanjaro.com\/deutsch\/?s={search_term_string}"},"query-input":"required name=search_term_string"}],"inLanguage":"en-GB"},{"@type":"Organization","@id":"https:\/\/www.expeditionkilimanjaro.com\/deutsch\/#organization","name":"Ramon Stoppelenburg's Expedition Kilimanjaro","alternateName":"Expedition Kilimanjaro Ltd.","url":"https:\/\/www.expeditionkilimanjaro.com\/deutsch\/","logo":{"@type":"ImageObject","inLanguage":"en-GB","@id":"https:\/\/www.expeditionkilimanjaro.com\/deutsch\/#\/schema\/logo\/image\/","url":"https:\/\/www.expeditionkilimanjaro.com\/deutsch\/wp-content\/uploads\/2023\/05\/logo-german-met-tekst.png","contentUrl":"https:\/\/www.expeditionkilimanjaro.com\/deutsch\/wp-content\/uploads\/2023\/05\/logo-german-met-tekst.png","width":517,"height":320,"caption":"Ramon Stoppelenburg's Expedition Kilimanjaro"},"image":{"@id":"https:\/\/www.expeditionkilimanjaro.com\/deutsch\/#\/schema\/logo\/image\/"},"sameAs":["https:\/\/www.facebook.com\/ExpeditionKilimanjaro"]}]}},"_links":{"self":[{"href":"https:\/\/www.expeditionkilimanjaro.com\/deutsch\/wp-json\/wp\/v2\/pages\/79","targetHints":{"allow":["GET"]}}],"collection":[{"href":"https:\/\/www.expeditionkilimanjaro.com\/deutsch\/wp-json\/wp\/v2\/pages"}],"about":[{"href":"https:\/\/www.expeditionkilimanjaro.com\/deutsch\/wp-json\/wp\/v2\/types\/page"}],"author":[{"embeddable":true,"href":"https:\/\/www.expeditionkilimanjaro.com\/deutsch\/wp-json\/wp\/v2\/users\/1"}],"replies":[{"embeddable":true,"href":"https:\/\/www.expeditionkilimanjaro.com\/deutsch\/wp-json\/wp\/v2\/comments?post=79"}],"version-history":[{"count":15,"href":"https:\/\/www.expeditionkilimanjaro.com\/deutsch\/wp-json\/wp\/v2\/pages\/79\/revisions"}],"predecessor-version":[{"id":235,"href":"https:\/\/www.expeditionkilimanjaro.com\/deutsch\/wp-json\/wp\/v2\/pages\/79\/revisions\/235"}],"wp:attachment":[{"href":"https:\/\/www.expeditionkilimanjaro.com\/deutsch\/wp-json\/wp\/v2\/media?parent=79"}],"curies":[{"name":"wp","href":"https:\/\/api.w.org\/{rel}","templated":true}]}}