{"id":74,"date":"2023-03-07T14:32:25","date_gmt":"2023-03-07T14:32:25","guid":{"rendered":"https:\/\/www.expeditionkilimanjaro.com\/deutsch\/?page_id=74"},"modified":"2024-07-14T10:25:34","modified_gmt":"2024-07-14T09:25:34","slug":"fliegen","status":"publish","type":"page","link":"https:\/\/www.expeditionkilimanjaro.com\/deutsch\/fliegen\/","title":{"rendered":"Fliegen"},"content":{"rendered":"<h2><img decoding=\"async\" src=\"http:\/\/www.expeditiekilimanjaro.nl\/welkom\/images\/vliegen.jpg\" width=\"647\" \/><br \/>\nWie fliegt man zum Kilimanjaro International Airport oder nach Dar Es Salaam in Tansania<\/h2>\n<p><strong>Es gibt viele Fluggesellschaften, darunter Air France KLM, Emirates und Kenyan Airways, die direkt zum Kilimanjaro International Airport (JRO), zum Hauptstadtflughafen Dar es Salaam oder nach Addis Abeba oder Nairobi fliegen, von wo du einen Anschlussflug nehmen kannst.<\/strong><\/p>\n<p>Du kannst f\u00fcr deine Wunschtermine auch pr\u00fcfen, ob es g\u00fcnstiger ist, zuerst nach Istanbul (T\u00fcrkei) zu fliegen und dann mit Turkish Airlines von Istanbul zum Kilimanjaro International Airport zu fliegen. Das kann manchmal sehr vorteilhaft sein.<\/p>\n<h2><strong>Billiger: nach Nairobi, Kenia<\/strong><\/h2>\n<p>Es ist auch m\u00f6glich, nach Kenias Hauptstadt Nairobi zu fliegen, was f\u00fcr viele Reisen eine g\u00fcnstigere Option ist.<\/p>\n<h2>Shuttle-Bus von Nairobi nach Arusha, Tansania<\/h2>\n<p><img loading=\"lazy\" decoding=\"async\" class=\"alignnone size-full wp-image-238\" src=\"https:\/\/www.expeditionkilimanjaro.com\/deutsch\/wp-content\/uploads\/2024\/07\/impala.jpg\" alt=\"\" width=\"1280\" height=\"576\" \/><\/p>\n<p>Vom Flughafen Nairobi fahren klimatisierte Shuttlebusse in einem halben Tag nach Arusha <strong>f\u00fcr US$70<\/strong> (hin und zur\u00fcck, zahlbar in bar pro Fahrt am Ticketschalter in Nairobi). Sie fahren t\u00e4glich um 8.15 Uhr vom Flughafen ab. Bei dieser Option musst du beachten, dass du ein <strong>Transitvisum<\/strong> f\u00fcr Kenia brauchst, das vor der Ankunft als <strong>E-Visum<\/strong> beantragt werden muss. Ich kann dir einen Platz in diesem Shuttlebus reservieren.<\/p>\n<blockquote><p>Je fr\u00fcher du deine Tickets buchst, desto g\u00fcnstiger sind die Tarife. Bis zu dem Zeitpunkt, an dem die Tickets tats\u00e4chlich gebucht werden, k\u00f6nnen sich die Preise noch \u00e4ndern.<\/p><\/blockquote>\n<hr \/>\n<h2>Wo buchst du deinen Flug?<\/h2>\n<p>Es steht dir frei, dein Flugticket selbst im Internet oder in einem Reiseb\u00fcro zu buchen. Versuche, so viele Ticketpreise wie m\u00f6glich zu vergleichen.<\/p>\n<p><a href=\"https:\/\/skiplagged.com\/r\/kilimanjaro\" target=\"_blank\" rel=\"noopener\"><img decoding=\"async\" src=\"https:\/\/www.expeditiekilimanjaro.nl\/wp-content\/uploads\/2023\/02\/skiplagged-logo.png\" align=\"right\" \/><\/a>Ich selbst finde die g\u00fcnstigsten Tickets (ohne zus\u00e4tzliche Buchungsgeb\u00fchren) immer \u00fcber <a href=\"https:\/\/skiplagged.com\/r\/kilimanjaro\" target=\"_blank\" rel=\"noopener\"><strong>Skiplagged.com<\/strong><\/a> oder <a href=\"http:\/\/www.kiwi.com\" target=\"_blank\" rel=\"noreferrer noopener nofollow\">Kiwi.com<\/a>.<\/p>\n<p>Wenn du einen guten Preis f\u00fcr ein gutes Datum findest, kannst du mit dem <a href=\"https:\/\/www.expeditionkilimanjaro.com\/deutsch\/preis-datum#buchung\"><strong>Reservierungsformular<\/strong><\/a> pr\u00fcfen, ob das Hotel in Arusha an diesem Datum noch frei ist und eine Expedition geplant werden kann. Ich versuche immer, dies innerhalb von 24 Stunden (an Wochentagen) zu best\u00e4tigen, damit du deinen Flug sofort buchen und dann deine Buchung der Kilimanjaro-Expedition abschlie\u00dfen kannst.<\/p>\n<hr \/>\n<p><a name=\"Buchung\"><\/a><\/p>\n<h2><strong>Du m\u00f6chtest die Expedition Kilimanjaro buchen?<\/strong><\/h2>\n<ul>\n<li>Pr\u00fcfe, ob ein Flug verf\u00fcgbar ist zu deinem gew\u00fcnschten Ankunftsdatum<\/li>\n<li>F\u00fclle <a href=\"https:\/\/www.expeditionkilimanjaro.com\/deutsch\/reservation\">das Buchungsformular<\/a> aus (pro Teilnehmer)<\/li>\n<li>Du erh\u00e4ltst eine Buchungsbest\u00e4tigung per E-Mail<\/li>\n<li>Nach Zahlungseingang erh\u00e4ltst du die Gutscheine in deinem Briefkasten<\/li>\n<\/ul>\n<p>Bitte benutze <strong>das Buchungsformular<\/strong>, um deine Expedition zu buchen. So kann ich pr\u00fcfen, ob das Hotel an deinem gew\u00fcnschten Anreisetag noch frei ist und ob eine Besteigung m\u00f6glich ist.<\/p>\n<blockquote><p>Sieh dir auch meine <a href=\"https:\/\/www.expeditionkilimanjaro.com\/deutsch\/safari\">vielf\u00e4ltigen Optionen f\u00fcr eine Safari<\/a> im Anschluss an deine Kilimandscharo-Expedition an. W\u00e4hrend du dort bist&#8230;.<\/p><\/blockquote>\n<p>Wenn die Kilimandscharo-Expedition an deinem Wunschtermin stattfinden kann, solltest du genau pr\u00fcfen, ob dein Flug ebenfalls an diesem Datum gebucht werden kann. Denke an eine Reisedauer von 11 Tagen (Ankunft am 1. Tag, Abreise am 11. Tag).<\/p>\n<p><strong>Nach dem Ausf\u00fcllen und Absenden des <a href=\"https:\/\/www.expeditionkilimanjaro.com\/deutsch\/reservation\">Buchungsformulars<\/a> erh\u00e4ltst du innerhalb von 48 Stunden (an Werktagen) eine Buchungsbest\u00e4tigung. <\/strong>Damit sind deine Hotelunterkunft und der Aufstieg offiziell reserviert. Du kannst dann deinen Flug\/deine Fl\u00fcge direkt buchen. Diese Buchungsbest\u00e4tigung ist gleichzeitig die Rechnung.<\/p>\n<p>Eine Kilimandscharo-Expedition ist erst dann vollst\u00e4ndig gebucht, wenn die vollst\u00e4ndige Zahlung erfolgt ist. Nach der Zahlung erh\u00e4ltst du die Gutscheine f\u00fcr das Hotel und die Besteigung in deinem Postfach.<\/p>\n<p><img loading=\"lazy\" decoding=\"async\" class=\"aligncenter wp-image-3535\" src=\"https:\/\/www.expeditiekilimanjaro.nl\/wp-content\/uploads\/2023\/02\/kilimanjaro-moutain-climbing.jpg\" alt=\"\" width=\"852\" height=\"793\" \/><\/p>\n","protected":false},"excerpt":{"rendered":"<p>Wie fliegt man zum Kilimanjaro International Airport oder nach Dar Es Salaam in Tansania Es gibt viele Fluggesellschaften, darunter Air France KLM, Emirates und Kenyan Airways, die direkt zum Kilimanjaro International Airport&#8230;<\/p>\n","protected":false},"author":1,"featured_media":0,"parent":0,"menu_order":0,"comment_status":"closed","ping_status":"closed","template":"","meta":{"footnotes":""},"class_list":["post-74","page","type-page","status-publish","hentry"],"yoast_head":"<!-- This site is optimized with the Yoast SEO plugin v20.12 - https:\/\/yoast.com\/wordpress\/plugins\/seo\/ -->\n<title>Fliegen | Expedition Kilimanjaro - Besteige den Kilimandscharo, Afrikas h\u00f6chsten Berg!<\/title>\n<meta name=\"description\" content=\"Ramon Stoppelenburg offeriert eine 11-t\u00e4gige Besteigung des Kilimandscharo inklusive 4 Hotel\u00fcbernachtungen f\u00fcr nur US$ 1.999 p.P.. Dieses Angebot finden Sie sonst nirgendwo!\" \/>\n<meta name=\"robots\" content=\"index, follow, max-snippet:-1, max-image-preview:large, max-video-preview:-1\" \/>\n<link rel=\"canonical\" href=\"https:\/\/www.expeditionkilimanjaro.com\/deutsch\/fliegen\/\" \/>\n<meta property=\"og:locale\" content=\"en_GB\" \/>\n<meta property=\"og:type\" content=\"article\" \/>\n<meta property=\"og:title\" content=\"Fliegen | Expedition Kilimanjaro - Besteige den Kilimandscharo, Afrikas h\u00f6chsten Berg!\" \/>\n<meta property=\"og:description\" content=\"Ramon Stoppelenburg offeriert eine 11-t\u00e4gige Besteigung des Kilimandscharo inklusive 4 Hotel\u00fcbernachtungen f\u00fcr nur US$ 1.999 p.P.. Dieses Angebot finden Sie sonst nirgendwo!\" \/>\n<meta property=\"og:url\" content=\"https:\/\/www.expeditionkilimanjaro.com\/deutsch\/fliegen\/\" \/>\n<meta property=\"og:site_name\" content=\"Expedition Kilimanjaro - Besteige den Kilimandscharo, Afrikas h\u00f6chsten Berg!\" \/>\n<meta property=\"article:publisher\" content=\"https:\/\/www.facebook.com\/ExpeditionKilimanjaro\" \/>\n<meta property=\"article:modified_time\" content=\"2024-07-14T09:25:34+00:00\" \/>\n<meta property=\"og:image\" content=\"http:\/\/www.expeditiekilimanjaro.nl\/welkom\/images\/vliegen.jpg\" \/>\n<meta name=\"twitter:card\" content=\"summary_large_image\" \/>\n<meta name=\"twitter:label1\" content=\"Estimated reading time\" \/>\n\t<meta name=\"twitter:data1\" content=\"3 minutes\" \/>\n<script type=\"application\/ld+json\" class=\"yoast-schema-graph\">{\"@context\":\"https:\/\/schema.org\",\"@graph\":[{\"@type\":\"WebPage\",\"@id\":\"https:\/\/www.expeditionkilimanjaro.com\/deutsch\/fliegen\/\",\"url\":\"https:\/\/www.expeditionkilimanjaro.com\/deutsch\/fliegen\/\",\"name\":\"Fliegen | Expedition Kilimanjaro - Besteige den Kilimandscharo, Afrikas h\u00f6chsten Berg!\",\"isPartOf\":{\"@id\":\"https:\/\/www.expeditionkilimanjaro.com\/deutsch\/#website\"},\"datePublished\":\"2023-03-07T14:32:25+00:00\",\"dateModified\":\"2024-07-14T09:25:34+00:00\",\"description\":\"Ramon Stoppelenburg offeriert eine 11-t\u00e4gige Besteigung des Kilimandscharo inklusive 4 Hotel\u00fcbernachtungen f\u00fcr nur US$ 1.999 p.P.. Dieses Angebot finden Sie sonst nirgendwo!\",\"breadcrumb\":{\"@id\":\"https:\/\/www.expeditionkilimanjaro.com\/deutsch\/fliegen\/#breadcrumb\"},\"inLanguage\":\"en-GB\",\"potentialAction\":[{\"@type\":\"ReadAction\",\"target\":[\"https:\/\/www.expeditionkilimanjaro.com\/deutsch\/fliegen\/\"]}]},{\"@type\":\"BreadcrumbList\",\"@id\":\"https:\/\/www.expeditionkilimanjaro.com\/deutsch\/fliegen\/#breadcrumb\",\"itemListElement\":[{\"@type\":\"ListItem\",\"position\":1,\"name\":\"Home\",\"item\":\"https:\/\/www.expeditionkilimanjaro.com\/deutsch\/\"},{\"@type\":\"ListItem\",\"position\":2,\"name\":\"Fliegen\"}]},{\"@type\":\"WebSite\",\"@id\":\"https:\/\/www.expeditionkilimanjaro.com\/deutsch\/#website\",\"url\":\"https:\/\/www.expeditionkilimanjaro.com\/deutsch\/\",\"name\":\"Expedition Kilimanjaro - Besteige den Kilimandscharo, Afrikas h\u00f6chsten Berg!\",\"description\":\"Das Abenteuer deines Lebens\",\"publisher\":{\"@id\":\"https:\/\/www.expeditionkilimanjaro.com\/deutsch\/#organization\"},\"alternateName\":\"Ramon Stoppelenburg's Expedition Kilimanjaro\",\"potentialAction\":[{\"@type\":\"SearchAction\",\"target\":{\"@type\":\"EntryPoint\",\"urlTemplate\":\"https:\/\/www.expeditionkilimanjaro.com\/deutsch\/?s={search_term_string}\"},\"query-input\":\"required name=search_term_string\"}],\"inLanguage\":\"en-GB\"},{\"@type\":\"Organization\",\"@id\":\"https:\/\/www.expeditionkilimanjaro.com\/deutsch\/#organization\",\"name\":\"Ramon Stoppelenburg's Expedition Kilimanjaro\",\"alternateName\":\"Expedition Kilimanjaro Ltd.\",\"url\":\"https:\/\/www.expeditionkilimanjaro.com\/deutsch\/\",\"logo\":{\"@type\":\"ImageObject\",\"inLanguage\":\"en-GB\",\"@id\":\"https:\/\/www.expeditionkilimanjaro.com\/deutsch\/#\/schema\/logo\/image\/\",\"url\":\"https:\/\/www.expeditionkilimanjaro.com\/deutsch\/wp-content\/uploads\/2023\/05\/logo-german-met-tekst.png\",\"contentUrl\":\"https:\/\/www.expeditionkilimanjaro.com\/deutsch\/wp-content\/uploads\/2023\/05\/logo-german-met-tekst.png\",\"width\":517,\"height\":320,\"caption\":\"Ramon Stoppelenburg's Expedition Kilimanjaro\"},\"image\":{\"@id\":\"https:\/\/www.expeditionkilimanjaro.com\/deutsch\/#\/schema\/logo\/image\/\"},\"sameAs\":[\"https:\/\/www.facebook.com\/ExpeditionKilimanjaro\"]}]}<\/script>\n<!-- \/ Yoast SEO plugin. -->","yoast_head_json":{"title":"Fliegen | Expedition Kilimanjaro - Besteige den Kilimandscharo, Afrikas h\u00f6chsten Berg!","description":"Ramon Stoppelenburg offeriert eine 11-t\u00e4gige Besteigung des Kilimandscharo inklusive 4 Hotel\u00fcbernachtungen f\u00fcr nur US$ 1.999 p.P.. Dieses Angebot finden Sie sonst nirgendwo!","robots":{"index":"index","follow":"follow","max-snippet":"max-snippet:-1","max-image-preview":"max-image-preview:large","max-video-preview":"max-video-preview:-1"},"canonical":"https:\/\/www.expeditionkilimanjaro.com\/deutsch\/fliegen\/","og_locale":"en_GB","og_type":"article","og_title":"Fliegen | Expedition Kilimanjaro - Besteige den Kilimandscharo, Afrikas h\u00f6chsten Berg!","og_description":"Ramon Stoppelenburg offeriert eine 11-t\u00e4gige Besteigung des Kilimandscharo inklusive 4 Hotel\u00fcbernachtungen f\u00fcr nur US$ 1.999 p.P.. Dieses Angebot finden Sie sonst nirgendwo!","og_url":"https:\/\/www.expeditionkilimanjaro.com\/deutsch\/fliegen\/","og_site_name":"Expedition Kilimanjaro - Besteige den Kilimandscharo, Afrikas h\u00f6chsten Berg!","article_publisher":"https:\/\/www.facebook.com\/ExpeditionKilimanjaro","article_modified_time":"2024-07-14T09:25:34+00:00","og_image":[{"url":"http:\/\/www.expeditiekilimanjaro.nl\/welkom\/images\/vliegen.jpg"}],"twitter_card":"summary_large_image","twitter_misc":{"Estimated reading time":"3 minutes"},"schema":{"@context":"https:\/\/schema.org","@graph":[{"@type":"WebPage","@id":"https:\/\/www.expeditionkilimanjaro.com\/deutsch\/fliegen\/","url":"https:\/\/www.expeditionkilimanjaro.com\/deutsch\/fliegen\/","name":"Fliegen | Expedition Kilimanjaro - Besteige den Kilimandscharo, Afrikas h\u00f6chsten Berg!","isPartOf":{"@id":"https:\/\/www.expeditionkilimanjaro.com\/deutsch\/#website"},"datePublished":"2023-03-07T14:32:25+00:00","dateModified":"2024-07-14T09:25:34+00:00","description":"Ramon Stoppelenburg offeriert eine 11-t\u00e4gige Besteigung des Kilimandscharo inklusive 4 Hotel\u00fcbernachtungen f\u00fcr nur US$ 1.999 p.P.. Dieses Angebot finden Sie sonst nirgendwo!","breadcrumb":{"@id":"https:\/\/www.expeditionkilimanjaro.com\/deutsch\/fliegen\/#breadcrumb"},"inLanguage":"en-GB","potentialAction":[{"@type":"ReadAction","target":["https:\/\/www.expeditionkilimanjaro.com\/deutsch\/fliegen\/"]}]},{"@type":"BreadcrumbList","@id":"https:\/\/www.expeditionkilimanjaro.com\/deutsch\/fliegen\/#breadcrumb","itemListElement":[{"@type":"ListItem","position":1,"name":"Home","item":"https:\/\/www.expeditionkilimanjaro.com\/deutsch\/"},{"@type":"ListItem","position":2,"name":"Fliegen"}]},{"@type":"WebSite","@id":"https:\/\/www.expeditionkilimanjaro.com\/deutsch\/#website","url":"https:\/\/www.expeditionkilimanjaro.com\/deutsch\/","name":"Expedition Kilimanjaro - Besteige den Kilimandscharo, Afrikas h\u00f6chsten Berg!","description":"Das Abenteuer deines Lebens","publisher":{"@id":"https:\/\/www.expeditionkilimanjaro.com\/deutsch\/#organization"},"alternateName":"Ramon Stoppelenburg's Expedition Kilimanjaro","potentialAction":[{"@type":"SearchAction","target":{"@type":"EntryPoint","urlTemplate":"https:\/\/www.expeditionkilimanjaro.com\/deutsch\/?s={search_term_string}"},"query-input":"required name=search_term_string"}],"inLanguage":"en-GB"},{"@type":"Organization","@id":"https:\/\/www.expeditionkilimanjaro.com\/deutsch\/#organization","name":"Ramon Stoppelenburg's Expedition Kilimanjaro","alternateName":"Expedition Kilimanjaro Ltd.","url":"https:\/\/www.expeditionkilimanjaro.com\/deutsch\/","logo":{"@type":"ImageObject","inLanguage":"en-GB","@id":"https:\/\/www.expeditionkilimanjaro.com\/deutsch\/#\/schema\/logo\/image\/","url":"https:\/\/www.expeditionkilimanjaro.com\/deutsch\/wp-content\/uploads\/2023\/05\/logo-german-met-tekst.png","contentUrl":"https:\/\/www.expeditionkilimanjaro.com\/deutsch\/wp-content\/uploads\/2023\/05\/logo-german-met-tekst.png","width":517,"height":320,"caption":"Ramon Stoppelenburg's Expedition Kilimanjaro"},"image":{"@id":"https:\/\/www.expeditionkilimanjaro.com\/deutsch\/#\/schema\/logo\/image\/"},"sameAs":["https:\/\/www.facebook.com\/ExpeditionKilimanjaro"]}]}},"_links":{"self":[{"href":"https:\/\/www.expeditionkilimanjaro.com\/deutsch\/wp-json\/wp\/v2\/pages\/74","targetHints":{"allow":["GET"]}}],"collection":[{"href":"https:\/\/www.expeditionkilimanjaro.com\/deutsch\/wp-json\/wp\/v2\/pages"}],"about":[{"href":"https:\/\/www.expeditionkilimanjaro.com\/deutsch\/wp-json\/wp\/v2\/types\/page"}],"author":[{"embeddable":true,"href":"https:\/\/www.expeditionkilimanjaro.com\/deutsch\/wp-json\/wp\/v2\/users\/1"}],"replies":[{"embeddable":true,"href":"https:\/\/www.expeditionkilimanjaro.com\/deutsch\/wp-json\/wp\/v2\/comments?post=74"}],"version-history":[{"count":5,"href":"https:\/\/www.expeditionkilimanjaro.com\/deutsch\/wp-json\/wp\/v2\/pages\/74\/revisions"}],"predecessor-version":[{"id":240,"href":"https:\/\/www.expeditionkilimanjaro.com\/deutsch\/wp-json\/wp\/v2\/pages\/74\/revisions\/240"}],"wp:attachment":[{"href":"https:\/\/www.expeditionkilimanjaro.com\/deutsch\/wp-json\/wp\/v2\/media?parent=74"}],"curies":[{"name":"wp","href":"https:\/\/api.w.org\/{rel}","templated":true}]}}