{"id":57,"date":"2023-03-02T20:11:45","date_gmt":"2023-03-02T20:11:45","guid":{"rendered":"https:\/\/www.expeditionkilimanjaro.com\/deutsch\/?page_id=57"},"modified":"2023-12-05T10:39:18","modified_gmt":"2023-12-05T10:39:18","slug":"reservation","status":"publish","type":"page","link":"https:\/\/www.expeditionkilimanjaro.com\/deutsch\/reservation\/","title":{"rendered":"Buchungsformular"},"content":{"rendered":"<p><img loading=\"lazy\" decoding=\"async\" class=\"alignright wp-image-3488\" style=\"padding-bottom: 15px;\" src=\"https:\/\/www.expeditiekilimanjaro.nl\/wp-content\/uploads\/2023\/02\/paspoort.jpg\" alt=\"\" width=\"167\" height=\"211\" \/>F\u00fclle die erforderlichen Informationen in den Feldern unten entsprechend deinen Passdaten aus, da diese Daten sowohl f\u00fcr das Hotel als auch f\u00fcr die Kilimandscharo-Besteigung verwendet werden.<\/p>\n<h2><strong><em>Bitte beachte:<\/em><\/strong><\/h2>\n<ul>\n<li>Bei Gruppen muss jeder Teilnehmer dieses Buchungsformular einschicken. Wenn du Fragen dazu hast, kannst du mich gerne kontaktieren. Gib deiner &#8220;Gruppe&#8221; einen eindeutigen Namen, den alle Teilnehmer verwenden k\u00f6nnen.<\/li>\n<li>Die Kilimanjaro Expedition ist nur f\u00fcr Teilnehmer ab 14 Jahren geeignet.<\/li>\n<li>Du solltest auf keinen Fall gegen den Rat deines Arztes in die H\u00f6he wandern, wenn du schwanger bist oder schwere Atemprobleme hast. Ein Gespr\u00e4ch mit deinem Hausarzt wird empfohlen.<\/li>\n<li>Personen, die eine <strong>Laserbehandlung ihrer Augen<\/strong> hatten, k\u00f6nnen oberhalb von 4500 Metern eine Ver\u00e4nderung ihrer Sehkraft feststellen. Eine Besteigung wird daher auch nicht innerhalb von 12 Monaten nach der Behandlung empfohlen.<\/li>\n<\/ul>\n<h1><strong>F\u00fclle das Formular unten aus:<\/strong><\/h1>\n\n<div class=\"wpcf7 no-js\" id=\"wpcf7-f60-o1\" lang=\"en-GB\" dir=\"ltr\" data-wpcf7-id=\"60\">\n<div class=\"screen-reader-response\"><p role=\"status\" aria-live=\"polite\" aria-atomic=\"true\"><\/p> <ul><\/ul><\/div>\n<form action=\"\/deutsch\/wp-json\/wp\/v2\/pages\/57#wpcf7-f60-o1\" method=\"post\" class=\"wpcf7-form init\" aria-label=\"Contact form\" novalidate=\"novalidate\" data-status=\"init\">\n<fieldset class=\"hidden-fields-container\"><input type=\"hidden\" name=\"_wpcf7\" value=\"60\" \/><input type=\"hidden\" name=\"_wpcf7_version\" value=\"6.1.5\" \/><input type=\"hidden\" name=\"_wpcf7_locale\" value=\"en_GB\" \/><input type=\"hidden\" name=\"_wpcf7_unit_tag\" value=\"wpcf7-f60-o1\" \/><input type=\"hidden\" name=\"_wpcf7_container_post\" value=\"0\" \/><input type=\"hidden\" name=\"_wpcf7_posted_data_hash\" value=\"\" \/>\n<\/fieldset>\n<p>Mit diesem Formular kannst du eine <b>unverbindliche Reservierung<\/b> f\u00fcr deine Expedition Kilimanjaro abgeben. Innerhalb von zwei Tagen erh\u00e4ltst du per Mail eine offizielle Buchungsbest\u00e4tigung mit einer Zahlungsaufforderung. Sobald deine Zahlung erfolgt ist, ist deine Expedition gebucht.\n<\/p>\n<hr \/>\n<p>Welches ist dein gew\u00fcnschtes Ankunftsdatum?\n\t<font color=\"red\">* = ben\u00f6tigt\n\t<\/font><br \/>\n<span class=\"wpcf7-form-control-wrap\" data-name=\"anreisedatum\"><input size=\"40\" maxlength=\"400\" class=\"wpcf7-form-control wpcf7-text wpcf7-validates-as-required\" aria-required=\"true\" aria-invalid=\"false\" value=\"\" type=\"text\" name=\"anreisedatum\" \/><\/span>\n<\/p>\n<p>Aus wie vielen Teilnehmern besteht deine Gruppe?<br \/>\n<span class=\"wpcf7-form-control-wrap\" data-name=\"anzahlderteilnehmer\"><input size=\"40\" maxlength=\"400\" class=\"wpcf7-form-control wpcf7-text\" aria-invalid=\"false\" value=\"\" type=\"text\" name=\"anzahlderteilnehmer\" \/><\/span>\n<\/p>\n<p>Gib dieser Reisegruppe einen Namen:<br \/>\n<i>(lass jeden Teilnehmer dieses Formular ausf\u00fcllen und benutze auch diesen Gruppennamen)<\/i><br \/>\n<span class=\"wpcf7-form-control-wrap\" data-name=\"namegroup-123\"><input size=\"40\" maxlength=\"400\" class=\"wpcf7-form-control wpcf7-text\" aria-invalid=\"false\" value=\"\" type=\"text\" name=\"namegroup-123\" \/><\/span>\n<\/p>\n<hr \/>\n<h2><b>Deine Angaben<\/b>\n<\/h2>\n<p>Wie lautet dein Vor- und Nachname?\n\t<font color=\"red\">*\n\t<\/font><br \/>\n<span class=\"wpcf7-form-control-wrap\" data-name=\"name-123\"><input size=\"40\" maxlength=\"400\" class=\"wpcf7-form-control wpcf7-text wpcf7-validates-as-required\" aria-required=\"true\" aria-invalid=\"false\" value=\"\" type=\"text\" name=\"name-123\" \/><\/span>\n<\/p>\n<p>Nationalit\u00e4t:\n\t<font color=\"red\">*\n\t<\/font><br \/>\n<span class=\"wpcf7-form-control-wrap\" data-name=\"Nationalitat\"><input size=\"40\" maxlength=\"400\" class=\"wpcf7-form-control wpcf7-text wpcf7-validates-as-required\" aria-required=\"true\" aria-invalid=\"false\" value=\"\" type=\"text\" name=\"Nationalitat\" \/><\/span>\n<\/p>\n<p>Geschlecht:\n\t<font color=\"red\">*\n\t<\/font><br \/>\n<span class=\"wpcf7-form-control-wrap\" data-name=\"Geschlecht\"><input size=\"40\" maxlength=\"400\" class=\"wpcf7-form-control wpcf7-text wpcf7-validates-as-required\" aria-required=\"true\" aria-invalid=\"false\" value=\"\" type=\"text\" name=\"Geschlecht\" \/><\/span>\n<\/p>\n<p>Geburtsdatum:\n\t<font color=\"red\">*\n\t<\/font><br \/>\n<span class=\"wpcf7-form-control-wrap\" data-name=\"Geburtsdatum\"><input class=\"wpcf7-form-control wpcf7-date wpcf7-validates-as-required wpcf7-validates-as-date\" aria-required=\"true\" aria-invalid=\"false\" value=\"\" type=\"date\" name=\"Geburtsdatum\" \/><\/span>\n<\/p>\n<p>Telefonnummer:<br \/>\n<span class=\"wpcf7-form-control-wrap\" data-name=\"phonenumber\"><input size=\"40\" maxlength=\"400\" class=\"wpcf7-form-control wpcf7-text\" aria-invalid=\"false\" value=\"\" type=\"text\" name=\"phonenumber\" \/><\/span>\n<\/p>\n<p>E-Mail-Adresse (bitte beachte, an diese Adresse schicken wir die Best\u00e4tigung):\n\t<font color=\"red\">*\n\t<\/font><br \/>\n<span class=\"wpcf7-form-control-wrap\" data-name=\"email\"><input size=\"40\" maxlength=\"400\" class=\"wpcf7-form-control wpcf7-email wpcf7-validates-as-required wpcf7-text wpcf7-validates-as-email\" aria-required=\"true\" aria-invalid=\"false\" value=\"\" type=\"email\" name=\"email\" \/><\/span>\n<\/p>\n<p>Reisepassnummer (notwendig f\u00fcr Parkgenehmigungen):\n\t<font color=\"red\">*\n\t<\/font><br \/>\n<span class=\"wpcf7-form-control-wrap\" data-name=\"passportnumber\"><input size=\"40\" maxlength=\"400\" class=\"wpcf7-form-control wpcf7-text wpcf7-validates-as-required\" aria-required=\"true\" aria-invalid=\"false\" value=\"\" type=\"text\" name=\"passportnumber\" \/><\/span>\n<\/p>\n<p>Der Reisepass ist g\u00fcltig bis?\n\t<font color=\"red\">*\n\t<\/font><br \/>\n<span class=\"wpcf7-form-control-wrap\" data-name=\"Gultigkeitpassport\"><input class=\"wpcf7-form-control wpcf7-date wpcf7-validates-as-required wpcf7-validates-as-date\" aria-required=\"true\" aria-invalid=\"false\" value=\"\" type=\"date\" name=\"Gultigkeitpassport\" \/><\/span>\n<\/p>\n<hr \/>\n<h2><b>Adressangaben<\/b>\n<\/h2>\n<p>Hausadresse\n\t<font color=\"red\">*\n\t<\/font><br \/>\n<span class=\"wpcf7-form-control-wrap\" data-name=\"adressdetails\"><input size=\"40\" maxlength=\"400\" class=\"wpcf7-form-control wpcf7-text wpcf7-validates-as-required\" aria-required=\"true\" aria-invalid=\"false\" value=\"\" type=\"text\" name=\"adressdetails\" \/><\/span>\n<\/p>\n<p>Postleitzahl\n\t<font color=\"red\">*\n\t<\/font><br \/>\n<span class=\"wpcf7-form-control-wrap\" data-name=\"postleitzahl\"><input size=\"40\" maxlength=\"400\" class=\"wpcf7-form-control wpcf7-text wpcf7-validates-as-required\" aria-required=\"true\" aria-invalid=\"false\" value=\"\" type=\"text\" name=\"postleitzahl\" \/><\/span>\n<\/p>\n<p>Stadt\n\t<font color=\"red\">*\n\t<\/font><br \/>\n<span class=\"wpcf7-form-control-wrap\" data-name=\"Stadt\"><input size=\"40\" maxlength=\"400\" class=\"wpcf7-form-control wpcf7-text wpcf7-validates-as-required\" aria-required=\"true\" aria-invalid=\"false\" value=\"\" type=\"text\" name=\"Stadt\" \/><\/span>\n<\/p>\n<p>Provinz\/Bundesland<br \/>\n<span class=\"wpcf7-form-control-wrap\" data-name=\"Bundesland\"><input size=\"40\" maxlength=\"400\" class=\"wpcf7-form-control wpcf7-text wpcf7-validates-as-required\" aria-required=\"true\" aria-invalid=\"false\" value=\"\" type=\"text\" name=\"Bundesland\" \/><\/span>\n<\/p>\n<p>Land\n\t<font color=\"red\">*\n\t<\/font><br \/>\n<span class=\"wpcf7-form-control-wrap\" data-name=\"Land\"><input size=\"40\" maxlength=\"400\" class=\"wpcf7-form-control wpcf7-text wpcf7-validates-as-required\" aria-required=\"true\" aria-invalid=\"false\" value=\"\" type=\"text\" name=\"Land\" \/><\/span>\n<\/p>\n<h2><b>F\u00fcr die Dauer der Expedition<\/b>\n<\/h2>\n<p>Notfallkontakt (Name)<br \/>\n<span class=\"wpcf7-form-control-wrap\" data-name=\"Kontaktperson\"><input size=\"40\" maxlength=\"400\" class=\"wpcf7-form-control wpcf7-text\" aria-invalid=\"false\" value=\"\" type=\"text\" name=\"Kontaktperson\" \/><\/span>\n<\/p>\n<p>Kontakttelefonnummer<br \/>\n<span class=\"wpcf7-form-control-wrap\" data-name=\"contactphone\"><input size=\"40\" maxlength=\"400\" class=\"wpcf7-form-control wpcf7-tel wpcf7-text wpcf7-validates-as-tel\" aria-invalid=\"false\" value=\"\" type=\"tel\" name=\"contactphone\" \/><\/span>\n<\/p>\n<p>Hast du irgendwelche medizinischen Anforderungen?<br \/>\n<span class=\"wpcf7-form-control-wrap\" data-name=\"medicalrequirements\"><input size=\"40\" maxlength=\"400\" class=\"wpcf7-form-control wpcf7-text\" aria-invalid=\"false\" value=\"\" type=\"text\" name=\"medicalrequirements\" \/><\/span>\n<\/p>\n<p>Di\u00e4tetische Anforderungen, Essensvorlieben, Allergien?<br \/>\n<span class=\"wpcf7-form-control-wrap\" data-name=\"dietaryrequirements\"><input size=\"40\" maxlength=\"400\" class=\"wpcf7-form-control wpcf7-text\" aria-invalid=\"false\" value=\"\" type=\"text\" name=\"dietaryrequirements\" \/><\/span>\n<\/p>\n<p>Reiseversicherung bei<br \/>\n<span class=\"wpcf7-form-control-wrap\" data-name=\"travelinsurance\"><input size=\"40\" maxlength=\"400\" class=\"wpcf7-form-control wpcf7-text\" aria-invalid=\"false\" value=\"\" type=\"text\" name=\"travelinsurance\" \/><\/span>\n<\/p>\n<p>Versicherungsnummer<br \/>\n<span class=\"wpcf7-form-control-wrap\" data-name=\"policynumber\"><input size=\"40\" maxlength=\"400\" class=\"wpcf7-form-control wpcf7-text\" aria-invalid=\"false\" value=\"\" type=\"text\" name=\"policynumber\" \/><\/span>\n<\/p>\n<p>Wie hast du von Expedition Kilimanjaro gefunden?\n\t<font color=\"red\">*\n\t<\/font><br \/>\n<span class=\"wpcf7-form-control-wrap\" data-name=\"howfound\"><input size=\"40\" maxlength=\"400\" class=\"wpcf7-form-control wpcf7-text wpcf7-validates-as-required\" aria-required=\"true\" aria-invalid=\"false\" value=\"\" type=\"text\" name=\"howfound\" \/><\/span>\n<\/p>\n<hr \/>\n<p>M\u00f6chtest du eine Safari zu deiner Expedition hinzuf\u00fcgen?\n\t<font color=\"red\">*\n\t<\/font>\n<\/p>\n<p><span class=\"wpcf7-form-control-wrap\" data-name=\"addsafari\"><span class=\"wpcf7-form-control wpcf7-checkbox\"><span class=\"wpcf7-list-item first\"><label><input type=\"checkbox\" name=\"addsafari[]\" value=\"Ja\" \/><span class=\"wpcf7-list-item-label\">Ja<\/span><\/label><\/span><span class=\"wpcf7-list-item last\"><label><input type=\"checkbox\" name=\"addsafari[]\" value=\"Nein\" \/><span class=\"wpcf7-list-item-label\">Nein<\/span><\/label><\/span><\/span><\/span>\n<\/p>\n<p>Wenn ja, w\u00e4hle bitte die gew\u00fcnschte Option aus:<br \/>\n<span class=\"wpcf7-form-control-wrap\" data-name=\"safarioptions\"><select class=\"wpcf7-form-control wpcf7-select\" aria-invalid=\"false\" name=\"safarioptions\"><option value=\"\">&#8212;Please choose an option&#8212;<\/option><option value=\"1 Tag\">1 Tag<\/option><option value=\"2 Tage\">2 Tage<\/option><option value=\"3 Tage\">3 Tage<\/option><option value=\"4 Tage\">4 Tage<\/option><option value=\"5 Tage Option 1\">5 Tage Option 1<\/option><option value=\"5 Tage Option 2\">5 Tage Option 2<\/option><option value=\"6 Tage\">6 Tage<\/option><\/select><\/span>\n<\/p>\n<p>Hast du vielleicht noch etwas hinzuzuf\u00fcgen?<br \/>\n<span class=\"wpcf7-form-control-wrap\" data-name=\"othercomments\"><textarea cols=\"40\" rows=\"10\" maxlength=\"2000\" class=\"wpcf7-form-control wpcf7-textarea\" aria-invalid=\"false\" name=\"othercomments\"><\/textarea><\/span>\n<\/p>\n<p><span class=\"wpcf7-form-control-wrap\" data-name=\"acceptance\"><span class=\"wpcf7-form-control wpcf7-acceptance optional\"><span class=\"wpcf7-list-item\"><label><input type=\"checkbox\" name=\"acceptance\" value=\"1\" aria-invalid=\"false\" \/><span class=\"wpcf7-list-item-label\">Ich habe die <a href=\"https:\/\/www.expeditionkilimanjaro.com\/deutsch\/reisebedingungen\/\" target=\"_blank\">Allgemeinen Reisebedingungen<\/a> (Link \u00f6ffnet in einem neuen Fenster) gelesen und bin mit ihnen einverstanden.<\/span><\/label><\/span><\/span><\/span>\n<\/p>\n<p><input class=\"wpcf7-form-control wpcf7-submit has-spinner\" type=\"submit\" value=\"Absenden\" \/>\n<\/p><p style=\"display: none !important;\" class=\"akismet-fields-container\" data-prefix=\"_wpcf7_ak_\"><label>&#916;<textarea name=\"_wpcf7_ak_hp_textarea\" cols=\"45\" rows=\"8\" maxlength=\"100\"><\/textarea><\/label><input type=\"hidden\" id=\"ak_js_1\" name=\"_wpcf7_ak_js\" value=\"120\"\/><script>document.getElementById( \"ak_js_1\" ).setAttribute( \"value\", ( new Date() ).getTime() );<\/script><\/p><div class=\"wpcf7-response-output\" aria-hidden=\"true\"><\/div>\n<\/form>\n<\/div>\n\n","protected":false},"excerpt":{"rendered":"<p>F\u00fclle die erforderlichen Informationen in den Feldern unten entsprechend deinen Passdaten aus, da diese Daten sowohl f\u00fcr das Hotel als auch f\u00fcr die Kilimandscharo-Besteigung verwendet werden. Bitte beachte: Bei Gruppen muss jeder&#8230;<\/p>\n","protected":false},"author":1,"featured_media":0,"parent":0,"menu_order":0,"comment_status":"closed","ping_status":"closed","template":"","meta":{"footnotes":""},"class_list":["post-57","page","type-page","status-publish","hentry"],"yoast_head":"<!-- This site is optimized with the Yoast SEO plugin v20.12 - https:\/\/yoast.com\/wordpress\/plugins\/seo\/ -->\n<title>Buchungsformular | Expedition Kilimanjaro - Besteige den Kilimandscharo, Afrikas h\u00f6chsten Berg!<\/title>\n<meta name=\"description\" content=\"Ramon Stoppelenburg offeriert eine 11-t\u00e4gige Besteigung des Kilimandscharo inklusive 4 Hotel\u00fcbernachtungen f\u00fcr nur US$ 1.999 p.P.. Dieses Angebot finden Sie sonst nirgendwo!\" \/>\n<meta name=\"robots\" content=\"index, follow, max-snippet:-1, max-image-preview:large, max-video-preview:-1\" \/>\n<link rel=\"canonical\" href=\"https:\/\/www.expeditionkilimanjaro.com\/deutsch\/reservation\/\" \/>\n<meta property=\"og:locale\" content=\"en_GB\" \/>\n<meta property=\"og:type\" content=\"article\" \/>\n<meta property=\"og:title\" content=\"Buchungsformular | Expedition Kilimanjaro - Besteige den Kilimandscharo, Afrikas h\u00f6chsten Berg!\" \/>\n<meta property=\"og:description\" content=\"Ramon Stoppelenburg offeriert eine 11-t\u00e4gige Besteigung des Kilimandscharo inklusive 4 Hotel\u00fcbernachtungen f\u00fcr nur US$ 1.999 p.P.. Dieses Angebot finden Sie sonst nirgendwo!\" \/>\n<meta property=\"og:url\" content=\"https:\/\/www.expeditionkilimanjaro.com\/deutsch\/reservation\/\" \/>\n<meta property=\"og:site_name\" content=\"Expedition Kilimanjaro - Besteige den Kilimandscharo, Afrikas h\u00f6chsten Berg!\" \/>\n<meta property=\"article:publisher\" content=\"https:\/\/www.facebook.com\/ExpeditionKilimanjaro\" \/>\n<meta property=\"article:modified_time\" content=\"2023-12-05T10:39:18+00:00\" \/>\n<meta property=\"og:image\" content=\"https:\/\/www.expeditiekilimanjaro.nl\/wp-content\/uploads\/2023\/02\/paspoort.jpg\" \/>\n<meta name=\"twitter:card\" content=\"summary_large_image\" \/>\n<meta name=\"twitter:label1\" content=\"Estimated reading time\" \/>\n\t<meta name=\"twitter:data1\" content=\"1 minute\" \/>\n<script type=\"application\/ld+json\" class=\"yoast-schema-graph\">{\"@context\":\"https:\/\/schema.org\",\"@graph\":[{\"@type\":\"WebPage\",\"@id\":\"https:\/\/www.expeditionkilimanjaro.com\/deutsch\/reservation\/\",\"url\":\"https:\/\/www.expeditionkilimanjaro.com\/deutsch\/reservation\/\",\"name\":\"Buchungsformular | Expedition Kilimanjaro - Besteige den Kilimandscharo, Afrikas h\u00f6chsten Berg!\",\"isPartOf\":{\"@id\":\"https:\/\/www.expeditionkilimanjaro.com\/deutsch\/#website\"},\"datePublished\":\"2023-03-02T20:11:45+00:00\",\"dateModified\":\"2023-12-05T10:39:18+00:00\",\"description\":\"Ramon Stoppelenburg offeriert eine 11-t\u00e4gige Besteigung des Kilimandscharo inklusive 4 Hotel\u00fcbernachtungen f\u00fcr nur US$ 1.999 p.P.. Dieses Angebot finden Sie sonst nirgendwo!\",\"breadcrumb\":{\"@id\":\"https:\/\/www.expeditionkilimanjaro.com\/deutsch\/reservation\/#breadcrumb\"},\"inLanguage\":\"en-GB\",\"potentialAction\":[{\"@type\":\"ReadAction\",\"target\":[\"https:\/\/www.expeditionkilimanjaro.com\/deutsch\/reservation\/\"]}]},{\"@type\":\"BreadcrumbList\",\"@id\":\"https:\/\/www.expeditionkilimanjaro.com\/deutsch\/reservation\/#breadcrumb\",\"itemListElement\":[{\"@type\":\"ListItem\",\"position\":1,\"name\":\"Home\",\"item\":\"https:\/\/www.expeditionkilimanjaro.com\/deutsch\/\"},{\"@type\":\"ListItem\",\"position\":2,\"name\":\"Buchungsformular\"}]},{\"@type\":\"WebSite\",\"@id\":\"https:\/\/www.expeditionkilimanjaro.com\/deutsch\/#website\",\"url\":\"https:\/\/www.expeditionkilimanjaro.com\/deutsch\/\",\"name\":\"Expedition Kilimanjaro - Besteige den Kilimandscharo, Afrikas h\u00f6chsten Berg!\",\"description\":\"Das Abenteuer deines Lebens\",\"publisher\":{\"@id\":\"https:\/\/www.expeditionkilimanjaro.com\/deutsch\/#organization\"},\"alternateName\":\"Ramon Stoppelenburg's Expedition Kilimanjaro\",\"potentialAction\":[{\"@type\":\"SearchAction\",\"target\":{\"@type\":\"EntryPoint\",\"urlTemplate\":\"https:\/\/www.expeditionkilimanjaro.com\/deutsch\/?s={search_term_string}\"},\"query-input\":\"required name=search_term_string\"}],\"inLanguage\":\"en-GB\"},{\"@type\":\"Organization\",\"@id\":\"https:\/\/www.expeditionkilimanjaro.com\/deutsch\/#organization\",\"name\":\"Ramon Stoppelenburg's Expedition Kilimanjaro\",\"alternateName\":\"Expedition Kilimanjaro Ltd.\",\"url\":\"https:\/\/www.expeditionkilimanjaro.com\/deutsch\/\",\"logo\":{\"@type\":\"ImageObject\",\"inLanguage\":\"en-GB\",\"@id\":\"https:\/\/www.expeditionkilimanjaro.com\/deutsch\/#\/schema\/logo\/image\/\",\"url\":\"https:\/\/www.expeditionkilimanjaro.com\/deutsch\/wp-content\/uploads\/2023\/05\/logo-german-met-tekst.png\",\"contentUrl\":\"https:\/\/www.expeditionkilimanjaro.com\/deutsch\/wp-content\/uploads\/2023\/05\/logo-german-met-tekst.png\",\"width\":517,\"height\":320,\"caption\":\"Ramon Stoppelenburg's Expedition Kilimanjaro\"},\"image\":{\"@id\":\"https:\/\/www.expeditionkilimanjaro.com\/deutsch\/#\/schema\/logo\/image\/\"},\"sameAs\":[\"https:\/\/www.facebook.com\/ExpeditionKilimanjaro\"]}]}<\/script>\n<!-- \/ Yoast SEO plugin. -->","yoast_head_json":{"title":"Buchungsformular | Expedition Kilimanjaro - Besteige den Kilimandscharo, Afrikas h\u00f6chsten Berg!","description":"Ramon Stoppelenburg offeriert eine 11-t\u00e4gige Besteigung des Kilimandscharo inklusive 4 Hotel\u00fcbernachtungen f\u00fcr nur US$ 1.999 p.P.. Dieses Angebot finden Sie sonst nirgendwo!","robots":{"index":"index","follow":"follow","max-snippet":"max-snippet:-1","max-image-preview":"max-image-preview:large","max-video-preview":"max-video-preview:-1"},"canonical":"https:\/\/www.expeditionkilimanjaro.com\/deutsch\/reservation\/","og_locale":"en_GB","og_type":"article","og_title":"Buchungsformular | Expedition Kilimanjaro - Besteige den Kilimandscharo, Afrikas h\u00f6chsten Berg!","og_description":"Ramon Stoppelenburg offeriert eine 11-t\u00e4gige Besteigung des Kilimandscharo inklusive 4 Hotel\u00fcbernachtungen f\u00fcr nur US$ 1.999 p.P.. Dieses Angebot finden Sie sonst nirgendwo!","og_url":"https:\/\/www.expeditionkilimanjaro.com\/deutsch\/reservation\/","og_site_name":"Expedition Kilimanjaro - Besteige den Kilimandscharo, Afrikas h\u00f6chsten Berg!","article_publisher":"https:\/\/www.facebook.com\/ExpeditionKilimanjaro","article_modified_time":"2023-12-05T10:39:18+00:00","og_image":[{"url":"https:\/\/www.expeditiekilimanjaro.nl\/wp-content\/uploads\/2023\/02\/paspoort.jpg"}],"twitter_card":"summary_large_image","twitter_misc":{"Estimated reading time":"1 minute"},"schema":{"@context":"https:\/\/schema.org","@graph":[{"@type":"WebPage","@id":"https:\/\/www.expeditionkilimanjaro.com\/deutsch\/reservation\/","url":"https:\/\/www.expeditionkilimanjaro.com\/deutsch\/reservation\/","name":"Buchungsformular | Expedition Kilimanjaro - Besteige den Kilimandscharo, Afrikas h\u00f6chsten Berg!","isPartOf":{"@id":"https:\/\/www.expeditionkilimanjaro.com\/deutsch\/#website"},"datePublished":"2023-03-02T20:11:45+00:00","dateModified":"2023-12-05T10:39:18+00:00","description":"Ramon Stoppelenburg offeriert eine 11-t\u00e4gige Besteigung des Kilimandscharo inklusive 4 Hotel\u00fcbernachtungen f\u00fcr nur US$ 1.999 p.P.. Dieses Angebot finden Sie sonst nirgendwo!","breadcrumb":{"@id":"https:\/\/www.expeditionkilimanjaro.com\/deutsch\/reservation\/#breadcrumb"},"inLanguage":"en-GB","potentialAction":[{"@type":"ReadAction","target":["https:\/\/www.expeditionkilimanjaro.com\/deutsch\/reservation\/"]}]},{"@type":"BreadcrumbList","@id":"https:\/\/www.expeditionkilimanjaro.com\/deutsch\/reservation\/#breadcrumb","itemListElement":[{"@type":"ListItem","position":1,"name":"Home","item":"https:\/\/www.expeditionkilimanjaro.com\/deutsch\/"},{"@type":"ListItem","position":2,"name":"Buchungsformular"}]},{"@type":"WebSite","@id":"https:\/\/www.expeditionkilimanjaro.com\/deutsch\/#website","url":"https:\/\/www.expeditionkilimanjaro.com\/deutsch\/","name":"Expedition Kilimanjaro - Besteige den Kilimandscharo, Afrikas h\u00f6chsten Berg!","description":"Das Abenteuer deines Lebens","publisher":{"@id":"https:\/\/www.expeditionkilimanjaro.com\/deutsch\/#organization"},"alternateName":"Ramon Stoppelenburg's Expedition Kilimanjaro","potentialAction":[{"@type":"SearchAction","target":{"@type":"EntryPoint","urlTemplate":"https:\/\/www.expeditionkilimanjaro.com\/deutsch\/?s={search_term_string}"},"query-input":"required name=search_term_string"}],"inLanguage":"en-GB"},{"@type":"Organization","@id":"https:\/\/www.expeditionkilimanjaro.com\/deutsch\/#organization","name":"Ramon Stoppelenburg's Expedition Kilimanjaro","alternateName":"Expedition Kilimanjaro Ltd.","url":"https:\/\/www.expeditionkilimanjaro.com\/deutsch\/","logo":{"@type":"ImageObject","inLanguage":"en-GB","@id":"https:\/\/www.expeditionkilimanjaro.com\/deutsch\/#\/schema\/logo\/image\/","url":"https:\/\/www.expeditionkilimanjaro.com\/deutsch\/wp-content\/uploads\/2023\/05\/logo-german-met-tekst.png","contentUrl":"https:\/\/www.expeditionkilimanjaro.com\/deutsch\/wp-content\/uploads\/2023\/05\/logo-german-met-tekst.png","width":517,"height":320,"caption":"Ramon Stoppelenburg's Expedition Kilimanjaro"},"image":{"@id":"https:\/\/www.expeditionkilimanjaro.com\/deutsch\/#\/schema\/logo\/image\/"},"sameAs":["https:\/\/www.facebook.com\/ExpeditionKilimanjaro"]}]}},"_links":{"self":[{"href":"https:\/\/www.expeditionkilimanjaro.com\/deutsch\/wp-json\/wp\/v2\/pages\/57","targetHints":{"allow":["GET"]}}],"collection":[{"href":"https:\/\/www.expeditionkilimanjaro.com\/deutsch\/wp-json\/wp\/v2\/pages"}],"about":[{"href":"https:\/\/www.expeditionkilimanjaro.com\/deutsch\/wp-json\/wp\/v2\/types\/page"}],"author":[{"embeddable":true,"href":"https:\/\/www.expeditionkilimanjaro.com\/deutsch\/wp-json\/wp\/v2\/users\/1"}],"replies":[{"embeddable":true,"href":"https:\/\/www.expeditionkilimanjaro.com\/deutsch\/wp-json\/wp\/v2\/comments?post=57"}],"version-history":[{"count":9,"href":"https:\/\/www.expeditionkilimanjaro.com\/deutsch\/wp-json\/wp\/v2\/pages\/57\/revisions"}],"predecessor-version":[{"id":220,"href":"https:\/\/www.expeditionkilimanjaro.com\/deutsch\/wp-json\/wp\/v2\/pages\/57\/revisions\/220"}],"wp:attachment":[{"href":"https:\/\/www.expeditionkilimanjaro.com\/deutsch\/wp-json\/wp\/v2\/media?parent=57"}],"curies":[{"name":"wp","href":"https:\/\/api.w.org\/{rel}","templated":true}]}}