{"id":51,"date":"2023-03-02T20:00:42","date_gmt":"2023-03-02T20:00:42","guid":{"rendered":"https:\/\/www.expeditionkilimanjaro.com\/deutsch\/?page_id=51"},"modified":"2023-03-28T16:00:33","modified_gmt":"2023-03-28T15:00:33","slug":"preis-datum","status":"publish","type":"page","link":"https:\/\/www.expeditionkilimanjaro.com\/deutsch\/preis-datum\/","title":{"rendered":"Datum, Preis und andere Kosten"},"content":{"rendered":"<h2>W\u00e4hle dein eigenes Datum f\u00fcr deine Expedition Kilimanjaro<\/h2>\n<p><img loading=\"lazy\" decoding=\"async\" class=\"alignright \" src=\"https:\/\/static.thenounproject.com\/png\/3621554-200.png\" width=\"151\" height=\"151\" \/>Wenn du allein oder mit deiner eigenen Gruppe reist, kannst du dein eigenes Datum f\u00fcr die 11-t\u00e4gige Kilimandscharo-Expedition w\u00e4hlen.<\/p>\n<p>Du kannst dich auch einer Expeditionsgruppe in einem bestimmten Monat anschlie\u00dfen. Dann bist du in einer Gruppe mit anderen internationalen Reisenden. <span style=\"color: #ff0000;\"><strong><a style=\"color: #ff0000;\" href=\"https:\/\/www.expeditionkilimanjaro.com\/deutsch\/#agenda\">Siehe die Agenda auf der Titelseite.<\/a><\/strong><\/span><\/p>\n<hr \/>\n<h2>Welche ist die beste Zeit, um den Kilimandscharo zu besteigen?<\/h2>\n<ul>\n<li><strong>Januar &#8211; M\u00e4rz<\/strong> hat anst\u00e4ndiges, w\u00e4rmeres Wetter mit gelegentlichem Regen. Die Preise f\u00fcr Flugtickets sind g\u00fcnstig.<\/li>\n<li><strong>April &#8211; Anfang Mai<\/strong> ist die Regenzeit, dann sind keine Expeditionen m\u00f6glich.<\/li>\n<li><strong>Juni &#8211; August<\/strong> alles ist gr\u00fcn, aber es ist die kalte Jahreszeit und deswegen weniger besucht.<\/li>\n<li><strong>September &#8211; Anfang November<\/strong> bietet das beste Wetter, ist aber auch die belebteste Jahreszeit am Berg.<\/li>\n<li><strong>Dezember\u00a0<\/strong>ist es trocken, aber w\u00e4rmer, und es besteht die M\u00f6glichkeit, dass w\u00e4hrend der Gipfelbesteigung Schnee f\u00e4llt.<\/li>\n<\/ul>\n<hr \/>\n<h1><strong>Preis der Expedition Kilimanjaro<\/strong><\/h1>\n<p><em>Ramon Stoppelenburgs Expedition Kilimanjaro<\/em> ist ein 11-t\u00e4giges Abenteuer in Tansania. Es besteht aus <strong>7 Tagen <\/strong>auf dem Berg (6 N\u00e4chte) und <strong>4 N\u00e4chten<\/strong> in einem gem\u00fctlichen *** Hotel in Arusha (zwei Tage vor und zwei Tage nach der Besteigung).<\/p>\n<p>Eine Expeditionsgruppe besteht aus maximal 12 Personen und wird von qualifizierten englischsprachigen Guides mit jahrelanger Erfahrung am Berg gef\u00fchrt.<\/p>\n<h2 class=\"has-text-align-center has-text-color\" style=\"color: #ff0000;\"><b>Der Preis f\u00fcr die Expedition Kilimanjaro betr\u00e4gt<br \/>\nUS$ 1999 pro Person<\/b><\/h2>\n<p><b>Dies beinhaltet:<\/b><\/p>\n<ul>\n<li>Tansanische <strong>Mehrwertsteuer<\/strong> von 18%, eingef\u00fchrt am 1. Juli 2016<\/li>\n<li><strong>Transfers<\/strong> zum\/vom Kilimanjaro International Airport oder zur\/vom Shuttlebushaltestelle in Arusha von Dar Es Salaam oder Nairobi<\/li>\n<li><strong>Vier N\u00e4chte<\/strong> in einem charmanten Hotel mit Bett &amp; Fr\u00fchst\u00fcck (2 N\u00e4chte vor und 2 N\u00e4chte nach der Besteigung in Einzel-, Doppel- oder Dreibettzimmern) in der Stadt Arusha<\/li>\n<li><strong>Transfers<\/strong> zum\/vom Eingang des Kilimanjaro Nationalparks<\/li>\n<li><strong>Volles Bergteam<\/strong> (F\u00fchrer, Koch, Assistenten, Tr\u00e4ger)<\/li>\n<li><strong>Drei Mahlzeiten pro Tag<\/strong> w\u00e4hrend der Besteigung<\/li>\n<li><strong>Wasser<\/strong> (am ersten Expeditionstag in Flaschen abgef\u00fcllt, am Berg abgekocht und gefiltert)<\/li>\n<li><strong>Campinggeb\u00fchren<\/strong> f\u00fcr die Machame Route<\/li>\n<li><strong>Erlaubnis<\/strong> zum Besuch des Kilimanjaro Nationalparks<\/li>\n<li><strong>Flying Doctors Rescue<\/strong> Versicherungszuschlag<\/li>\n<li>Alle staatlichen <strong>Steuern<\/strong><\/li>\n<\/ul>\n<p><b>Im Preis nicht enthalten:<\/b><\/p>\n<ul>\n<li>Die <strong>Hin\/R\u00fcckfl\u00fcge<\/strong> nach\/von Tansania<\/li>\n<li><strong>Inlandsfl\u00fcge<\/strong> oder Transfers (z.B. von Dar es Salaam etc)<\/li>\n<li>Internationale Reisen <strong>Visa<\/strong><\/li>\n<li>Erforderliche <strong>Impfungen<\/strong> und deren Kosten<\/li>\n<li>Pers\u00f6nliche <strong>Reiseversicherung<\/strong> (mit Schutz f\u00fcr Bergsportarten)<\/li>\n<li>Alkohol, Getr\u00e4nke, <strong>pers\u00f6nliche Ausgaben<\/strong> in Arusha.<\/li>\n<li>Schlafs\u00e4cke und Trekkingst\u00f6cke (diese k\u00f6nnen jedoch im Hotel f\u00fcr ein paar Dollar pro Tag ausgeliehen werden)<\/li>\n<li><strong>Waschsalon<\/strong> (im Hotel m\u00f6glich)<\/li>\n<li><strong>Tipps<\/strong> f\u00fcr das Bergteam (max. 13% des Expeditionspreises)<\/li>\n<li><strong>Mittag- und Abendessen<\/strong> in Arusha.<\/li>\n<\/ul>\n<hr \/>\n<h2><a name=\"buchung\"><\/a><strong>Du m\u00f6chtest eine Expedition Kilimanjaro buchen?<\/strong><\/h2>\n<p>Bitte benutze <strong>das Buchungsformular<\/strong>, um deine Expedition zu buchen. So kann ich pr\u00fcfen, ob das Hotel an deinem gew\u00fcnschten Anreisetag verf\u00fcgbar ist und ob eine Besteigung m\u00f6glich ist.<\/p>\n<blockquote><p>Bitte schau dir auch meine <a href=\"https:\/\/www.expeditionkilimanjaro.com\/deutsch\/safari\">vielf\u00e4ltigen Optionen f\u00fcr eine Safari<\/a> im Anschluss nach deiner Kilimandscharo-Expedition an. <strong>Wenn du sowieso dort bist&#8230;.<\/strong><\/p><\/blockquote>\n<p>Wenn eine Expedition Kilimanjaro an deinem Wunschtermin stattfinden kann, pr\u00fcfe genau, ob dein Flug auch an diesem Tag gebucht werden kann. Denke an eine Reisedauer von 11 Tagen (Ankunft am 1. Tag, Abreise am 11. Tag).<\/p>\n<p>Also:<\/p>\n<ul>\n<li>Pr\u00fcfe, ob <a href=\"https:\/\/www.expeditionkilimanjaro.com\/deutsch\/fliege\">ein Flug verf\u00fcgbar ist<\/a> an deinem gew\u00fcnschten Anreisedatum<\/li>\n<li><a href=\"https:\/\/www.expeditionkilimanjaro.com\/deutsch\/reservation\"><b><span style=\"color: red;\">F\u00fclle dieses Buchungsformular<\/span><\/b><\/a> hier aus (pro Teilnehmer)<\/li>\n<li>Du erh\u00e4ltst eine Buchungsbest\u00e4tigung per E-Mail<\/li>\n<li>Nach Zahlungseingang erh\u00e4ltst du die Gutscheine in deinem Briefkasten<\/li>\n<\/ul>\n<p><strong>Nach dem Ausf\u00fcllen und Absenden des Buchungsformulars erh\u00e4ltst du innerhalb von 48 Stunden (an Werktagen) eine Buchungsbest\u00e4tigung.<\/strong> Die Buchungsbest\u00e4tigung ist gleichzeitig die Rechnung. Das bedeutet, dass deine Hotelunterkunft und der Aufstieg damit offiziell reserviert sind. Damit kannst du auch gleich deinen Flug bzw. deine Fl\u00fcge buchen und festlegen.<\/p>\n<p>Eine Kilimandscharo-Expedition ist erst dann vollst\u00e4ndig gebucht, wenn die vollst\u00e4ndige Zahlung erfolgt ist. Nach der Zahlung erh\u00e4ltst du die Gutscheine f\u00fcr das Hotel und die Besteigung in deinem Briefkasten.<\/p>\n<hr \/>\n<h2><a name=\"trinkgeld\"><\/a>Trinkgeld<\/h2>\n<p>In Tansania ist es \u00fcblich, dass jeder Teilnehmer einen Beitrag zum Trinkgeld f\u00fcr das Bergteam leistet. Die Guides, Assistenten, K\u00f6che und Tr\u00e4ger sind loyale Arbeiter und ein Trinkgeld dient als Anerkennung f\u00fcr ihre gute, harte Arbeit.<\/p>\n<p>Das Trinkgeld wird am Ende der Kilimandscharo-Expedition eingesammelt und bei der Abschlusszeremonie an den Chef-Guide \u00fcberreicht. Rechne mit einem Minimum von 10% bis zu einem Maximum von 13% des Expeditionspreises.<\/p>\n<hr \/>\n<h2><a name=\"versicherung\"><\/a>Schlie\u00dfe eine umfassende Reiseversicherung ab<\/h2>\n<p>Du solltest sicherstellen, dass du \u00fcber eine angemessene Reise- und Krankenversicherung verf\u00fcgst, die alle deine Aktivit\u00e4ten einschlie\u00dflich der Besteigung des Kilimandscharo und m\u00f6glicher Notfallhilfe und R\u00fccktransport nach Hause abdeckt.<\/p>\n<p>Du kannst im Internet eine Pr\u00e4mie berechnen, einen Kostenvoranschlag einholen oder eine vern\u00fcnftige Versicherung kaufen.<\/p>\n<hr \/>\n<p><a name=\"visa\"><\/a><\/p>\n<h2>Visumanforderungen<\/h2>\n<p><img loading=\"lazy\" decoding=\"async\" class=\"aligncenter size-full wp-image-3556\" src=\"https:\/\/www.expeditiekilimanjaro.nl\/wp-content\/uploads\/2023\/02\/entry-and-visa-requirements-tanzania.png\" alt=\"\" width=\"437\" height=\"287\" \/><\/p>\n<p>Bitte beachte, dass du f\u00fcr deine Reise nach Tansania einen g\u00fcltigen Reisepass und ein <strong>Visum f\u00fcr dieses Land<\/strong> ben\u00f6tigst.<\/p>\n<p>Du kannst ein <strong>Visum bei der Ankunft<\/strong> in Dar es Salaam oder am Kilimanjaro International Airport und an der Grenze zwischen Tansania und Kenia erhalten und es kostet 50 US-Dollar (in bar zu bezahlen). <strong>(Hinweis: Inhaber von US-P\u00e4ssen zahlen hier 100 US-Dollar)<\/strong>.<\/p>\n<p>Du kannst auch <strong><a href=\"https:\/\/eservices.immigration.go.tz\/visa\/\" target=\"_blank\" rel=\"noreferrer noopener\">ein eVisum online beantragen<\/a><\/strong> oder du kannst es im Voraus bei einem tansanischen Konsulat oder einer Botschaft in deinem eigenen Land beantragen<\/p>\n<p>Sobald du dein Visum beantragt hast, kannst du 90 Tage lang in das Land reisen. Das Visum tritt in Kraft, sobald du das Land betrittst.<\/p>\n","protected":false},"excerpt":{"rendered":"<p>W\u00e4hle dein eigenes Datum f\u00fcr deine Expedition Kilimanjaro Wenn du allein oder mit deiner eigenen Gruppe reist, kannst du dein eigenes Datum f\u00fcr die 11-t\u00e4gige Kilimandscharo-Expedition w\u00e4hlen. Du kannst dich auch einer&#8230;<\/p>\n","protected":false},"author":1,"featured_media":0,"parent":0,"menu_order":0,"comment_status":"closed","ping_status":"closed","template":"","meta":{"footnotes":""},"class_list":["post-51","page","type-page","status-publish","hentry"],"yoast_head":"<!-- This site is optimized with the Yoast SEO plugin v20.12 - https:\/\/yoast.com\/wordpress\/plugins\/seo\/ -->\n<title>Datum, Preis und andere Kosten | Expedition Kilimanjaro - Besteige den Kilimandscharo, Afrikas h\u00f6chsten Berg!<\/title>\n<meta name=\"description\" content=\"Ramon Stoppelenburg offeriert eine 11-t\u00e4gige Besteigung des Kilimandscharo inklusive 4 Hotel\u00fcbernachtungen f\u00fcr nur US$ 1.999 p.P.. Dieses Angebot finden Sie sonst nirgendwo!\" \/>\n<meta name=\"robots\" content=\"index, follow, max-snippet:-1, max-image-preview:large, max-video-preview:-1\" \/>\n<link rel=\"canonical\" href=\"https:\/\/www.expeditionkilimanjaro.com\/deutsch\/preis-datum\/\" \/>\n<meta property=\"og:locale\" content=\"en_GB\" \/>\n<meta property=\"og:type\" content=\"article\" \/>\n<meta property=\"og:title\" content=\"Datum, Preis und andere Kosten | Expedition Kilimanjaro - Besteige den Kilimandscharo, Afrikas h\u00f6chsten Berg!\" \/>\n<meta property=\"og:description\" content=\"Ramon Stoppelenburg offeriert eine 11-t\u00e4gige Besteigung des Kilimandscharo inklusive 4 Hotel\u00fcbernachtungen f\u00fcr nur US$ 1.999 p.P.. Dieses Angebot finden Sie sonst nirgendwo!\" \/>\n<meta property=\"og:url\" content=\"https:\/\/www.expeditionkilimanjaro.com\/deutsch\/preis-datum\/\" \/>\n<meta property=\"og:site_name\" content=\"Expedition Kilimanjaro - Besteige den Kilimandscharo, Afrikas h\u00f6chsten Berg!\" \/>\n<meta property=\"article:publisher\" content=\"https:\/\/www.facebook.com\/ExpeditionKilimanjaro\" \/>\n<meta property=\"article:modified_time\" content=\"2023-03-28T15:00:33+00:00\" \/>\n<meta property=\"og:image\" content=\"https:\/\/static.thenounproject.com\/png\/3621554-200.png\" \/>\n<meta name=\"twitter:card\" content=\"summary_large_image\" \/>\n<meta name=\"twitter:label1\" content=\"Estimated reading time\" \/>\n\t<meta name=\"twitter:data1\" content=\"4 minutes\" \/>\n<script type=\"application\/ld+json\" class=\"yoast-schema-graph\">{\"@context\":\"https:\/\/schema.org\",\"@graph\":[{\"@type\":\"WebPage\",\"@id\":\"https:\/\/www.expeditionkilimanjaro.com\/deutsch\/preis-datum\/\",\"url\":\"https:\/\/www.expeditionkilimanjaro.com\/deutsch\/preis-datum\/\",\"name\":\"Datum, Preis und andere Kosten | Expedition Kilimanjaro - Besteige den Kilimandscharo, Afrikas h\u00f6chsten Berg!\",\"isPartOf\":{\"@id\":\"https:\/\/www.expeditionkilimanjaro.com\/deutsch\/#website\"},\"datePublished\":\"2023-03-02T20:00:42+00:00\",\"dateModified\":\"2023-03-28T15:00:33+00:00\",\"description\":\"Ramon Stoppelenburg offeriert eine 11-t\u00e4gige Besteigung des Kilimandscharo inklusive 4 Hotel\u00fcbernachtungen f\u00fcr nur US$ 1.999 p.P.. Dieses Angebot finden Sie sonst nirgendwo!\",\"breadcrumb\":{\"@id\":\"https:\/\/www.expeditionkilimanjaro.com\/deutsch\/preis-datum\/#breadcrumb\"},\"inLanguage\":\"en-GB\",\"potentialAction\":[{\"@type\":\"ReadAction\",\"target\":[\"https:\/\/www.expeditionkilimanjaro.com\/deutsch\/preis-datum\/\"]}]},{\"@type\":\"BreadcrumbList\",\"@id\":\"https:\/\/www.expeditionkilimanjaro.com\/deutsch\/preis-datum\/#breadcrumb\",\"itemListElement\":[{\"@type\":\"ListItem\",\"position\":1,\"name\":\"Home\",\"item\":\"https:\/\/www.expeditionkilimanjaro.com\/deutsch\/\"},{\"@type\":\"ListItem\",\"position\":2,\"name\":\"Datum, Preis und andere Kosten\"}]},{\"@type\":\"WebSite\",\"@id\":\"https:\/\/www.expeditionkilimanjaro.com\/deutsch\/#website\",\"url\":\"https:\/\/www.expeditionkilimanjaro.com\/deutsch\/\",\"name\":\"Expedition Kilimanjaro - Besteige den Kilimandscharo, Afrikas h\u00f6chsten Berg!\",\"description\":\"Das Abenteuer deines Lebens\",\"publisher\":{\"@id\":\"https:\/\/www.expeditionkilimanjaro.com\/deutsch\/#organization\"},\"alternateName\":\"Ramon Stoppelenburg's Expedition Kilimanjaro\",\"potentialAction\":[{\"@type\":\"SearchAction\",\"target\":{\"@type\":\"EntryPoint\",\"urlTemplate\":\"https:\/\/www.expeditionkilimanjaro.com\/deutsch\/?s={search_term_string}\"},\"query-input\":\"required name=search_term_string\"}],\"inLanguage\":\"en-GB\"},{\"@type\":\"Organization\",\"@id\":\"https:\/\/www.expeditionkilimanjaro.com\/deutsch\/#organization\",\"name\":\"Ramon Stoppelenburg's Expedition Kilimanjaro\",\"alternateName\":\"Expedition Kilimanjaro Ltd.\",\"url\":\"https:\/\/www.expeditionkilimanjaro.com\/deutsch\/\",\"logo\":{\"@type\":\"ImageObject\",\"inLanguage\":\"en-GB\",\"@id\":\"https:\/\/www.expeditionkilimanjaro.com\/deutsch\/#\/schema\/logo\/image\/\",\"url\":\"https:\/\/www.expeditionkilimanjaro.com\/deutsch\/wp-content\/uploads\/2023\/05\/logo-german-met-tekst.png\",\"contentUrl\":\"https:\/\/www.expeditionkilimanjaro.com\/deutsch\/wp-content\/uploads\/2023\/05\/logo-german-met-tekst.png\",\"width\":517,\"height\":320,\"caption\":\"Ramon Stoppelenburg's Expedition Kilimanjaro\"},\"image\":{\"@id\":\"https:\/\/www.expeditionkilimanjaro.com\/deutsch\/#\/schema\/logo\/image\/\"},\"sameAs\":[\"https:\/\/www.facebook.com\/ExpeditionKilimanjaro\"]}]}<\/script>\n<!-- \/ Yoast SEO plugin. -->","yoast_head_json":{"title":"Datum, Preis und andere Kosten | Expedition Kilimanjaro - Besteige den Kilimandscharo, Afrikas h\u00f6chsten Berg!","description":"Ramon Stoppelenburg offeriert eine 11-t\u00e4gige Besteigung des Kilimandscharo inklusive 4 Hotel\u00fcbernachtungen f\u00fcr nur US$ 1.999 p.P.. Dieses Angebot finden Sie sonst nirgendwo!","robots":{"index":"index","follow":"follow","max-snippet":"max-snippet:-1","max-image-preview":"max-image-preview:large","max-video-preview":"max-video-preview:-1"},"canonical":"https:\/\/www.expeditionkilimanjaro.com\/deutsch\/preis-datum\/","og_locale":"en_GB","og_type":"article","og_title":"Datum, Preis und andere Kosten | Expedition Kilimanjaro - Besteige den Kilimandscharo, Afrikas h\u00f6chsten Berg!","og_description":"Ramon Stoppelenburg offeriert eine 11-t\u00e4gige Besteigung des Kilimandscharo inklusive 4 Hotel\u00fcbernachtungen f\u00fcr nur US$ 1.999 p.P.. Dieses Angebot finden Sie sonst nirgendwo!","og_url":"https:\/\/www.expeditionkilimanjaro.com\/deutsch\/preis-datum\/","og_site_name":"Expedition Kilimanjaro - Besteige den Kilimandscharo, Afrikas h\u00f6chsten Berg!","article_publisher":"https:\/\/www.facebook.com\/ExpeditionKilimanjaro","article_modified_time":"2023-03-28T15:00:33+00:00","og_image":[{"url":"https:\/\/static.thenounproject.com\/png\/3621554-200.png"}],"twitter_card":"summary_large_image","twitter_misc":{"Estimated reading time":"4 minutes"},"schema":{"@context":"https:\/\/schema.org","@graph":[{"@type":"WebPage","@id":"https:\/\/www.expeditionkilimanjaro.com\/deutsch\/preis-datum\/","url":"https:\/\/www.expeditionkilimanjaro.com\/deutsch\/preis-datum\/","name":"Datum, Preis und andere Kosten | Expedition Kilimanjaro - Besteige den Kilimandscharo, Afrikas h\u00f6chsten Berg!","isPartOf":{"@id":"https:\/\/www.expeditionkilimanjaro.com\/deutsch\/#website"},"datePublished":"2023-03-02T20:00:42+00:00","dateModified":"2023-03-28T15:00:33+00:00","description":"Ramon Stoppelenburg offeriert eine 11-t\u00e4gige Besteigung des Kilimandscharo inklusive 4 Hotel\u00fcbernachtungen f\u00fcr nur US$ 1.999 p.P.. Dieses Angebot finden Sie sonst nirgendwo!","breadcrumb":{"@id":"https:\/\/www.expeditionkilimanjaro.com\/deutsch\/preis-datum\/#breadcrumb"},"inLanguage":"en-GB","potentialAction":[{"@type":"ReadAction","target":["https:\/\/www.expeditionkilimanjaro.com\/deutsch\/preis-datum\/"]}]},{"@type":"BreadcrumbList","@id":"https:\/\/www.expeditionkilimanjaro.com\/deutsch\/preis-datum\/#breadcrumb","itemListElement":[{"@type":"ListItem","position":1,"name":"Home","item":"https:\/\/www.expeditionkilimanjaro.com\/deutsch\/"},{"@type":"ListItem","position":2,"name":"Datum, Preis und andere Kosten"}]},{"@type":"WebSite","@id":"https:\/\/www.expeditionkilimanjaro.com\/deutsch\/#website","url":"https:\/\/www.expeditionkilimanjaro.com\/deutsch\/","name":"Expedition Kilimanjaro - Besteige den Kilimandscharo, Afrikas h\u00f6chsten Berg!","description":"Das Abenteuer deines Lebens","publisher":{"@id":"https:\/\/www.expeditionkilimanjaro.com\/deutsch\/#organization"},"alternateName":"Ramon Stoppelenburg's Expedition Kilimanjaro","potentialAction":[{"@type":"SearchAction","target":{"@type":"EntryPoint","urlTemplate":"https:\/\/www.expeditionkilimanjaro.com\/deutsch\/?s={search_term_string}"},"query-input":"required name=search_term_string"}],"inLanguage":"en-GB"},{"@type":"Organization","@id":"https:\/\/www.expeditionkilimanjaro.com\/deutsch\/#organization","name":"Ramon Stoppelenburg's Expedition Kilimanjaro","alternateName":"Expedition Kilimanjaro Ltd.","url":"https:\/\/www.expeditionkilimanjaro.com\/deutsch\/","logo":{"@type":"ImageObject","inLanguage":"en-GB","@id":"https:\/\/www.expeditionkilimanjaro.com\/deutsch\/#\/schema\/logo\/image\/","url":"https:\/\/www.expeditionkilimanjaro.com\/deutsch\/wp-content\/uploads\/2023\/05\/logo-german-met-tekst.png","contentUrl":"https:\/\/www.expeditionkilimanjaro.com\/deutsch\/wp-content\/uploads\/2023\/05\/logo-german-met-tekst.png","width":517,"height":320,"caption":"Ramon Stoppelenburg's Expedition Kilimanjaro"},"image":{"@id":"https:\/\/www.expeditionkilimanjaro.com\/deutsch\/#\/schema\/logo\/image\/"},"sameAs":["https:\/\/www.facebook.com\/ExpeditionKilimanjaro"]}]}},"_links":{"self":[{"href":"https:\/\/www.expeditionkilimanjaro.com\/deutsch\/wp-json\/wp\/v2\/pages\/51","targetHints":{"allow":["GET"]}}],"collection":[{"href":"https:\/\/www.expeditionkilimanjaro.com\/deutsch\/wp-json\/wp\/v2\/pages"}],"about":[{"href":"https:\/\/www.expeditionkilimanjaro.com\/deutsch\/wp-json\/wp\/v2\/types\/page"}],"author":[{"embeddable":true,"href":"https:\/\/www.expeditionkilimanjaro.com\/deutsch\/wp-json\/wp\/v2\/users\/1"}],"replies":[{"embeddable":true,"href":"https:\/\/www.expeditionkilimanjaro.com\/deutsch\/wp-json\/wp\/v2\/comments?post=51"}],"version-history":[{"count":10,"href":"https:\/\/www.expeditionkilimanjaro.com\/deutsch\/wp-json\/wp\/v2\/pages\/51\/revisions"}],"predecessor-version":[{"id":176,"href":"https:\/\/www.expeditionkilimanjaro.com\/deutsch\/wp-json\/wp\/v2\/pages\/51\/revisions\/176"}],"wp:attachment":[{"href":"https:\/\/www.expeditionkilimanjaro.com\/deutsch\/wp-json\/wp\/v2\/media?parent=51"}],"curies":[{"name":"wp","href":"https:\/\/api.w.org\/{rel}","templated":true}]}}