{"id":34,"date":"2023-03-01T18:05:40","date_gmt":"2023-03-01T18:05:40","guid":{"rendered":"https:\/\/www.expeditionkilimanjaro.com\/deutsch\/?page_id=34"},"modified":"2023-03-01T18:05:40","modified_gmt":"2023-03-01T18:05:40","slug":"reisebedingungen","status":"publish","type":"page","link":"https:\/\/www.expeditionkilimanjaro.com\/deutsch\/reisebedingungen\/","title":{"rendered":"Reisebedingungen<br> f\u00fcr die Expedition Kilimanjaro"},"content":{"rendered":"<h5><strong><em>Ramon Stoppelenburgs Expedition Kilimanjaro <\/em>wird <\/strong>in \u00dcbereinstimmung mit den Reisebedingungen des Branchenverbandes Allgemeiner Verband der Reiseunternehmen (ANVR) in den Niederlanden<strong> durchgef\u00fchrt. Ramon Stoppelenburg ist dein Reiseveranstalter.<\/strong><\/h5>\n<p><center><img decoding=\"async\" class=\"alignnone size-full wp-image-3381\" src=\"https:\/\/www.expeditiekilimanjaro.nl\/wp-content\/uploads\/2023\/02\/anvr-sgr-calamiteitenfonds-1520x855-1.jpg\" alt=\"\" width=\"200\" \/><\/center><\/p>\n<h5><strong>Du bist daf\u00fcr verantwortlich<\/strong>, dass du die notwendigen Informationen zur Verf\u00fcgung stellst, um eine korrekte Reservierung zu erstellen und durchzuf\u00fchren. Dazu geh\u00f6rt zum Beispiel die Angabe des richtigen Namens, der Adresse, des Wohnorts, des Geburtsdatums, der Nationalit\u00e4t usw. Du bist auch daf\u00fcr verantwortlich, dass du im Besitz der richtigen <strong>Reisedokumente<\/strong> bist (Reisepass, Visa, Impfzeugnisse), wenn du reist. Der Reiseveranstalter stellt zu diesem Zweck allgemeine Informationen auf der Website <a href=\"http:\/\/www.expeditionkilimanjaro.com\">www.expeditionkilimanjaro.com<\/a> bereit.<\/h5>\n<h5>Der Reiseveranstalter wird dir in der Regel innerhalb von zwei (Arbeits-)Tagen nach deiner Buchung eine Best\u00e4tigung zukommen lassen.<\/h5>\n<h5><strong>Die Tagesprogramme dieser<\/strong> Reise sind so geschrieben, dass sie einen m\u00f6glichst guten Eindruck von der geplanten Gestaltung der Reise vermitteln. Es gibt jedoch Faktoren, die die Durchf\u00fchrung beeintr\u00e4chtigen k\u00f6nnen, wie z.B. gesperrte Stra\u00dfen, schlechtes Wetter oder Ausf\u00e4lle der Ausr\u00fcstung.<\/h5>\n<h5>Wenn bestimmte Umst\u00e4nde eintreten, beh\u00e4lt sich der Reiseveranstalter ausdr\u00fccklich das Recht vor, \u00c4nderungen an der Reiseroute, dem Tagesablauf, den Unterk\u00fcnften, dem Transport oder den Ausfl\u00fcgen vornehmen zu lassen. In einem solchen Fall kannst du nat\u00fcrlich sicher sein, dass der Reiseveranstalter sein Bestes tun wird, um die Qualit\u00e4t und den Charakter der Expedition so weit wie m\u00f6glich zu erhalten.<\/h5>\n<h5>Eventuelle zus\u00e4tzliche Reise- und Unterkunftskosten, die durch <strong>H\u00f6here Gewalt<\/strong> entstehen, k\u00f6nnen von den Teilnehmern getragen werden. Sollte eine der angebotenen Unterk\u00fcnfte wider Erwarten nicht zustande kommen, wird der Reiseveranstalter eine gleichwertige, alternative Unterkunft f\u00fcr dich reservieren.<\/h5>\n<h5>F\u00fcr Expeditionsrouten oder Aktivit\u00e4ten, bei denen der Reiseveranstalter nicht direkt vermittelt, tr\u00e4gt der Reiseveranstalter keine Verantwortung.<\/h5>\n<h5>Die Website kann Verweise auf andere Websites enthalten. Diese haben rein informativen Charakter oder sollen ein breiteres Bild \u00fcber den Inhalt der Expedition vermitteln. Der Reiseveranstalter ist in keinem Fall verantwortlich f\u00fcr den Inhalt anderer Websites als die von Expedition Kilimanjaro selbst.<\/h5>\n<h4><strong>Stornierungsbedingungen<\/strong><\/h4>\n<h5>Die Stornierung einer Expedition (nach einer vollst\u00e4ndig bezahlten Buchung) durch den Reisenden muss dem Reiseveranstalter von Expedition Kilimanjaro unverz\u00fcglich, schriftlich per E-Mail durch den Reisenden mitgeteilt werden.<\/h5>\n<h5>Bei Stornierung einer Reise fallen folgende Kosten an:<\/h5>\n<ul>\n<li>\n<h5>Bei einer Stornierung der Reise bis 60 Tage vor Abreise fallen 25% des Reisepreises an.<\/h5>\n<\/li>\n<li>\n<h5>R\u00fccktritt von der Reise zwischen 60 und 30 Tagen vor der Abreise kostet 50% des Reisepreises.<\/h5>\n<\/li>\n<li>\n<h5>R\u00fccktritt von der Reise zwischen 30 und 20 Tagen vor der Abfahrt kostet 75% des Reisepreises.<\/h5>\n<\/li>\n<li>\n<h5>Bei einer Stornierung der Reise innerhalb von 20 Tagen vor der Abreise werden 100% des Reisepreises f\u00e4llig.<\/h5>\n<\/li>\n<\/ul>\n<h5><em>Um das finanzielle Risiko einer Reisestornierung abzudecken, ist es immer ratsam, eine <strong>R\u00fccktrittsversicherung<\/strong> bei der Reiseversicherung deiner Wahl abzuschlie\u00dfen.<\/em><\/h5>\n<h5>Der Reiseveranstalter kann gezwungen sein, eine Reise zu stornieren, wenn Umst\u00e4nde eintreten, die die Qualit\u00e4t, Durchf\u00fchrung oder Sicherheit der Reise beeintr\u00e4chtigen k\u00f6nnten.<\/h5>\n<h5>Im Falle der Absage einer Reise ist der Reiseveranstalter verpflichtet, den Reisenden unverz\u00fcglich unter Angabe der Gr\u00fcnde zu informieren. Storniert der Reiseveranstalter eine Reise, kann er nicht f\u00fcr entstandene finanzielle Verluste oder entgangene Reisefreuden des Reisenden haftbar gemacht werden, wenn die Stornierung auf <strong>normale und unvorhersehbare Umst\u00e4nde<\/strong> zur\u00fcckzuf\u00fchren ist, die unabh\u00e4ngig vom Willen der Person sind, die sie geltend macht, und deren Folgen trotz aller Vorsichtsma\u00dfnahmen nicht vermieden werden konnten. Dazu geh\u00f6ren z.B. pl\u00f6tzliche lokale politische Spannungen, eine Pandemie oder Naturkatastrophen.<\/h5>\n<h5>Es wird keine <strong>Haftung<\/strong> f\u00fcr Kosten \u00fcbernommen, die dem Reisenden bereits entstanden sind, wie z.B. Versicherungspr\u00e4mien, gebuchte(r) Flug(e), Visakosten, Impfungen, etc.<\/h5>\n<h5>Der Reiseveranstalter \u00fcbernimmt <strong>keine Haftung<\/strong> f\u00fcr Sch\u00e4den und\/oder Verletzungen, die dem Reisenden zugef\u00fcgt werden, unabh\u00e4ngig davon, wer sie verursacht hat und unabh\u00e4ngig von der Ursache. Ebenso wenig haftet der Reiseveranstalter f\u00fcr Verlust, Diebstahl oder Besch\u00e4digung von Eigentum, einschlie\u00dflich Geld.<\/h5>\n<h5>Offensichtliche Irrt\u00fcmer und Fehler im Reiseprogramm binden den Reiseveranstalter nicht.<\/h5>\n<h5><\/h5>\n<h4><strong>Vorbehalt von \u00c4nderungen<\/strong><\/h4>\n<h5>Der Reiseveranstalter beh\u00e4lt sich das Recht vor, die Preise der angebotenen Reisen anzupassen, wenn sich die derzeit g\u00fcltigen tansanischen Mehrwertsteuerbestimmungen \u00e4ndern. Au\u00dferdem besteht immer die M\u00f6glichkeit, dass Reiserouten ge\u00e4ndert werden m\u00fcssen oder im Laufe eines Jahres andere Ver\u00e4nderungen eintreten, die dazu f\u00fchren, dass eine geplante Expedition nicht durchgef\u00fchrt werden kann.<\/h5>\n<h5>Lokale Umst\u00e4nde und der abenteuerliche Charakter der Kilimandscharo-Expedition k\u00f6nnen dazu f\u00fchren, dass vor oder w\u00e4hrend der Reise kleinere oder gr\u00f6\u00dfere Anpassungen am Reiseprogramm und\/oder der Reiseroute vorgenommen werden m\u00fcssen. Der Reiseveranstalter verpflichtet sich, nachteilige Folgen f\u00fcr den Reisenden so weit wie m\u00f6glich zu begrenzen und nach Alternativen zu suchen, die den Charakter des urspr\u00fcnglichen Programms so weit wie m\u00f6glich erhalten.<\/h5>\n<h5>Im Falle von \u00c4nderungen vor der Abreise wird der Reisende unverz\u00fcglich unter Angabe von Gr\u00fcnden informiert. Au\u00dferdem wird in jedem Fall erwartet, dass der Reisende \u00fcber die \u00f6rtlichen Gegebenheiten im Allgemeinen informiert wird.<\/h5>\n<h5>Grunds\u00e4tzlich wirken sich \u00c4nderungen nicht auf den Reisepreis aus und der Reisende hat keinen Anspruch auf Entsch\u00e4digung f\u00fcr \u00c4nderungen, die vom Reiseveranstalter als notwendig erachtet werden.<\/h5>\n<h5>Der Reisende kann jederzeit \u00c4nderungen an der Pauschalreise vornehmen.<\/h5>\n<h5>Der Reisende kann \u00c4nderungen (einschlie\u00dflich \u00c4nderungen des Flugpreises) ablehnen, aber nur, wenn es keine zumutbare Alternative gibt und die \u00c4nderung f\u00fcr ihn mehr als nur geringf\u00fcgige Unannehmlichkeiten bedeuten w\u00fcrde. Im Falle einer Ablehnung kann der Reiseveranstalter den Reisevertrag mit dem Reisenden k\u00fcndigen; in diesem Fall gelten die K\u00fcndigungsbedingungen.<\/h5>\n<h4><strong>Preise<\/strong><\/h4>\n<h5>Alle Preise auf dieser Website verstehen sich pro Person und in <strong>amerikanische Dollar<\/strong> (die f\u00fchrende <strong>W\u00e4hrung<\/strong> in Tansania). Visageb\u00fchren, Impfgeb\u00fchren, Versicherungen, Sicherheitssteuern und pers\u00f6nliche Ausgaben sind nie im Reisepreis enthalten, es sei denn, es ist anders angegeben. Alle Preise sind vorbehaltlich von \u00c4nderungen und offensichtlichen Fehlern.<\/h5>\n<h4>Fakturierung<\/h4>\n<h5>Nach der Buchungsbest\u00e4tigung erh\u00e4lt der Reisende eine Rechnung, in der die Details der Buchung best\u00e4tigt werden. Diese Rechnung ist gleichzeitig die <strong>Buchungsbest\u00e4tigung<\/strong> f\u00fcr den Reisenden. Der Reisende sollte diese Buchungsbest\u00e4tigung und die Namen der m\u00f6glichen anderen Teilnehmer selbst \u00fcberpr\u00fcfen. <strong>Der gesamte Reisepreis muss sp\u00e4testens 90 Tage vor Beginn der Expedition Kilimanjaro bezahlt werden, nach dieser Zeit verf\u00e4llt die Buchung automatisch<\/strong>und ist unverbindlich.<\/h5>\n<h5>Eine Kilimandscharo-Expedition ist erst dann vollst\u00e4ndig gebucht, wenn die Zahlung erfolgt ist. Bei jeder Buchung wird eine einmalige Verwaltungsgeb\u00fchr von 15 \u20ac erhoben (inbegriffen).<\/h5>\n<h4>Reiseunterlagen<\/h4>\n<h5>Nach der vollst\u00e4ndigen Bezahlung erh\u00e4lt der Reisende digital die Gutscheine f\u00fcr das Hotel und die Expedition (als PDF-Dateien, du ben\u00f6tigst daf\u00fcr <a href=\"https:\/\/www.adobe.com\/acrobat\/pdf-reader.html\" target=\"_blank\" rel=\"noopener\">den PDF Reader<\/a>), die du bei der Ankunft am Reiseziel ausdrucken solltest. Es wird empfohlen, die Gutscheine in zweifacher Ausfertigung mitzubringen.<\/h5>\n<h4>Versicherungen<\/h4>\n<h5>Reisende m\u00fcssen w\u00e4hrend der Reise eine Reiseversicherung abschlie\u00dfen. Eine Reiser\u00fccktrittsversicherung wird dringend empfohlen. Sollte der Reisende bereits eine Dauerreise- oder Reiser\u00fccktrittsversicherung haben, sollte er pr\u00fcfen, ob sie <strong>Bergsport&#8221;<\/strong> abdeckt. Die meisten Reiser\u00fccktrittsversicherungen decken nur einen begrenzten Betrag ab, oft nicht mehr als 1.500 \u20ac pro Person und Reise!<\/h5>\n<h4>Visum<\/h4>\n<h5>Der Reisende ist f\u00fcr die Beschaffung des notwendigen Reisevisums f\u00fcr Tansania verantwortlich (und eventuell eines kenianischen Transitvisums, wenn du \u00fcber Kenia nach Tansania reist).<\/h5>\n<h5>Du kannst <strong>ein eVisum online beantragen, du kannst dein Visum bei Ankunft in Tansania beantragen<\/strong> oder du kannst es im Voraus bei einer tansanischen Botschaft oder einem Konsulat beantragen. Sobald du dein Visum beantragt hast, darfst du 90 Tage lang in das Land reisen. Das Visum tritt in Kraft, sobald du das Land betrittst.<\/h5>\n<h5>In Kenia gibt es kein <strong>Visum bei der Einreise<\/strong> mehr. Daf\u00fcr musst du ein <a href=\"https:\/\/evisa.go.ke\/transit-visa.html\" target=\"_blank\" rel=\"noopener\">Transitvisum<\/a> online beantragen, bevor du dort ankommst.<\/h5>\n<h4>In Notf\u00e4llen<\/h4>\n<h5>Wende dich immer zuerst an die <strong>Notrufzentrale<\/strong> deines eigenen Versicherungsunternehmens. Au\u00dferdem k\u00f6nnen sich Reisende auch an den Reiseveranstalter oder an die lokalen Anbieter vor Ort wenden.<\/h5>\n<h4>Beschwerden<\/h4>\n<h5>Beschwerden \u00fcber die Erf\u00fcllung des Reisevertrags sollten am Zielort, an dem der Grund f\u00fcr die Beschwerde entstanden ist, schriftlich an den \u00f6rtlichen Veranstalter gerichtet werden.<\/h5>\n<h4>Haftungsausschluss<\/h4>\n<h5>Der Reiseveranstalter hat diese Website mit gr\u00f6\u00dftm\u00f6glicher Sorgfalt zusammengestellt. Leider kann es immer wieder vorkommen, dass Informationen oder Daten veraltet sind oder dass es Preis\u00e4nderungen gegeben hat, die (noch) nicht auf der Website verarbeitet wurden.<\/h5>\n<h5>Der Reiseveranstalter \u00fcbernimmt leider keine Haftung f\u00fcr die Folgen von fehlerhaften und\/oder ge\u00e4nderten Informationen. Wenn du Zweifel an der Richtigkeit der Informationen auf dieser Website, der Expedition Kilimanjaro, der Termine oder des Preises hast, wende dich bitte an den Reiseveranstalter.<\/h5>\n<p><img loading=\"lazy\" decoding=\"async\" class=\"alignnone size-full wp-image-3382\" src=\"https:\/\/www.expeditiekilimanjaro.nl\/wp-content\/uploads\/2023\/02\/hand-drawn-mountain-peak-vector-illustration-african-kilimanjaro-ink-drawing-graphic-style-perfect-travel-sport-92703409.jpg\" alt=\"\" width=\"800\" height=\"533\" \/><\/p>\n","protected":false},"excerpt":{"rendered":"<p>Ramon Stoppelenburgs Expedition Kilimanjaro wird in \u00dcbereinstimmung mit den Reisebedingungen des Branchenverbandes Allgemeiner Verband der Reiseunternehmen (ANVR) in den Niederlanden durchgef\u00fchrt. Ramon Stoppelenburg ist dein Reiseveranstalter. Du bist daf\u00fcr verantwortlich, dass du&#8230;<\/p>\n","protected":false},"author":1,"featured_media":0,"parent":0,"menu_order":0,"comment_status":"closed","ping_status":"closed","template":"","meta":{"footnotes":""},"class_list":["post-34","page","type-page","status-publish","hentry"],"yoast_head":"<!-- This site is optimized with the Yoast SEO plugin v20.12 - https:\/\/yoast.com\/wordpress\/plugins\/seo\/ -->\n<title>Reisebedingungen f\u00fcr die Expedition Kilimanjaro | Expedition Kilimanjaro - Besteige den Kilimandscharo, Afrikas h\u00f6chsten Berg!<\/title>\n<meta name=\"description\" content=\"Ramon Stoppelenburg offeriert eine 11-t\u00e4gige Besteigung des Kilimandscharo inklusive 4 Hotel\u00fcbernachtungen f\u00fcr nur US$ 1.999 p.P.. Dieses Angebot finden Sie sonst nirgendwo!\" \/>\n<meta name=\"robots\" content=\"index, follow, max-snippet:-1, max-image-preview:large, max-video-preview:-1\" \/>\n<link rel=\"canonical\" href=\"https:\/\/www.expeditionkilimanjaro.com\/deutsch\/reisebedingungen\/\" \/>\n<meta property=\"og:locale\" content=\"en_GB\" \/>\n<meta property=\"og:type\" content=\"article\" \/>\n<meta property=\"og:title\" content=\"Reisebedingungen f\u00fcr die Expedition Kilimanjaro | Expedition Kilimanjaro - Besteige den Kilimandscharo, Afrikas h\u00f6chsten Berg!\" \/>\n<meta property=\"og:description\" content=\"Ramon Stoppelenburg offeriert eine 11-t\u00e4gige Besteigung des Kilimandscharo inklusive 4 Hotel\u00fcbernachtungen f\u00fcr nur US$ 1.999 p.P.. Dieses Angebot finden Sie sonst nirgendwo!\" \/>\n<meta property=\"og:url\" content=\"https:\/\/www.expeditionkilimanjaro.com\/deutsch\/reisebedingungen\/\" \/>\n<meta property=\"og:site_name\" content=\"Expedition Kilimanjaro - Besteige den Kilimandscharo, Afrikas h\u00f6chsten Berg!\" \/>\n<meta property=\"article:publisher\" content=\"https:\/\/www.facebook.com\/ExpeditionKilimanjaro\" \/>\n<meta property=\"og:image\" content=\"https:\/\/www.expeditiekilimanjaro.nl\/wp-content\/uploads\/2023\/02\/anvr-sgr-calamiteitenfonds-1520x855-1.jpg\" \/>\n<meta name=\"twitter:card\" content=\"summary_large_image\" \/>\n<meta name=\"twitter:label1\" content=\"Estimated reading time\" \/>\n\t<meta name=\"twitter:data1\" content=\"7 minutes\" \/>\n<script type=\"application\/ld+json\" class=\"yoast-schema-graph\">{\"@context\":\"https:\/\/schema.org\",\"@graph\":[{\"@type\":\"WebPage\",\"@id\":\"https:\/\/www.expeditionkilimanjaro.com\/deutsch\/reisebedingungen\/\",\"url\":\"https:\/\/www.expeditionkilimanjaro.com\/deutsch\/reisebedingungen\/\",\"name\":\"Reisebedingungen f\u00fcr die Expedition Kilimanjaro | Expedition Kilimanjaro - Besteige den Kilimandscharo, Afrikas h\u00f6chsten Berg!\",\"isPartOf\":{\"@id\":\"https:\/\/www.expeditionkilimanjaro.com\/deutsch\/#website\"},\"datePublished\":\"2023-03-01T18:05:40+00:00\",\"dateModified\":\"2023-03-01T18:05:40+00:00\",\"description\":\"Ramon Stoppelenburg offeriert eine 11-t\u00e4gige Besteigung des Kilimandscharo inklusive 4 Hotel\u00fcbernachtungen f\u00fcr nur US$ 1.999 p.P.. Dieses Angebot finden Sie sonst nirgendwo!\",\"breadcrumb\":{\"@id\":\"https:\/\/www.expeditionkilimanjaro.com\/deutsch\/reisebedingungen\/#breadcrumb\"},\"inLanguage\":\"en-GB\",\"potentialAction\":[{\"@type\":\"ReadAction\",\"target\":[\"https:\/\/www.expeditionkilimanjaro.com\/deutsch\/reisebedingungen\/\"]}]},{\"@type\":\"BreadcrumbList\",\"@id\":\"https:\/\/www.expeditionkilimanjaro.com\/deutsch\/reisebedingungen\/#breadcrumb\",\"itemListElement\":[{\"@type\":\"ListItem\",\"position\":1,\"name\":\"Home\",\"item\":\"https:\/\/www.expeditionkilimanjaro.com\/deutsch\/\"},{\"@type\":\"ListItem\",\"position\":2,\"name\":\"Reisebedingungen f\u00fcr die Expedition Kilimanjaro\"}]},{\"@type\":\"WebSite\",\"@id\":\"https:\/\/www.expeditionkilimanjaro.com\/deutsch\/#website\",\"url\":\"https:\/\/www.expeditionkilimanjaro.com\/deutsch\/\",\"name\":\"Expedition Kilimanjaro - Besteige den Kilimandscharo, Afrikas h\u00f6chsten Berg!\",\"description\":\"Das Abenteuer deines Lebens\",\"publisher\":{\"@id\":\"https:\/\/www.expeditionkilimanjaro.com\/deutsch\/#organization\"},\"alternateName\":\"Ramon Stoppelenburg's Expedition Kilimanjaro\",\"potentialAction\":[{\"@type\":\"SearchAction\",\"target\":{\"@type\":\"EntryPoint\",\"urlTemplate\":\"https:\/\/www.expeditionkilimanjaro.com\/deutsch\/?s={search_term_string}\"},\"query-input\":\"required name=search_term_string\"}],\"inLanguage\":\"en-GB\"},{\"@type\":\"Organization\",\"@id\":\"https:\/\/www.expeditionkilimanjaro.com\/deutsch\/#organization\",\"name\":\"Ramon Stoppelenburg's Expedition Kilimanjaro\",\"alternateName\":\"Expedition Kilimanjaro Ltd.\",\"url\":\"https:\/\/www.expeditionkilimanjaro.com\/deutsch\/\",\"logo\":{\"@type\":\"ImageObject\",\"inLanguage\":\"en-GB\",\"@id\":\"https:\/\/www.expeditionkilimanjaro.com\/deutsch\/#\/schema\/logo\/image\/\",\"url\":\"https:\/\/www.expeditionkilimanjaro.com\/deutsch\/wp-content\/uploads\/2023\/05\/logo-german-met-tekst.png\",\"contentUrl\":\"https:\/\/www.expeditionkilimanjaro.com\/deutsch\/wp-content\/uploads\/2023\/05\/logo-german-met-tekst.png\",\"width\":517,\"height\":320,\"caption\":\"Ramon Stoppelenburg's Expedition Kilimanjaro\"},\"image\":{\"@id\":\"https:\/\/www.expeditionkilimanjaro.com\/deutsch\/#\/schema\/logo\/image\/\"},\"sameAs\":[\"https:\/\/www.facebook.com\/ExpeditionKilimanjaro\"]}]}<\/script>\n<!-- \/ Yoast SEO plugin. -->","yoast_head_json":{"title":"Reisebedingungen f\u00fcr die Expedition Kilimanjaro | Expedition Kilimanjaro - Besteige den Kilimandscharo, Afrikas h\u00f6chsten Berg!","description":"Ramon Stoppelenburg offeriert eine 11-t\u00e4gige Besteigung des Kilimandscharo inklusive 4 Hotel\u00fcbernachtungen f\u00fcr nur US$ 1.999 p.P.. Dieses Angebot finden Sie sonst nirgendwo!","robots":{"index":"index","follow":"follow","max-snippet":"max-snippet:-1","max-image-preview":"max-image-preview:large","max-video-preview":"max-video-preview:-1"},"canonical":"https:\/\/www.expeditionkilimanjaro.com\/deutsch\/reisebedingungen\/","og_locale":"en_GB","og_type":"article","og_title":"Reisebedingungen f\u00fcr die Expedition Kilimanjaro | Expedition Kilimanjaro - Besteige den Kilimandscharo, Afrikas h\u00f6chsten Berg!","og_description":"Ramon Stoppelenburg offeriert eine 11-t\u00e4gige Besteigung des Kilimandscharo inklusive 4 Hotel\u00fcbernachtungen f\u00fcr nur US$ 1.999 p.P.. Dieses Angebot finden Sie sonst nirgendwo!","og_url":"https:\/\/www.expeditionkilimanjaro.com\/deutsch\/reisebedingungen\/","og_site_name":"Expedition Kilimanjaro - Besteige den Kilimandscharo, Afrikas h\u00f6chsten Berg!","article_publisher":"https:\/\/www.facebook.com\/ExpeditionKilimanjaro","og_image":[{"url":"https:\/\/www.expeditiekilimanjaro.nl\/wp-content\/uploads\/2023\/02\/anvr-sgr-calamiteitenfonds-1520x855-1.jpg"}],"twitter_card":"summary_large_image","twitter_misc":{"Estimated reading time":"7 minutes"},"schema":{"@context":"https:\/\/schema.org","@graph":[{"@type":"WebPage","@id":"https:\/\/www.expeditionkilimanjaro.com\/deutsch\/reisebedingungen\/","url":"https:\/\/www.expeditionkilimanjaro.com\/deutsch\/reisebedingungen\/","name":"Reisebedingungen f\u00fcr die Expedition Kilimanjaro | Expedition Kilimanjaro - Besteige den Kilimandscharo, Afrikas h\u00f6chsten Berg!","isPartOf":{"@id":"https:\/\/www.expeditionkilimanjaro.com\/deutsch\/#website"},"datePublished":"2023-03-01T18:05:40+00:00","dateModified":"2023-03-01T18:05:40+00:00","description":"Ramon Stoppelenburg offeriert eine 11-t\u00e4gige Besteigung des Kilimandscharo inklusive 4 Hotel\u00fcbernachtungen f\u00fcr nur US$ 1.999 p.P.. Dieses Angebot finden Sie sonst nirgendwo!","breadcrumb":{"@id":"https:\/\/www.expeditionkilimanjaro.com\/deutsch\/reisebedingungen\/#breadcrumb"},"inLanguage":"en-GB","potentialAction":[{"@type":"ReadAction","target":["https:\/\/www.expeditionkilimanjaro.com\/deutsch\/reisebedingungen\/"]}]},{"@type":"BreadcrumbList","@id":"https:\/\/www.expeditionkilimanjaro.com\/deutsch\/reisebedingungen\/#breadcrumb","itemListElement":[{"@type":"ListItem","position":1,"name":"Home","item":"https:\/\/www.expeditionkilimanjaro.com\/deutsch\/"},{"@type":"ListItem","position":2,"name":"Reisebedingungen f\u00fcr die Expedition Kilimanjaro"}]},{"@type":"WebSite","@id":"https:\/\/www.expeditionkilimanjaro.com\/deutsch\/#website","url":"https:\/\/www.expeditionkilimanjaro.com\/deutsch\/","name":"Expedition Kilimanjaro - Besteige den Kilimandscharo, Afrikas h\u00f6chsten Berg!","description":"Das Abenteuer deines Lebens","publisher":{"@id":"https:\/\/www.expeditionkilimanjaro.com\/deutsch\/#organization"},"alternateName":"Ramon Stoppelenburg's Expedition Kilimanjaro","potentialAction":[{"@type":"SearchAction","target":{"@type":"EntryPoint","urlTemplate":"https:\/\/www.expeditionkilimanjaro.com\/deutsch\/?s={search_term_string}"},"query-input":"required name=search_term_string"}],"inLanguage":"en-GB"},{"@type":"Organization","@id":"https:\/\/www.expeditionkilimanjaro.com\/deutsch\/#organization","name":"Ramon Stoppelenburg's Expedition Kilimanjaro","alternateName":"Expedition Kilimanjaro Ltd.","url":"https:\/\/www.expeditionkilimanjaro.com\/deutsch\/","logo":{"@type":"ImageObject","inLanguage":"en-GB","@id":"https:\/\/www.expeditionkilimanjaro.com\/deutsch\/#\/schema\/logo\/image\/","url":"https:\/\/www.expeditionkilimanjaro.com\/deutsch\/wp-content\/uploads\/2023\/05\/logo-german-met-tekst.png","contentUrl":"https:\/\/www.expeditionkilimanjaro.com\/deutsch\/wp-content\/uploads\/2023\/05\/logo-german-met-tekst.png","width":517,"height":320,"caption":"Ramon Stoppelenburg's Expedition Kilimanjaro"},"image":{"@id":"https:\/\/www.expeditionkilimanjaro.com\/deutsch\/#\/schema\/logo\/image\/"},"sameAs":["https:\/\/www.facebook.com\/ExpeditionKilimanjaro"]}]}},"_links":{"self":[{"href":"https:\/\/www.expeditionkilimanjaro.com\/deutsch\/wp-json\/wp\/v2\/pages\/34","targetHints":{"allow":["GET"]}}],"collection":[{"href":"https:\/\/www.expeditionkilimanjaro.com\/deutsch\/wp-json\/wp\/v2\/pages"}],"about":[{"href":"https:\/\/www.expeditionkilimanjaro.com\/deutsch\/wp-json\/wp\/v2\/types\/page"}],"author":[{"embeddable":true,"href":"https:\/\/www.expeditionkilimanjaro.com\/deutsch\/wp-json\/wp\/v2\/users\/1"}],"replies":[{"embeddable":true,"href":"https:\/\/www.expeditionkilimanjaro.com\/deutsch\/wp-json\/wp\/v2\/comments?post=34"}],"version-history":[{"count":4,"href":"https:\/\/www.expeditionkilimanjaro.com\/deutsch\/wp-json\/wp\/v2\/pages\/34\/revisions"}],"predecessor-version":[{"id":39,"href":"https:\/\/www.expeditionkilimanjaro.com\/deutsch\/wp-json\/wp\/v2\/pages\/34\/revisions\/39"}],"wp:attachment":[{"href":"https:\/\/www.expeditionkilimanjaro.com\/deutsch\/wp-json\/wp\/v2\/media?parent=34"}],"curies":[{"name":"wp","href":"https:\/\/api.w.org\/{rel}","templated":true}]}}