{"id":2,"date":"2023-02-25T17:25:57","date_gmt":"2023-02-25T17:25:57","guid":{"rendered":"https:\/\/www.expeditionkilimanjaro.com\/deutsch\/?page_id=2"},"modified":"2025-01-08T20:47:35","modified_gmt":"2025-01-08T20:47:35","slug":"sample-page","status":"publish","type":"page","link":"https:\/\/www.expeditionkilimanjaro.com\/deutsch\/","title":{"rendered":"Besteige den Kilimandscharo <BR>Ein Abenteuer f\u00fcrs Leben!"},"content":{"rendered":"<p><img loading=\"lazy\" decoding=\"async\" src=\"https:\/\/www.expeditionkilimanjaro.com\/deutsch\/wp-content\/uploads\/2024\/01\/mountainguides-german.jpg\" alt=\"\" width=\"901\" height=\"507\" class=\"alignnone size-full wp-image-227\" \/><\/p>\n<div style=\"padding: 55% 0 0 0; position: relative;\"><iframe style=\"position: absolute; top: 0; left: 0; width: 100%; height: 100%;\" src=\"https:\/\/player.vimeo.com\/video\/5064458?h=c9a84f6a93&amp;title=0&amp;byline=0&amp;portrait=0\" frameborder=\"0\" allowfullscreen=\"allowfullscreen\"><\/iframe><\/div>\n<p><script src=\"https:\/\/player.vimeo.com\/api\/player.js\"><\/script><\/p>\n<p><strong>Die Besteigung des Kilimandscharo in Tansania ist wirklich ein unvergessliches Erlebnis. Der Kilimandscharo erhebt sich majest\u00e4tisch aus dem Regenwald im Nordosten Tansanias zu seinem unber\u00fchrten, schnee- und eisbedeckten <strong>Gipfel auf 5.895 Metern<\/strong>.<\/strong><\/p>\n<p>Die Besteigung dieses inaktiven Vulkans &#8211; des h\u00f6chsten Berges Afrikas und des vierth\u00f6chsten freistehenden Berges der Erde &#8211; war fr\u00fcher nur f\u00fcr robuste und elit\u00e4re &#8220;Expert&#8221;-Bergsteiger mit monatelanger Vorbereitung gedacht.<\/p>\n<p><img loading=\"lazy\" decoding=\"async\" class=\"aligncenter size-full wp-image-38\" src=\"https:\/\/www.expeditionkilimanjaro.com\/wp-content\/uploads\/2023\/02\/sleeping-giant-kilimanjaro.jpg\" alt=\"\" width=\"900\" height=\"441\" \/><\/p>\n<blockquote><p>Aber mit <i><strong>Ramon Stoppelenburgs Expedition Kilimanjaro<\/strong><\/i> kannst auch du diesen &#8220;schlafenden Riesen&#8221; bezwingen!&#8221;<\/p><\/blockquote>\n<h3>Ramon: <strong>F\u00fcr die ultimative Expedition Kilimanjaro habe ich ein 11-t\u00e4giges Abenteuer zusammengestellt, das aus 7 Tagen Camping auf dem Berg (6 N\u00e4chte) und 4 Tagen in einem gem\u00fctlichen lokalen Hotel in Arusha (zwei Tage vor und zwei Tage nach der Besteigung) besteht.<\/strong><\/h3>\n<p><img loading=\"lazy\" decoding=\"async\" class=\"aligncenter size-full wp-image-39\" src=\"https:\/\/www.expeditionkilimanjaro.com\/wp-content\/uploads\/2023\/02\/groupphototop-1.jpg\" alt=\"\" width=\"850\" height=\"646\" \/><\/p>\n<h3>Im Laufe von 7 Tagen und 6 N\u00e4chten f\u00fchrt dich die Expedition Kilimanjaro entlang der Machame-Route zum h\u00f6chsten Punkt des Berges, dem <strong>Uhuru Peak (5.896 m \/ 19.343 ft.)<\/strong> <a href=\"route\">Lesen Sie mehr \u00fcber die Route<\/a> &#8220;<\/h3>\n<p>Eine Expedition besteht aus maximal 12 Personen, die von zertifizierten einheimischen tansanischen Bergf\u00fchrern und Tr\u00e4gern mit jahrelanger Erfahrung im Bergsteigen gef\u00fchrt werden. W\u00e4hrend diese fantastischen Bergf\u00fchrer deine Gruppe durch die landschaftlich reizvolle Besteigung des h\u00f6chsten Berges in Afrika f\u00fchren, \u00fcbernehmen die Tr\u00e4ger die k\u00f6rperliche Anstrengung, deine pers\u00f6nlichen Gegenst\u00e4nde und die gesamte Campingausr\u00fcstung w\u00e4hrend der siebent\u00e4gigen Reise zu tragen.<\/p>\n<p><strong>Kleine Gruppen und Solo-Wanderer k\u00f6nnen sich f\u00fcr eine individuelle Expedition Kilimanjaro mit ihrem eigenen Bergf\u00fchrer entscheiden, die zu einem Datum ihrer Wahl startet.<\/strong><\/p>\n<p><img loading=\"lazy\" decoding=\"async\" class=\"aligncenter size-full wp-image-40\" src=\"https:\/\/www.expeditionkilimanjaro.com\/wp-content\/uploads\/2023\/02\/walking-to-top-of-kilimanjaro.jpg\" alt=\"\" width=\"850\" height=\"335\" \/><\/p>\n<h2><a href=\"dateprice\">Der Preis der Expedition Kilimanjaro betr\u00e4gt nur <span style=\"color: #ff0000;\"><b> US$ 1.999<\/b><\/span> pro Person.<\/a><\/h2>\n<blockquote><p>Dieser Preis bleibt gleich, egal ob du an einer der internationalen Expedition Kilimanjaro-Gruppen teilnimmst, die das ganze Jahr \u00fcber aufbrechen (siehe <strong>Agenda unten<\/strong>), oder ob du deine eigene gef\u00fchrte Kleingruppen- oder Solo-Wanderung organisierst.<\/p><\/blockquote>\n<p><a href=\"https:\/\/www.expeditionkilimanjaro.com\/deutsch\/fliegen\/\">Dieser Preis beinhaltet nicht die Fl\u00fcge nach Tansania<\/a>, aber\u00a0<strong>beinhaltet<\/strong> Transfers zum und vom Kilimanjaro International Airport, vier \u00dcbernachtungen in einem guten Hotel in Arusha inklusive Fr\u00fchst\u00fcck (zwei N\u00e4chte vor und zwei N\u00e4chte nach der Besteigung), ein komplettes Bergteam (F\u00fchrer, Koch, Helfer, Tr\u00e4ger), alle notwendige Campingausr\u00fcstung (u.a. Schlafzelt, Esszelt, Tische, St\u00fchle, Essgeschirr usw.), die Rettungsgeb\u00fchr der Flying Doctors, alle Mahlzeiten w\u00e4hrend der Besteigung, sauberes Trinkwasser auf dem Berg, die Campinggeb\u00fchren, die Genehmigung f\u00fcr den Kilimanjaro Nationalpark und alle staatlichen Steuern.<\/p>\n<p><a href=\"http:\/\/during\">Was kannst du sonst noch erwarten?<\/a> \u00bb<\/p>\n<hr \/>\n<p><strong><strong><img loading=\"lazy\" decoding=\"async\" class=\"aligncenter size-full wp-image-41\" src=\"https:\/\/www.expeditionkilimanjaro.com\/wp-content\/uploads\/2023\/02\/vliegen.jpg\" alt=\"\" width=\"646\" height=\"206\" \/><\/strong><\/strong><\/p>\n<h2>Finde die besten Fl\u00fcge<\/h2>\n<p>Es gibt viele M\u00f6glichkeiten, deine pers\u00f6nliche Reise nach und von Arusha, Tansania, dem Startpunkt der Expedition Kilimanjaro, zu organisieren. Hin- und R\u00fcckfl\u00fcge k\u00f6nnen von Frankfurt, Amsterdam oder London nach Dar Es Salaam oder direkt zum Kilimanjaro International Airport f\u00fcr etwa 1.000 EUR gebucht werden.<\/p>\n<p>Abenteuerlustige Teilnehmer, die Geld sparen wollen, fliegen nur in die kenianische Hauptstadt <strong>Nairobi<\/strong>, wo ein klimatisierter <strong>Shuttlebus<\/strong> f\u00fcr die halbt\u00e4gige Fahrt von Nairobi nach Arusha f\u00fcr nur 70 US$ (Hin- und R\u00fcckfahrt) zur Verf\u00fcgung steht.<\/p>\n<p>Au\u00dferdem wird <a href=\"http:\/\/turkishairlines.com\/\" target=\"_blank\" rel=\"noopener\">Turkish Airlines<\/a> von ehemaligen Teilnehmern empfohlen. TA fliegt t\u00e4glich vom riesigen und <strong>brandneuen Umsteige-Drehkreuz in Istanbul<\/strong> direkt zum Kilimanjaro International Airport (JRO) und kann manchmal einen Hin- und R\u00fcckflugpreis von rund 260 \u20ac anbieten (Juni-Expedition). <strong><strong><a href=\"fliegen\">Mehr \u00fcber das Fliegen<\/a> \u00bb<\/strong><\/strong><\/p>\n<hr \/>\n<blockquote>\n<h2><strong>Eine Expeditionsgruppe besteht aus maximal 12 Personen. Bei mehr als 12 Teilnehmern an einem Termin kann die Gruppe eventuell in zwei Gruppen aufgeteilt werden.<\/strong><\/h2>\n<\/blockquote>\n<p>Du kannst entscheiden, wann deine Expedition stattfinden soll. Du kannst alleine oder mit deiner eigenen Gruppe gehen oder dich einer der Expeditionsgruppen anschlie\u00dfen, die in dieser Saison aufbrechen:<\/p>\n<p><a name=\"agenda\"><\/a><\/p>\n<h1><b>Agenda Expedition Kilimanjaro Gruppen 2025<\/b><\/h1>\n<p><em>Tansania ist derzeit f\u00fcr Touristen aus aller Welt ge\u00f6ffnet, die vollst\u00e4ndig <a href=\"vorbereitung\/#impfungen\">geimpft<\/a> sind. Dies sind die regul\u00e4ren Tropenimpfungen.<\/em><\/p>\n<table class=\"calendar\">\n<tbody>\n<tr>\n<th style=\"text-align: left;\" scope=\"row\">21. FEB &#8211; 3. M\u00c4RZ<\/th>\n<td>Februar-Expedition<span style=\"color: #ff0000;\">*<\/span><\/td>\n<\/tr>\n<tr>\n<th style=\"text-align: left;\" scope=\"row\">5. &#8211; 15. JUNI<\/th>\n<td>Juni-Expedition<span style=\"color: #ff0000;\">*<\/span><br \/>\n<b><\/b><\/td>\n<\/tr>\n<tr>\n<th style=\"text-align: left;\" scope=\"row\">18. &#8211; 28. JULI<\/th>\n<td>Juli-Expedition<br \/>\n<b>Perfekte Sommergruppen<\/b><\/td>\n<\/tr>\n<tr>\n<th style=\"text-align: left;\" scope=\"row\">2. &#8211; 12. AUGUST<\/th>\n<td>August-Expedition<span style=\"color: #ff0000;\">*<\/span><br \/>\n<b>1 Teilnehmer reserviert<\/b><\/td>\n<\/tr>\n<tr>\n<th style=\"text-align: left;\" scope=\"row\">1. &#8211; 11. SEPTEMBER<\/th>\n<td>September-Expedition<span style=\"color: #ff0000;\">*<\/span><br \/>\n<b>2 Teilnehmer reserviert<\/b><\/td>\n<\/tr>\n<tr>\n<th style=\"text-align: left;\" scope=\"row\">30. SEPTEMBER &#8211; 10. OKTOBER<\/th>\n<td>Oktober-Expedition<span style=\"color: #ff0000;\">*<\/span><br \/>\n<b><\/b><\/td>\n<\/tr>\n<tr>\n<th style=\"text-align: left;\" scope=\"row\">25. DEZEMBER &#8211; 4. JANUAR 2026<\/th>\n<td>Neujahrs-Expedition<span style=\"color: #ff0000;\"><\/span><br \/>\n<b>Neujahr auf dem Gipfel!<\/b><\/td>\n<\/tr>\n<\/tbody>\n<\/table>\n<p><span style=\"color: #ff0000;\">*<\/span><span style=\"color: #ff0000; font-size: small;\"> = Vollmondbesteigung<\/span><\/p>\n<h1><b><a href=\"https:\/\/www.expeditionkilimanjaro.com\/deutsch\/preis-datum\/#buchung\">Buche jetzt deine Expedition Kilimanjaro!<\/a><\/b><\/h1>\n<p>Denke daran, dass du auch dein eigenes Datum w\u00e4hlen kannst. Der Preis bleibt derselbe!<\/p>\n<hr \/>\n<h1>Erg\u00e4nze deine Expedition um eine Safari!<\/h1>\n<p><strong><img loading=\"lazy\" decoding=\"async\" class=\"aligncenter wp-image-42\" src=\"https:\/\/www.expeditionkilimanjaro.com\/wp-content\/uploads\/2023\/02\/safari-serengeti.jpg\" alt=\"\" width=\"831\" height=\"490\" \/><\/strong><\/p>\n<p>Es ist sogar m\u00f6glich, deine Expedition Kilimanjaro um eine au\u00dfergew\u00f6hnliche Safari zu erweitern! W\u00e4hle daf\u00fcr einen Tagesausflug oder einen 2- bis sogar 6-t\u00e4gigen Aufenthalt in Tansanias Nationalparks. <strong><strong><a href=\"https:\/\/www.expeditionkilimanjaro.com\/deutsch\/safari\">Hier findest du alle Safari-Optionen!<\/a> &#8220;<\/strong><\/strong><\/p>\n","protected":false},"excerpt":{"rendered":"<p>Die Besteigung des Kilimandscharo in Tansania ist wirklich ein unvergessliches Erlebnis. Der Kilimandscharo erhebt sich majest\u00e4tisch aus dem Regenwald im Nordosten Tansanias zu seinem unber\u00fchrten, schnee- und eisbedeckten Gipfel auf 5.895 Metern&#8230;.<\/p>\n","protected":false},"author":1,"featured_media":0,"parent":0,"menu_order":0,"comment_status":"closed","ping_status":"open","template":"","meta":{"footnotes":""},"class_list":["post-2","page","type-page","status-publish","hentry"],"yoast_head":"<!-- This site is optimized with the Yoast SEO plugin v20.12 - https:\/\/yoast.com\/wordpress\/plugins\/seo\/ -->\n<title>Besteige den Kilimandscharo Ein Abenteuer f\u00fcrs Leben! | Ramon&#039;s Stoppelenburg&#039;s Expedition Kilimanjaro - Besteige den Kilimandscharo, Afrikas h\u00f6chsten Berg!<\/title>\n<meta name=\"description\" content=\"Ramon Stoppelenburg offeriert eine 11-t\u00e4gige Besteigung des Kilimandscharo inklusive 4 Hotel\u00fcbernachtungen f\u00fcr nur US$ 1.999 p.P. Dieses Angebot finden Sie sonst nirgendwo!\" \/>\n<meta name=\"robots\" content=\"index, follow, max-snippet:-1, max-image-preview:large, max-video-preview:-1\" \/>\n<link rel=\"canonical\" href=\"https:\/\/www.expeditionkilimanjaro.com\/deutsch\/\" \/>\n<meta property=\"og:locale\" content=\"en_GB\" \/>\n<meta property=\"og:type\" content=\"article\" \/>\n<meta property=\"og:title\" content=\"Besteige den Kilimandscharo Ein Abenteuer f\u00fcrs Leben! | Ramon&#039;s Stoppelenburg&#039;s Expedition Kilimanjaro - Besteige den Kilimandscharo, Afrikas h\u00f6chsten Berg!\" \/>\n<meta property=\"og:description\" content=\"Ramon Stoppelenburg offeriert eine 11-t\u00e4gige Besteigung des Kilimandscharo inklusive 4 Hotel\u00fcbernachtungen f\u00fcr nur US$ 1.999 p.P. Dieses Angebot finden Sie sonst nirgendwo!\" \/>\n<meta property=\"og:url\" content=\"https:\/\/www.expeditionkilimanjaro.com\/deutsch\/\" \/>\n<meta property=\"og:site_name\" content=\"Expedition Kilimanjaro - Besteige den Kilimandscharo, Afrikas h\u00f6chsten Berg!\" \/>\n<meta property=\"article:publisher\" content=\"https:\/\/www.facebook.com\/ExpeditionKilimanjaro\" \/>\n<meta property=\"article:modified_time\" content=\"2025-01-08T20:47:35+00:00\" \/>\n<meta property=\"og:image\" content=\"https:\/\/www.expeditionkilimanjaro.com\/deutsch\/wp-content\/uploads\/2024\/01\/mountainguides-german.jpg\" \/>\n<meta name=\"twitter:card\" content=\"summary_large_image\" \/>\n<meta name=\"twitter:label1\" content=\"Estimated reading time\" \/>\n\t<meta name=\"twitter:data1\" content=\"4 minutes\" \/>\n<script type=\"application\/ld+json\" class=\"yoast-schema-graph\">{\"@context\":\"https:\/\/schema.org\",\"@graph\":[{\"@type\":\"WebPage\",\"@id\":\"https:\/\/www.expeditionkilimanjaro.com\/deutsch\/\",\"url\":\"https:\/\/www.expeditionkilimanjaro.com\/deutsch\/\",\"name\":\"Besteige den Kilimandscharo Ein Abenteuer f\u00fcrs Leben! | Ramon's Stoppelenburg's Expedition Kilimanjaro - Besteige den Kilimandscharo, Afrikas h\u00f6chsten Berg!\",\"isPartOf\":{\"@id\":\"https:\/\/www.expeditionkilimanjaro.com\/deutsch\/#website\"},\"datePublished\":\"2023-02-25T17:25:57+00:00\",\"dateModified\":\"2025-01-08T20:47:35+00:00\",\"description\":\"Ramon Stoppelenburg offeriert eine 11-t\u00e4gige Besteigung des Kilimandscharo inklusive 4 Hotel\u00fcbernachtungen f\u00fcr nur US$ 1.999 p.P. Dieses Angebot finden Sie sonst nirgendwo!\",\"breadcrumb\":{\"@id\":\"https:\/\/www.expeditionkilimanjaro.com\/deutsch\/#breadcrumb\"},\"inLanguage\":\"en-GB\",\"potentialAction\":[{\"@type\":\"ReadAction\",\"target\":[\"https:\/\/www.expeditionkilimanjaro.com\/deutsch\/\"]}]},{\"@type\":\"BreadcrumbList\",\"@id\":\"https:\/\/www.expeditionkilimanjaro.com\/deutsch\/#breadcrumb\",\"itemListElement\":[{\"@type\":\"ListItem\",\"position\":1,\"name\":\"Home\",\"item\":\"https:\/\/www.expeditionkilimanjaro.com\/deutsch\/\"},{\"@type\":\"ListItem\",\"position\":2,\"name\":\"Besteige den Kilimandscharo Ein Abenteuer f\u00fcrs Leben!\"}]},{\"@type\":\"WebSite\",\"@id\":\"https:\/\/www.expeditionkilimanjaro.com\/deutsch\/#website\",\"url\":\"https:\/\/www.expeditionkilimanjaro.com\/deutsch\/\",\"name\":\"Expedition Kilimanjaro - Besteige den Kilimandscharo, Afrikas h\u00f6chsten Berg!\",\"description\":\"Das Abenteuer deines Lebens\",\"publisher\":{\"@id\":\"https:\/\/www.expeditionkilimanjaro.com\/deutsch\/#organization\"},\"alternateName\":\"Ramon Stoppelenburg's Expedition Kilimanjaro\",\"potentialAction\":[{\"@type\":\"SearchAction\",\"target\":{\"@type\":\"EntryPoint\",\"urlTemplate\":\"https:\/\/www.expeditionkilimanjaro.com\/deutsch\/?s={search_term_string}\"},\"query-input\":\"required name=search_term_string\"}],\"inLanguage\":\"en-GB\"},{\"@type\":\"Organization\",\"@id\":\"https:\/\/www.expeditionkilimanjaro.com\/deutsch\/#organization\",\"name\":\"Ramon Stoppelenburg's Expedition Kilimanjaro\",\"alternateName\":\"Expedition Kilimanjaro Ltd.\",\"url\":\"https:\/\/www.expeditionkilimanjaro.com\/deutsch\/\",\"logo\":{\"@type\":\"ImageObject\",\"inLanguage\":\"en-GB\",\"@id\":\"https:\/\/www.expeditionkilimanjaro.com\/deutsch\/#\/schema\/logo\/image\/\",\"url\":\"https:\/\/www.expeditionkilimanjaro.com\/deutsch\/wp-content\/uploads\/2023\/05\/logo-german-met-tekst.png\",\"contentUrl\":\"https:\/\/www.expeditionkilimanjaro.com\/deutsch\/wp-content\/uploads\/2023\/05\/logo-german-met-tekst.png\",\"width\":517,\"height\":320,\"caption\":\"Ramon Stoppelenburg's Expedition Kilimanjaro\"},\"image\":{\"@id\":\"https:\/\/www.expeditionkilimanjaro.com\/deutsch\/#\/schema\/logo\/image\/\"},\"sameAs\":[\"https:\/\/www.facebook.com\/ExpeditionKilimanjaro\"]}]}<\/script>\n<!-- \/ Yoast SEO plugin. -->","yoast_head_json":{"title":"Besteige den Kilimandscharo Ein Abenteuer f\u00fcrs Leben! | Ramon's Stoppelenburg's Expedition Kilimanjaro - Besteige den Kilimandscharo, Afrikas h\u00f6chsten Berg!","description":"Ramon Stoppelenburg offeriert eine 11-t\u00e4gige Besteigung des Kilimandscharo inklusive 4 Hotel\u00fcbernachtungen f\u00fcr nur US$ 1.999 p.P. Dieses Angebot finden Sie sonst nirgendwo!","robots":{"index":"index","follow":"follow","max-snippet":"max-snippet:-1","max-image-preview":"max-image-preview:large","max-video-preview":"max-video-preview:-1"},"canonical":"https:\/\/www.expeditionkilimanjaro.com\/deutsch\/","og_locale":"en_GB","og_type":"article","og_title":"Besteige den Kilimandscharo Ein Abenteuer f\u00fcrs Leben! | Ramon's Stoppelenburg's Expedition Kilimanjaro - Besteige den Kilimandscharo, Afrikas h\u00f6chsten Berg!","og_description":"Ramon Stoppelenburg offeriert eine 11-t\u00e4gige Besteigung des Kilimandscharo inklusive 4 Hotel\u00fcbernachtungen f\u00fcr nur US$ 1.999 p.P. Dieses Angebot finden Sie sonst nirgendwo!","og_url":"https:\/\/www.expeditionkilimanjaro.com\/deutsch\/","og_site_name":"Expedition Kilimanjaro - Besteige den Kilimandscharo, Afrikas h\u00f6chsten Berg!","article_publisher":"https:\/\/www.facebook.com\/ExpeditionKilimanjaro","article_modified_time":"2025-01-08T20:47:35+00:00","og_image":[{"url":"https:\/\/www.expeditionkilimanjaro.com\/deutsch\/wp-content\/uploads\/2024\/01\/mountainguides-german.jpg"}],"twitter_card":"summary_large_image","twitter_misc":{"Estimated reading time":"4 minutes"},"schema":{"@context":"https:\/\/schema.org","@graph":[{"@type":"WebPage","@id":"https:\/\/www.expeditionkilimanjaro.com\/deutsch\/","url":"https:\/\/www.expeditionkilimanjaro.com\/deutsch\/","name":"Besteige den Kilimandscharo Ein Abenteuer f\u00fcrs Leben! | Ramon's Stoppelenburg's Expedition Kilimanjaro - Besteige den Kilimandscharo, Afrikas h\u00f6chsten Berg!","isPartOf":{"@id":"https:\/\/www.expeditionkilimanjaro.com\/deutsch\/#website"},"datePublished":"2023-02-25T17:25:57+00:00","dateModified":"2025-01-08T20:47:35+00:00","description":"Ramon Stoppelenburg offeriert eine 11-t\u00e4gige Besteigung des Kilimandscharo inklusive 4 Hotel\u00fcbernachtungen f\u00fcr nur US$ 1.999 p.P. Dieses Angebot finden Sie sonst nirgendwo!","breadcrumb":{"@id":"https:\/\/www.expeditionkilimanjaro.com\/deutsch\/#breadcrumb"},"inLanguage":"en-GB","potentialAction":[{"@type":"ReadAction","target":["https:\/\/www.expeditionkilimanjaro.com\/deutsch\/"]}]},{"@type":"BreadcrumbList","@id":"https:\/\/www.expeditionkilimanjaro.com\/deutsch\/#breadcrumb","itemListElement":[{"@type":"ListItem","position":1,"name":"Home","item":"https:\/\/www.expeditionkilimanjaro.com\/deutsch\/"},{"@type":"ListItem","position":2,"name":"Besteige den Kilimandscharo Ein Abenteuer f\u00fcrs Leben!"}]},{"@type":"WebSite","@id":"https:\/\/www.expeditionkilimanjaro.com\/deutsch\/#website","url":"https:\/\/www.expeditionkilimanjaro.com\/deutsch\/","name":"Expedition Kilimanjaro - Besteige den Kilimandscharo, Afrikas h\u00f6chsten Berg!","description":"Das Abenteuer deines Lebens","publisher":{"@id":"https:\/\/www.expeditionkilimanjaro.com\/deutsch\/#organization"},"alternateName":"Ramon Stoppelenburg's Expedition Kilimanjaro","potentialAction":[{"@type":"SearchAction","target":{"@type":"EntryPoint","urlTemplate":"https:\/\/www.expeditionkilimanjaro.com\/deutsch\/?s={search_term_string}"},"query-input":"required name=search_term_string"}],"inLanguage":"en-GB"},{"@type":"Organization","@id":"https:\/\/www.expeditionkilimanjaro.com\/deutsch\/#organization","name":"Ramon Stoppelenburg's Expedition Kilimanjaro","alternateName":"Expedition Kilimanjaro Ltd.","url":"https:\/\/www.expeditionkilimanjaro.com\/deutsch\/","logo":{"@type":"ImageObject","inLanguage":"en-GB","@id":"https:\/\/www.expeditionkilimanjaro.com\/deutsch\/#\/schema\/logo\/image\/","url":"https:\/\/www.expeditionkilimanjaro.com\/deutsch\/wp-content\/uploads\/2023\/05\/logo-german-met-tekst.png","contentUrl":"https:\/\/www.expeditionkilimanjaro.com\/deutsch\/wp-content\/uploads\/2023\/05\/logo-german-met-tekst.png","width":517,"height":320,"caption":"Ramon Stoppelenburg's Expedition Kilimanjaro"},"image":{"@id":"https:\/\/www.expeditionkilimanjaro.com\/deutsch\/#\/schema\/logo\/image\/"},"sameAs":["https:\/\/www.facebook.com\/ExpeditionKilimanjaro"]}]}},"_links":{"self":[{"href":"https:\/\/www.expeditionkilimanjaro.com\/deutsch\/wp-json\/wp\/v2\/pages\/2","targetHints":{"allow":["GET"]}}],"collection":[{"href":"https:\/\/www.expeditionkilimanjaro.com\/deutsch\/wp-json\/wp\/v2\/pages"}],"about":[{"href":"https:\/\/www.expeditionkilimanjaro.com\/deutsch\/wp-json\/wp\/v2\/types\/page"}],"author":[{"embeddable":true,"href":"https:\/\/www.expeditionkilimanjaro.com\/deutsch\/wp-json\/wp\/v2\/users\/1"}],"replies":[{"embeddable":true,"href":"https:\/\/www.expeditionkilimanjaro.com\/deutsch\/wp-json\/wp\/v2\/comments?post=2"}],"version-history":[{"count":34,"href":"https:\/\/www.expeditionkilimanjaro.com\/deutsch\/wp-json\/wp\/v2\/pages\/2\/revisions"}],"predecessor-version":[{"id":246,"href":"https:\/\/www.expeditionkilimanjaro.com\/deutsch\/wp-json\/wp\/v2\/pages\/2\/revisions\/246"}],"wp:attachment":[{"href":"https:\/\/www.expeditionkilimanjaro.com\/deutsch\/wp-json\/wp\/v2\/media?parent=2"}],"curies":[{"name":"wp","href":"https:\/\/api.w.org\/{rel}","templated":true}]}}