{"id":111,"date":"2023-03-08T12:31:41","date_gmt":"2023-03-08T12:31:41","guid":{"rendered":"https:\/\/www.expeditionkilimanjaro.com\/deutsch\/?page_id=111"},"modified":"2023-03-08T12:55:28","modified_gmt":"2023-03-08T12:55:28","slug":"2-tage-safari","status":"publish","type":"page","link":"https:\/\/www.expeditionkilimanjaro.com\/deutsch\/2-tage-safari\/","title":{"rendered":"2-t\u00e4gige Safari zum Lake Manyara und dem Ngorongoro-Krater"},"content":{"rendered":"<p><strong>Tag 1: Lake Manyara National Park<\/strong><\/p>\n<p><img loading=\"lazy\" decoding=\"async\" class=\"alignnone  wp-image-3306\" src=\"https:\/\/www.expeditiekilimanjaro.nl\/wp-content\/uploads\/2023\/02\/lakemanyara2.jpg\" alt=\"\" width=\"803\" height=\"234\" \/><\/p>\n<p>Nach dem Fr\u00fchst\u00fcck im Hotel in Arusha fahren dein Fahrer und dein Reiseleiter mit dir zum Lake Manyara Nationalpark, wo du eine Wildtiersafari machst. Sp\u00e4ter am Abend f\u00e4hrst du zur friedlichen Nsya Lodge, wo du im Restaurant der Lodge ein leckeres Abendessen bekommst und in deinem eigenen Chalet \u00fcbernachtest. Probiere unbedingt die Au\u00dfendusche aus!<\/p>\n<p><strong>Tag 2: Ngorongoro-Krater<\/strong><\/p>\n<p><img loading=\"lazy\" decoding=\"async\" class=\"alignnone  wp-image-3305\" src=\"https:\/\/www.expeditiekilimanjaro.nl\/wp-content\/uploads\/2023\/02\/ngorongoro2.jpg\" alt=\"\" width=\"809\" height=\"242\" \/><\/p>\n<p>Fr\u00fchmorgens nach dem Fr\u00fchst\u00fcck f\u00e4hrt dich dein erfahrener Reiseleiter zum Ngorongoro-Naturreservat und steigt f\u00fcr eine Wildtiersafari in den riesigen Krater hinab.<\/p>\n<p>Sp\u00e4ter am Nachmittag, nach dem Mittagessen im Krater, f\u00e4hrst du zur\u00fcck zum Hotel in Arusha und \u00fcbernachtest dort.<\/p>\n<p><strong>Preis der 2-t\u00e4gigen Safari<\/strong><br \/>\nDiese 2-t\u00e4gige Safari ist f\u00fcr 799 US$ pro Person erh\u00e4ltlich (mindestens zwei Teilnehmer).<\/p>\n<p><strong>Buche diese Safari<\/strong><br \/>\nDu kannst ein beliebiges Datum f\u00fcr diese Safari w\u00e4hlen. Bitte kontaktiere mich, wenn du diese Safari zu deiner Expedition Kilimanjaro hinzuf\u00fcgen m\u00f6chtest.<\/p>\n<blockquote><p>&lt;&lt; <a href=\"https:\/\/www.expeditionkilimanjaro.com\/deutsch\/safari#ubersicht\">Zur\u00fcck zur Safari-\u00dcbersicht<\/a><br \/>\n&lt;&lt; <a href=\"https:\/\/www.expeditionkilimanjaro.com\/deutsch\/nationalparks\/\">Nationalparks \u00dcbersicht<\/a><\/p><\/blockquote>\n<p><img loading=\"lazy\" decoding=\"async\" class=\"aligncenter size-full wp-image-169\" src=\"https:\/\/www.expeditionkilimanjaro.com\/wp-content\/uploads\/2023\/02\/ngorongoro-crater.jpg\" alt=\"\" width=\"850\" height=\"466\" \/><\/p>\n","protected":false},"excerpt":{"rendered":"<p>Tag 1: Lake Manyara National Park Nach dem Fr\u00fchst\u00fcck im Hotel in Arusha fahren dein Fahrer und dein Reiseleiter mit dir zum Lake Manyara Nationalpark, wo du eine Wildtiersafari machst. Sp\u00e4ter am&#8230;<\/p>\n","protected":false},"author":1,"featured_media":0,"parent":0,"menu_order":0,"comment_status":"closed","ping_status":"closed","template":"","meta":{"footnotes":""},"class_list":["post-111","page","type-page","status-publish","hentry"],"yoast_head":"<!-- This site is optimized with the Yoast SEO plugin v20.12 - https:\/\/yoast.com\/wordpress\/plugins\/seo\/ -->\n<title>2-t\u00e4gige Safari zum Lake Manyara und dem Ngorongoro-Krater | Expedition Kilimanjaro - Besteige den Kilimandscharo, Afrikas h\u00f6chsten Berg!<\/title>\n<meta name=\"description\" content=\"Ramon Stoppelenburg offeriert eine 11-t\u00e4gige Besteigung des Kilimandscharo inklusive 4 Hotel\u00fcbernachtungen f\u00fcr nur US$ 1.999 p.P.. Dieses Angebot finden Sie sonst nirgendwo!\" \/>\n<meta name=\"robots\" content=\"index, follow, max-snippet:-1, max-image-preview:large, max-video-preview:-1\" \/>\n<link rel=\"canonical\" href=\"https:\/\/www.expeditionkilimanjaro.com\/deutsch\/2-tage-safari\/\" \/>\n<meta property=\"og:locale\" content=\"en_GB\" \/>\n<meta property=\"og:type\" content=\"article\" \/>\n<meta property=\"og:title\" content=\"2-t\u00e4gige Safari zum Lake Manyara und dem Ngorongoro-Krater | Expedition Kilimanjaro - Besteige den Kilimandscharo, Afrikas h\u00f6chsten Berg!\" \/>\n<meta property=\"og:description\" content=\"Ramon Stoppelenburg offeriert eine 11-t\u00e4gige Besteigung des Kilimandscharo inklusive 4 Hotel\u00fcbernachtungen f\u00fcr nur US$ 1.999 p.P.. Dieses Angebot finden Sie sonst nirgendwo!\" \/>\n<meta property=\"og:url\" content=\"https:\/\/www.expeditionkilimanjaro.com\/deutsch\/2-tage-safari\/\" \/>\n<meta property=\"og:site_name\" content=\"Expedition Kilimanjaro - Besteige den Kilimandscharo, Afrikas h\u00f6chsten Berg!\" \/>\n<meta property=\"article:publisher\" content=\"https:\/\/www.facebook.com\/ExpeditionKilimanjaro\" \/>\n<meta property=\"article:modified_time\" content=\"2023-03-08T12:55:28+00:00\" \/>\n<meta property=\"og:image\" content=\"https:\/\/www.expeditiekilimanjaro.nl\/wp-content\/uploads\/2023\/02\/lakemanyara2.jpg\" \/>\n<meta name=\"twitter:card\" content=\"summary_large_image\" \/>\n<meta name=\"twitter:label1\" content=\"Estimated reading time\" \/>\n\t<meta name=\"twitter:data1\" content=\"1 minute\" \/>\n<script type=\"application\/ld+json\" class=\"yoast-schema-graph\">{\"@context\":\"https:\/\/schema.org\",\"@graph\":[{\"@type\":\"WebPage\",\"@id\":\"https:\/\/www.expeditionkilimanjaro.com\/deutsch\/2-tage-safari\/\",\"url\":\"https:\/\/www.expeditionkilimanjaro.com\/deutsch\/2-tage-safari\/\",\"name\":\"2-t\u00e4gige Safari zum Lake Manyara und dem Ngorongoro-Krater | Expedition Kilimanjaro - Besteige den Kilimandscharo, Afrikas h\u00f6chsten Berg!\",\"isPartOf\":{\"@id\":\"https:\/\/www.expeditionkilimanjaro.com\/deutsch\/#website\"},\"datePublished\":\"2023-03-08T12:31:41+00:00\",\"dateModified\":\"2023-03-08T12:55:28+00:00\",\"description\":\"Ramon Stoppelenburg offeriert eine 11-t\u00e4gige Besteigung des Kilimandscharo inklusive 4 Hotel\u00fcbernachtungen f\u00fcr nur US$ 1.999 p.P.. Dieses Angebot finden Sie sonst nirgendwo!\",\"breadcrumb\":{\"@id\":\"https:\/\/www.expeditionkilimanjaro.com\/deutsch\/2-tage-safari\/#breadcrumb\"},\"inLanguage\":\"en-GB\",\"potentialAction\":[{\"@type\":\"ReadAction\",\"target\":[\"https:\/\/www.expeditionkilimanjaro.com\/deutsch\/2-tage-safari\/\"]}]},{\"@type\":\"BreadcrumbList\",\"@id\":\"https:\/\/www.expeditionkilimanjaro.com\/deutsch\/2-tage-safari\/#breadcrumb\",\"itemListElement\":[{\"@type\":\"ListItem\",\"position\":1,\"name\":\"Home\",\"item\":\"https:\/\/www.expeditionkilimanjaro.com\/deutsch\/\"},{\"@type\":\"ListItem\",\"position\":2,\"name\":\"2-t\u00e4gige Safari zum Lake Manyara und dem Ngorongoro-Krater\"}]},{\"@type\":\"WebSite\",\"@id\":\"https:\/\/www.expeditionkilimanjaro.com\/deutsch\/#website\",\"url\":\"https:\/\/www.expeditionkilimanjaro.com\/deutsch\/\",\"name\":\"Expedition Kilimanjaro - Besteige den Kilimandscharo, Afrikas h\u00f6chsten Berg!\",\"description\":\"Das Abenteuer deines Lebens\",\"publisher\":{\"@id\":\"https:\/\/www.expeditionkilimanjaro.com\/deutsch\/#organization\"},\"alternateName\":\"Ramon Stoppelenburg's Expedition Kilimanjaro\",\"potentialAction\":[{\"@type\":\"SearchAction\",\"target\":{\"@type\":\"EntryPoint\",\"urlTemplate\":\"https:\/\/www.expeditionkilimanjaro.com\/deutsch\/?s={search_term_string}\"},\"query-input\":\"required name=search_term_string\"}],\"inLanguage\":\"en-GB\"},{\"@type\":\"Organization\",\"@id\":\"https:\/\/www.expeditionkilimanjaro.com\/deutsch\/#organization\",\"name\":\"Ramon Stoppelenburg's Expedition Kilimanjaro\",\"alternateName\":\"Expedition Kilimanjaro Ltd.\",\"url\":\"https:\/\/www.expeditionkilimanjaro.com\/deutsch\/\",\"logo\":{\"@type\":\"ImageObject\",\"inLanguage\":\"en-GB\",\"@id\":\"https:\/\/www.expeditionkilimanjaro.com\/deutsch\/#\/schema\/logo\/image\/\",\"url\":\"https:\/\/www.expeditionkilimanjaro.com\/deutsch\/wp-content\/uploads\/2023\/05\/logo-german-met-tekst.png\",\"contentUrl\":\"https:\/\/www.expeditionkilimanjaro.com\/deutsch\/wp-content\/uploads\/2023\/05\/logo-german-met-tekst.png\",\"width\":517,\"height\":320,\"caption\":\"Ramon Stoppelenburg's Expedition Kilimanjaro\"},\"image\":{\"@id\":\"https:\/\/www.expeditionkilimanjaro.com\/deutsch\/#\/schema\/logo\/image\/\"},\"sameAs\":[\"https:\/\/www.facebook.com\/ExpeditionKilimanjaro\"]}]}<\/script>\n<!-- \/ Yoast SEO plugin. -->","yoast_head_json":{"title":"2-t\u00e4gige Safari zum Lake Manyara und dem Ngorongoro-Krater | Expedition Kilimanjaro - Besteige den Kilimandscharo, Afrikas h\u00f6chsten Berg!","description":"Ramon Stoppelenburg offeriert eine 11-t\u00e4gige Besteigung des Kilimandscharo inklusive 4 Hotel\u00fcbernachtungen f\u00fcr nur US$ 1.999 p.P.. Dieses Angebot finden Sie sonst nirgendwo!","robots":{"index":"index","follow":"follow","max-snippet":"max-snippet:-1","max-image-preview":"max-image-preview:large","max-video-preview":"max-video-preview:-1"},"canonical":"https:\/\/www.expeditionkilimanjaro.com\/deutsch\/2-tage-safari\/","og_locale":"en_GB","og_type":"article","og_title":"2-t\u00e4gige Safari zum Lake Manyara und dem Ngorongoro-Krater | Expedition Kilimanjaro - Besteige den Kilimandscharo, Afrikas h\u00f6chsten Berg!","og_description":"Ramon Stoppelenburg offeriert eine 11-t\u00e4gige Besteigung des Kilimandscharo inklusive 4 Hotel\u00fcbernachtungen f\u00fcr nur US$ 1.999 p.P.. Dieses Angebot finden Sie sonst nirgendwo!","og_url":"https:\/\/www.expeditionkilimanjaro.com\/deutsch\/2-tage-safari\/","og_site_name":"Expedition Kilimanjaro - Besteige den Kilimandscharo, Afrikas h\u00f6chsten Berg!","article_publisher":"https:\/\/www.facebook.com\/ExpeditionKilimanjaro","article_modified_time":"2023-03-08T12:55:28+00:00","og_image":[{"url":"https:\/\/www.expeditiekilimanjaro.nl\/wp-content\/uploads\/2023\/02\/lakemanyara2.jpg"}],"twitter_card":"summary_large_image","twitter_misc":{"Estimated reading time":"1 minute"},"schema":{"@context":"https:\/\/schema.org","@graph":[{"@type":"WebPage","@id":"https:\/\/www.expeditionkilimanjaro.com\/deutsch\/2-tage-safari\/","url":"https:\/\/www.expeditionkilimanjaro.com\/deutsch\/2-tage-safari\/","name":"2-t\u00e4gige Safari zum Lake Manyara und dem Ngorongoro-Krater | Expedition Kilimanjaro - Besteige den Kilimandscharo, Afrikas h\u00f6chsten Berg!","isPartOf":{"@id":"https:\/\/www.expeditionkilimanjaro.com\/deutsch\/#website"},"datePublished":"2023-03-08T12:31:41+00:00","dateModified":"2023-03-08T12:55:28+00:00","description":"Ramon Stoppelenburg offeriert eine 11-t\u00e4gige Besteigung des Kilimandscharo inklusive 4 Hotel\u00fcbernachtungen f\u00fcr nur US$ 1.999 p.P.. Dieses Angebot finden Sie sonst nirgendwo!","breadcrumb":{"@id":"https:\/\/www.expeditionkilimanjaro.com\/deutsch\/2-tage-safari\/#breadcrumb"},"inLanguage":"en-GB","potentialAction":[{"@type":"ReadAction","target":["https:\/\/www.expeditionkilimanjaro.com\/deutsch\/2-tage-safari\/"]}]},{"@type":"BreadcrumbList","@id":"https:\/\/www.expeditionkilimanjaro.com\/deutsch\/2-tage-safari\/#breadcrumb","itemListElement":[{"@type":"ListItem","position":1,"name":"Home","item":"https:\/\/www.expeditionkilimanjaro.com\/deutsch\/"},{"@type":"ListItem","position":2,"name":"2-t\u00e4gige Safari zum Lake Manyara und dem Ngorongoro-Krater"}]},{"@type":"WebSite","@id":"https:\/\/www.expeditionkilimanjaro.com\/deutsch\/#website","url":"https:\/\/www.expeditionkilimanjaro.com\/deutsch\/","name":"Expedition Kilimanjaro - Besteige den Kilimandscharo, Afrikas h\u00f6chsten Berg!","description":"Das Abenteuer deines Lebens","publisher":{"@id":"https:\/\/www.expeditionkilimanjaro.com\/deutsch\/#organization"},"alternateName":"Ramon Stoppelenburg's Expedition Kilimanjaro","potentialAction":[{"@type":"SearchAction","target":{"@type":"EntryPoint","urlTemplate":"https:\/\/www.expeditionkilimanjaro.com\/deutsch\/?s={search_term_string}"},"query-input":"required name=search_term_string"}],"inLanguage":"en-GB"},{"@type":"Organization","@id":"https:\/\/www.expeditionkilimanjaro.com\/deutsch\/#organization","name":"Ramon Stoppelenburg's Expedition Kilimanjaro","alternateName":"Expedition Kilimanjaro Ltd.","url":"https:\/\/www.expeditionkilimanjaro.com\/deutsch\/","logo":{"@type":"ImageObject","inLanguage":"en-GB","@id":"https:\/\/www.expeditionkilimanjaro.com\/deutsch\/#\/schema\/logo\/image\/","url":"https:\/\/www.expeditionkilimanjaro.com\/deutsch\/wp-content\/uploads\/2023\/05\/logo-german-met-tekst.png","contentUrl":"https:\/\/www.expeditionkilimanjaro.com\/deutsch\/wp-content\/uploads\/2023\/05\/logo-german-met-tekst.png","width":517,"height":320,"caption":"Ramon Stoppelenburg's Expedition Kilimanjaro"},"image":{"@id":"https:\/\/www.expeditionkilimanjaro.com\/deutsch\/#\/schema\/logo\/image\/"},"sameAs":["https:\/\/www.facebook.com\/ExpeditionKilimanjaro"]}]}},"_links":{"self":[{"href":"https:\/\/www.expeditionkilimanjaro.com\/deutsch\/wp-json\/wp\/v2\/pages\/111","targetHints":{"allow":["GET"]}}],"collection":[{"href":"https:\/\/www.expeditionkilimanjaro.com\/deutsch\/wp-json\/wp\/v2\/pages"}],"about":[{"href":"https:\/\/www.expeditionkilimanjaro.com\/deutsch\/wp-json\/wp\/v2\/types\/page"}],"author":[{"embeddable":true,"href":"https:\/\/www.expeditionkilimanjaro.com\/deutsch\/wp-json\/wp\/v2\/users\/1"}],"replies":[{"embeddable":true,"href":"https:\/\/www.expeditionkilimanjaro.com\/deutsch\/wp-json\/wp\/v2\/comments?post=111"}],"version-history":[{"count":4,"href":"https:\/\/www.expeditionkilimanjaro.com\/deutsch\/wp-json\/wp\/v2\/pages\/111\/revisions"}],"predecessor-version":[{"id":139,"href":"https:\/\/www.expeditionkilimanjaro.com\/deutsch\/wp-json\/wp\/v2\/pages\/111\/revisions\/139"}],"wp:attachment":[{"href":"https:\/\/www.expeditionkilimanjaro.com\/deutsch\/wp-json\/wp\/v2\/media?parent=111"}],"curies":[{"name":"wp","href":"https:\/\/api.w.org\/{rel}","templated":true}]}}